{"id":4731,"date":"2023-02-23T01:37:24","date_gmt":"2023-02-23T07:37:24","guid":{"rendered":"https:\/\/tecsecmty.com\/index.php\/producto\/saxxon-gra955b-bolsa-de-50-grapas-de-pared-color-blanco-diametro-6mm-con-clavo-de-3-4-para-concreto-de-alta-resistencia\/"},"modified":"2023-03-22T23:23:53","modified_gmt":"2023-03-23T05:23:53","slug":"saxxon-gra955b-bolsa-de-50-grapas-de-pared-color-blanco-diametro-6mm-con-clavo-de-3-4-para-concreto-de-alta-resistencia","status":"publish","type":"product","link":"https:\/\/tecsecmty.com\/index.php\/producto\/saxxon-gra955b-bolsa-de-50-grapas-de-pared-color-blanco-diametro-6mm-con-clavo-de-3-4-para-concreto-de-alta-resistencia\/","title":{"rendered":"SAXXON GRA955B &#8211; Bolsa de 50 grapas de pared\/ Color blanco\/Diametro: 6mm \/ Con clavo de 3\/4 para concreto de alta resistencia"},"content":{"rendered":"<h5 class=\"card-title text-center\">Informaci\u00f3n general.<\/h5>\n<p>Grapa para cable , permite sujetar cables de las instalaciones telef\u00f3nicas en los muros o techos, mediante su cuerpo de pl\u00e1stico con clavo para concreto de 3\/4 de pulgada integrado. El empaque contiene 50 piezas.<\/p>\n<p><img decoding=\"async\" class=\"overview-center-img-web\" src=\"https:\/\/tvc.mx\/media\/41274\/Banner.png\" alt=\"\" \/><\/p>\n<div class=\"col-md-5\"><img decoding=\"async\" class=\"d-block m-auto img-thumbnail\" src=\"https:\/\/tvc.mx\/media\/35207\/OVL1.png\" alt=\" \" \/><\/div>\n<div class=\"col-md-7 text-md-left text-center\">\n<h2>Caracteristicas.<\/h2>\n<p class=\"text-muted\">\n<ul>\n<li>Clavo: 18 mm (3\/4\u201c) de alta resistencia para concreto<\/li>\n<li>Di\u00e1metro: 6 mm<\/li>\n<\/ul>\n<\/div>\n","protected":false},"excerpt":{"rendered":"<p>Informaci\u00f3n general. Grapa para cable , permite sujetar cables de las instalaciones telef\u00f3nicas en los muros o techos, mediante su cuerpo de pl\u00e1stico con clavo para concreto de 3\/4 de pulgada integrado. El empaque contiene 50 piezas. Caracteristicas. Clavo: 18 mm (3\/4\u201c) de alta resistencia&hellip;<\/p>\n","protected":false},"featured_media":4730,"comment_status":"open","ping_status":"closed","template":"","meta":{"om_disable_all_campaigns":false,"_monsterinsights_skip_tracking":false,"_monsterinsights_sitenote_active":false,"_monsterinsights_sitenote_note":"","_monsterinsights_sitenote_category":0},"product_brand":[],"product_cat":[387],"product_tag":[343,341,339,346,347,350,348,179,344,349,340,351,345,352,342],"class_list":{"0":"post-4731","1":"product","2":"type-product","3":"status-publish","4":"has-post-thumbnail","6":"product_cat-canaletas-y-fijacion","7":"product_tag-antiincendio","8":"product_tag-cable-anti-incendio","9":"product_tag-cables-estructurado","10":"product_tag-canaletas","11":"product_tag-charolas","12":"product_tag-conectores","13":"product_tag-fibra-optica","14":"product_tag-gabinetes","15":"product_tag-hdmi","16":"product_tag-jacks","17":"product_tag-patch-cord","18":"product_tag-racks","19":"product_tag-siameses","20":"product_tag-tierra-fisica","21":"product_tag-utp","23":"first","24":"instock","25":"sale","26":"taxable","27":"shipping-taxable","28":"purchasable","29":"product-type-simple"},"aioseo_notices":[],"_links":{"self":[{"href":"https:\/\/tecsecmty.com\/index.php\/wp-json\/wp\/v2\/product\/4731","targetHints":{"allow":["GET"]}}],"collection":[{"href":"https:\/\/tecsecmty.com\/index.php\/wp-json\/wp\/v2\/product"}],"about":[{"href":"https:\/\/tecsecmty.com\/index.php\/wp-json\/wp\/v2\/types\/product"}],"replies":[{"embeddable":true,"href":"https:\/\/tecsecmty.com\/index.php\/wp-json\/wp\/v2\/comments?post=4731"}],"version-history":[{"count":0,"href":"https:\/\/tecsecmty.com\/index.php\/wp-json\/wp\/v2\/product\/4731\/revisions"}],"wp:featuredmedia":[{"embeddable":true,"href":"https:\/\/tecsecmty.com\/index.php\/wp-json\/wp\/v2\/media\/4730"}],"wp:attachment":[{"href":"https:\/\/tecsecmty.com\/index.php\/wp-json\/wp\/v2\/media?parent=4731"}],"wp:term":[{"taxonomy":"product_brand","embeddable":true,"href":"https:\/\/tecsecmty.com\/index.php\/wp-json\/wp\/v2\/product_brand?post=4731"},{"taxonomy":"product_cat","embeddable":true,"href":"https:\/\/tecsecmty.com\/index.php\/wp-json\/wp\/v2\/product_cat?post=4731"},{"taxonomy":"product_tag","embeddable":true,"href":"https:\/\/tecsecmty.com\/index.php\/wp-json\/wp\/v2\/product_tag?post=4731"}],"curies":[{"name":"wp","href":"https:\/\/api.w.org\/{rel}","templated":true}]}}