{"id":4759,"date":"2023-02-23T01:37:56","date_gmt":"2023-02-23T07:37:56","guid":{"rendered":"https:\/\/tecsecmty.com\/index.php\/producto\/intellinet-168458-organizador-cables-19-2u-plastico\/"},"modified":"2023-03-22T23:23:32","modified_gmt":"2023-03-23T05:23:32","slug":"intellinet-168458-organizador-cables-19-2u-plastico","status":"publish","type":"product","link":"https:\/\/tecsecmty.com\/index.php\/producto\/intellinet-168458-organizador-cables-19-2u-plastico\/","title":{"rendered":"INTELLINET 168458 &#8211; Organizador Cables 19&#8243;\/ 2U \/ pl\u00e1stico"},"content":{"rendered":"<h5 class=\"card-title text-center\">Informaci\u00f3n General<\/h5>\n<p class=\"ql-align-justify\">La organizaci\u00f3n de cable es la clave para la organizaci\u00f3n en racks para redes o servidores. Los Organizadores de 19&#8243; para Cable de INTELLINET logran un orden y coordinaci\u00f3n \u00f3ptimos, y aseguran el mejor flujo de aire a tu equipo. Este sistema emplea alivio de tensi\u00f3n para el cable, incrementando la longevidad de tu equipo de red y servidores. Niveles \u00f3ptimos de organizaci\u00f3n y ayuda en el flujo de aire.<\/p>\n<ul>\n<li class=\"ql-align-justify\">2U de altura de instalaci\u00f3n<\/li>\n<li>Rieles de doble cara y orificios en la parte trasera para facilitar la separacion y enrutamiento de cables<\/li>\n<li>Cubierta removible para agregar o quitar cables r\u00e1pidamente<\/li>\n<li>Alivio de tension de cables pra incrementar la vida del servidor y el equipo de red<\/li>\n<li>Adecuado para Gabinetes de Red y Servidores, as\u00ed como para racks abiertos de 2 y 4 postes<\/li>\n<li>3 a\u00f1os de Garant\u00eda<\/li>\n<\/ul>\n<p><img decoding=\"async\" class=\"overview-center-img-web\" src=\"https:\/\/tvc.mx\/media\/260787\/Organizador-De-Cable-19-Montaje-En-Rack-Intellinet-168458-2.png\" alt=\"\" \/><\/p>\n","protected":false},"excerpt":{"rendered":"<p>Informaci\u00f3n General La organizaci\u00f3n de cable es la clave para la organizaci\u00f3n en racks para redes o servidores. Los Organizadores de 19&#8243; para Cable de INTELLINET logran un orden y coordinaci\u00f3n \u00f3ptimos, y aseguran el mejor flujo de aire a tu equipo. Este sistema emplea&hellip;<\/p>\n","protected":false},"featured_media":4758,"comment_status":"open","ping_status":"closed","template":"","meta":{"om_disable_all_campaigns":false,"_monsterinsights_skip_tracking":false,"_monsterinsights_sitenote_active":false,"_monsterinsights_sitenote_note":"","_monsterinsights_sitenote_category":0},"product_brand":[],"product_cat":[389],"product_tag":[343,341,339,346,347,350,348,179,344,349,340,351,345,352,342],"class_list":{"0":"post-4759","1":"product","2":"type-product","3":"status-publish","4":"has-post-thumbnail","6":"product_cat-charolas-y-organizadores","7":"product_tag-antiincendio","8":"product_tag-cable-anti-incendio","9":"product_tag-cables-estructurado","10":"product_tag-canaletas","11":"product_tag-charolas","12":"product_tag-conectores","13":"product_tag-fibra-optica","14":"product_tag-gabinetes","15":"product_tag-hdmi","16":"product_tag-jacks","17":"product_tag-patch-cord","18":"product_tag-racks","19":"product_tag-siameses","20":"product_tag-tierra-fisica","21":"product_tag-utp","23":"first","24":"instock","25":"sale","26":"taxable","27":"shipping-taxable","28":"purchasable","29":"product-type-simple"},"aioseo_notices":[],"_links":{"self":[{"href":"https:\/\/tecsecmty.com\/index.php\/wp-json\/wp\/v2\/product\/4759","targetHints":{"allow":["GET"]}}],"collection":[{"href":"https:\/\/tecsecmty.com\/index.php\/wp-json\/wp\/v2\/product"}],"about":[{"href":"https:\/\/tecsecmty.com\/index.php\/wp-json\/wp\/v2\/types\/product"}],"replies":[{"embeddable":true,"href":"https:\/\/tecsecmty.com\/index.php\/wp-json\/wp\/v2\/comments?post=4759"}],"version-history":[{"count":0,"href":"https:\/\/tecsecmty.com\/index.php\/wp-json\/wp\/v2\/product\/4759\/revisions"}],"wp:featuredmedia":[{"embeddable":true,"href":"https:\/\/tecsecmty.com\/index.php\/wp-json\/wp\/v2\/media\/4758"}],"wp:attachment":[{"href":"https:\/\/tecsecmty.com\/index.php\/wp-json\/wp\/v2\/media?parent=4759"}],"wp:term":[{"taxonomy":"product_brand","embeddable":true,"href":"https:\/\/tecsecmty.com\/index.php\/wp-json\/wp\/v2\/product_brand?post=4759"},{"taxonomy":"product_cat","embeddable":true,"href":"https:\/\/tecsecmty.com\/index.php\/wp-json\/wp\/v2\/product_cat?post=4759"},{"taxonomy":"product_tag","embeddable":true,"href":"https:\/\/tecsecmty.com\/index.php\/wp-json\/wp\/v2\/product_tag?post=4759"}],"curies":[{"name":"wp","href":"https:\/\/api.w.org\/{rel}","templated":true}]}}