{"id":4768,"date":"2023-02-23T01:38:00","date_gmt":"2023-02-23T07:38:00","guid":{"rendered":"https:\/\/tecsecmty.com\/index.php\/producto\/intellinet-714341-panel-tapa-ciega-2u-sin-herramienta-metal\/"},"modified":"2023-03-22T23:23:35","modified_gmt":"2023-03-23T05:23:35","slug":"intellinet-714341-panel-tapa-ciega-2u-sin-herramienta-metal","status":"publish","type":"product","link":"https:\/\/tecsecmty.com\/index.php\/producto\/intellinet-714341-panel-tapa-ciega-2u-sin-herramienta-metal\/","title":{"rendered":"INTELLINET 714341 &#8211; Panel Tapa Ciega \/ 2U \/ Sin Herramienta \/ Metal"},"content":{"rendered":"<h5 class=\"card-title text-center\">Informaci\u00f3n General<\/h5>\n<p>Las tapas ciegas de Intellinet que no requieren herramienta aseguran una r\u00e1pida instalaci\u00f3n y ayudan a un flujo de aire continuo a trav\u00e9s del gabinete. Dise\u00f1o\u00a0que no requiere herramienta ideal para gabinete est\u00e1ndar o rack de 19&#8243;.<\/p>\n<ul>\n<li>Instalaci\u00f3n r\u00e1pida<\/li>\n<li>Ocupa 2U de montaje en rack<\/li>\n<li>Para montaje en rack est\u00e1ndar de 19&#8243;<\/li>\n<li>Acero laminado<\/li>\n<li>Negro RAL9005<\/li>\n<li>Tres a\u00f1os de garant\u00eda<\/li>\n<\/ul>\n<p><img decoding=\"async\" class=\"overview-center-img-web\" src=\"https:\/\/tvc.mx\/media\/261187\/Tapa-Ciega-19-Para-Gabinete-Intellinet-2UR-714341-2.png\" alt=\"\" \/><\/p>\n","protected":false},"excerpt":{"rendered":"<p>Informaci\u00f3n General Las tapas ciegas de Intellinet que no requieren herramienta aseguran una r\u00e1pida instalaci\u00f3n y ayudan a un flujo de aire continuo a trav\u00e9s del gabinete. Dise\u00f1o\u00a0que no requiere herramienta ideal para gabinete est\u00e1ndar o rack de 19&#8243;. Instalaci\u00f3n r\u00e1pida Ocupa 2U de montaje&hellip;<\/p>\n","protected":false},"featured_media":4767,"comment_status":"open","ping_status":"closed","template":"","meta":{"om_disable_all_campaigns":false,"_monsterinsights_skip_tracking":false,"_monsterinsights_sitenote_active":false,"_monsterinsights_sitenote_note":"","_monsterinsights_sitenote_category":0},"product_brand":[],"product_cat":[389],"product_tag":[343,341,339,346,347,350,348,179,344,349,340,351,345,352,342],"class_list":{"0":"post-4768","1":"product","2":"type-product","3":"status-publish","4":"has-post-thumbnail","6":"product_cat-charolas-y-organizadores","7":"product_tag-antiincendio","8":"product_tag-cable-anti-incendio","9":"product_tag-cables-estructurado","10":"product_tag-canaletas","11":"product_tag-charolas","12":"product_tag-conectores","13":"product_tag-fibra-optica","14":"product_tag-gabinetes","15":"product_tag-hdmi","16":"product_tag-jacks","17":"product_tag-patch-cord","18":"product_tag-racks","19":"product_tag-siameses","20":"product_tag-tierra-fisica","21":"product_tag-utp","23":"first","24":"instock","25":"sale","26":"taxable","27":"shipping-taxable","28":"purchasable","29":"product-type-simple"},"aioseo_notices":[],"_links":{"self":[{"href":"https:\/\/tecsecmty.com\/index.php\/wp-json\/wp\/v2\/product\/4768","targetHints":{"allow":["GET"]}}],"collection":[{"href":"https:\/\/tecsecmty.com\/index.php\/wp-json\/wp\/v2\/product"}],"about":[{"href":"https:\/\/tecsecmty.com\/index.php\/wp-json\/wp\/v2\/types\/product"}],"replies":[{"embeddable":true,"href":"https:\/\/tecsecmty.com\/index.php\/wp-json\/wp\/v2\/comments?post=4768"}],"version-history":[{"count":0,"href":"https:\/\/tecsecmty.com\/index.php\/wp-json\/wp\/v2\/product\/4768\/revisions"}],"wp:featuredmedia":[{"embeddable":true,"href":"https:\/\/tecsecmty.com\/index.php\/wp-json\/wp\/v2\/media\/4767"}],"wp:attachment":[{"href":"https:\/\/tecsecmty.com\/index.php\/wp-json\/wp\/v2\/media?parent=4768"}],"wp:term":[{"taxonomy":"product_brand","embeddable":true,"href":"https:\/\/tecsecmty.com\/index.php\/wp-json\/wp\/v2\/product_brand?post=4768"},{"taxonomy":"product_cat","embeddable":true,"href":"https:\/\/tecsecmty.com\/index.php\/wp-json\/wp\/v2\/product_cat?post=4768"},{"taxonomy":"product_tag","embeddable":true,"href":"https:\/\/tecsecmty.com\/index.php\/wp-json\/wp\/v2\/product_tag?post=4768"}],"curies":[{"name":"wp","href":"https:\/\/api.w.org\/{rel}","templated":true}]}}