{"id":4778,"date":"2023-02-23T01:38:14","date_gmt":"2023-02-23T07:38:14","guid":{"rendered":"https:\/\/tecsecmty.com\/index.php\/producto\/saxxon-70060100-tapa-ciega-de-1-unidad-de-rack-medidas-de-482-mm-de-ancho-19-x-44-mm-de-profundidad-metalica\/"},"modified":"2023-03-22T23:23:49","modified_gmt":"2023-03-23T05:23:49","slug":"saxxon-70060100-tapa-ciega-de-1-unidad-de-rack-medidas-de-482-mm-de-ancho-19-x-44-mm-de-profundidad-metalica","status":"publish","type":"product","link":"https:\/\/tecsecmty.com\/index.php\/producto\/saxxon-70060100-tapa-ciega-de-1-unidad-de-rack-medidas-de-482-mm-de-ancho-19-x-44-mm-de-profundidad-metalica\/","title":{"rendered":"SAXXON 70060100- Tapa ciega de 1 Unidad de Rack\/ Medidas de 482 mm de ancho (19&#8243;) x 44 mm de profundidad\/ Metalica"},"content":{"rendered":"<h5 class=\"card-title text-center\">Informaci\u00f3n general.<\/h5>\n<p>\u2022Para cualquier instalaci\u00f3n en Rack de 19\u201d.<\/p>\n<p>\u2022Est\u00e9tica y protecci\u00f3n para su equipo Instalado.<\/p>\n<p><strong>Caracter\u00edsticas F\u00edsicas:<\/strong><\/p>\n<p>\u2022Pintura: Negra Electrost\u00e1tica.<\/p>\n<p>\u2022Aplicaci\u00f3n: Interior.<\/p>\n<p>\u2022Material: Acero de Primera calidad cal. 14.<\/p>\n<p>\u2022Unidades Rack: 1<\/p>\n<p>\u2022 Peso: 0.95 Kg.<\/p>\n<p><img decoding=\"async\" class=\"overview-center-img-web\" src=\"https:\/\/tvc.mx\/media\/34803\/banner.png\" alt=\"\" \/><\/p>\n","protected":false},"excerpt":{"rendered":"<p>Informaci\u00f3n general. \u2022Para cualquier instalaci\u00f3n en Rack de 19\u201d. \u2022Est\u00e9tica y protecci\u00f3n para su equipo Instalado. Caracter\u00edsticas F\u00edsicas: \u2022Pintura: Negra Electrost\u00e1tica. \u2022Aplicaci\u00f3n: Interior. \u2022Material: Acero de Primera calidad cal. 14. \u2022Unidades Rack: 1 \u2022 Peso: 0.95 Kg.<\/p>\n","protected":false},"featured_media":4777,"comment_status":"open","ping_status":"closed","template":"","meta":{"om_disable_all_campaigns":false,"_monsterinsights_skip_tracking":false,"_monsterinsights_sitenote_active":false,"_monsterinsights_sitenote_note":"","_monsterinsights_sitenote_category":0},"product_brand":[],"product_cat":[390],"product_tag":[343,341,339,346,347,350,348,179,344,349,340,351,345,352,342],"class_list":{"0":"post-4778","1":"product","2":"type-product","3":"status-publish","4":"has-post-thumbnail","6":"product_cat-charolas-y-organizadores-saxxon-cableado-estructurado","7":"product_tag-antiincendio","8":"product_tag-cable-anti-incendio","9":"product_tag-cables-estructurado","10":"product_tag-canaletas","11":"product_tag-charolas","12":"product_tag-conectores","13":"product_tag-fibra-optica","14":"product_tag-gabinetes","15":"product_tag-hdmi","16":"product_tag-jacks","17":"product_tag-patch-cord","18":"product_tag-racks","19":"product_tag-siameses","20":"product_tag-tierra-fisica","21":"product_tag-utp","23":"first","24":"instock","25":"sale","26":"taxable","27":"shipping-taxable","28":"purchasable","29":"product-type-simple"},"aioseo_notices":[],"_links":{"self":[{"href":"https:\/\/tecsecmty.com\/index.php\/wp-json\/wp\/v2\/product\/4778","targetHints":{"allow":["GET"]}}],"collection":[{"href":"https:\/\/tecsecmty.com\/index.php\/wp-json\/wp\/v2\/product"}],"about":[{"href":"https:\/\/tecsecmty.com\/index.php\/wp-json\/wp\/v2\/types\/product"}],"replies":[{"embeddable":true,"href":"https:\/\/tecsecmty.com\/index.php\/wp-json\/wp\/v2\/comments?post=4778"}],"version-history":[{"count":0,"href":"https:\/\/tecsecmty.com\/index.php\/wp-json\/wp\/v2\/product\/4778\/revisions"}],"wp:featuredmedia":[{"embeddable":true,"href":"https:\/\/tecsecmty.com\/index.php\/wp-json\/wp\/v2\/media\/4777"}],"wp:attachment":[{"href":"https:\/\/tecsecmty.com\/index.php\/wp-json\/wp\/v2\/media?parent=4778"}],"wp:term":[{"taxonomy":"product_brand","embeddable":true,"href":"https:\/\/tecsecmty.com\/index.php\/wp-json\/wp\/v2\/product_brand?post=4778"},{"taxonomy":"product_cat","embeddable":true,"href":"https:\/\/tecsecmty.com\/index.php\/wp-json\/wp\/v2\/product_cat?post=4778"},{"taxonomy":"product_tag","embeddable":true,"href":"https:\/\/tecsecmty.com\/index.php\/wp-json\/wp\/v2\/product_tag?post=4778"}],"curies":[{"name":"wp","href":"https:\/\/api.w.org\/{rel}","templated":true}]}}