{"id":4786,"date":"2023-02-23T01:38:25","date_gmt":"2023-02-23T07:38:25","guid":{"rendered":"https:\/\/tecsecmty.com\/index.php\/producto\/saxxon-70140204-charola-ventilada-para-monitor-medidas-19-de-ancho-x-14-pulgadas-de-profundidad-2-ur-soporta-22-kg-acero\/"},"modified":"2023-03-22T23:23:49","modified_gmt":"2023-03-23T05:23:49","slug":"saxxon-70140204-charola-ventilada-para-monitor-medidas-19-de-ancho-x-14-pulgadas-de-profundidad-2-ur-soporta-22-kg-acero","status":"publish","type":"product","link":"https:\/\/tecsecmty.com\/index.php\/producto\/saxxon-70140204-charola-ventilada-para-monitor-medidas-19-de-ancho-x-14-pulgadas-de-profundidad-2-ur-soporta-22-kg-acero\/","title":{"rendered":"SAXXON 70140204- Charola ventilada para monitor\/ Medidas 19 de ancho x 14 pulgadas de profundidad\/ 2 UR\/ Soporta 22 KG\/ Acero"},"content":{"rendered":"<h5 class=\"card-title text-center\">Informaci\u00f3n general.<\/h5>\n<p>La charola de monitor ventilada brinda apoyo al equipamiento y proporciona un gran soporte para contener distintos equipos de comunicaciones. Su sistema de montaje hace que su instalaci\u00f3n sea un proceso sencillo, adem\u00e1s de facilitar la administraci\u00f3n y distribuci\u00f3n de los diferentes dispositivos alojados en los racks. Su dise\u00f1o est\u00e1 pensado para que sea de larga duraci\u00f3n, y sus excelentes acabados la hacen un grandioso complemento. La charola de monitor ventilada es de 2 Unidades de Rack (Universal Hole Pattern) de acuerdo al est\u00e1ndar EIA en un ancho de 19\u201d. Fabricada en acero calibre 18.<\/p>\n<p><strong>Caracter\u00edsticas y Beneficios<\/strong>\u00a0Montaje \u2013 Charola para montaje en rack tipo cantil\u00e9ver con est\u00e1ndares de 2\u201dde ancho. Ventilacio\u0301n \u2013 La charola cuenta con perforaciones para la \u00f3ptima circulaci\u00f3n del aire y ventilaci\u00f3n de su equipo. Capacidad de carga \u2013 La charola de monitor ventilada tiene una capacidad de carga de 22 kg.<\/p>\n<p><strong>Informaci\u00f3n T\u00e9cnica<\/strong>\u00a0Tipo de acero \u2013 SAE 1010 en su totalidad calibre 18. Pintura \u2013 Pintado en color negro liso mediante proceso electrost\u00e1tico de pintura en polvo con una base poli\u00e9ster de 5 pasos: desengrase, enjuague, fosfato de hierro, enjuague y sellador.<\/p>\n<p>Esta\u0301ndares \u2013 Cumple los requerimientos espec\u00edficos por EIA en el est\u00e1ndar ECA\/EIA-310-E.<\/p>\n<p><strong>Aplicaciones<\/strong>\u00a0Las charolas Saxxon, proveen una base s\u00f3lida para el montaje de su equipo y facilita el mantenimiento del mismo.<\/p>\n<h1>Incluye un juego de 4 tuercas enjauladas junto a 4 tornillos especialmente dise\u00f1ados para colocar correctamente su charola.<\/h1>\n<p><img decoding=\"async\" class=\"overview-center-img-web\" src=\"https:\/\/tvc.mx\/media\/34783\/banner.png\" alt=\"\" \/><\/p>\n","protected":false},"excerpt":{"rendered":"<p>Informaci\u00f3n general. La charola de monitor ventilada brinda apoyo al equipamiento y proporciona un gran soporte para contener distintos equipos de comunicaciones. Su sistema de montaje hace que su instalaci\u00f3n sea un proceso sencillo, adem\u00e1s de facilitar la administraci\u00f3n y distribuci\u00f3n de los diferentes dispositivos&hellip;<\/p>\n","protected":false},"featured_media":4785,"comment_status":"open","ping_status":"closed","template":"","meta":{"om_disable_all_campaigns":false,"_monsterinsights_skip_tracking":false,"_monsterinsights_sitenote_active":false,"_monsterinsights_sitenote_note":"","_monsterinsights_sitenote_category":0},"product_brand":[],"product_cat":[390],"product_tag":[343,341,339,346,347,350,348,179,344,349,340,351,345,352,342],"class_list":{"0":"post-4786","1":"product","2":"type-product","3":"status-publish","4":"has-post-thumbnail","6":"product_cat-charolas-y-organizadores-saxxon-cableado-estructurado","7":"product_tag-antiincendio","8":"product_tag-cable-anti-incendio","9":"product_tag-cables-estructurado","10":"product_tag-canaletas","11":"product_tag-charolas","12":"product_tag-conectores","13":"product_tag-fibra-optica","14":"product_tag-gabinetes","15":"product_tag-hdmi","16":"product_tag-jacks","17":"product_tag-patch-cord","18":"product_tag-racks","19":"product_tag-siameses","20":"product_tag-tierra-fisica","21":"product_tag-utp","23":"first","24":"instock","25":"sale","26":"taxable","27":"shipping-taxable","28":"purchasable","29":"product-type-simple"},"aioseo_notices":[],"_links":{"self":[{"href":"https:\/\/tecsecmty.com\/index.php\/wp-json\/wp\/v2\/product\/4786","targetHints":{"allow":["GET"]}}],"collection":[{"href":"https:\/\/tecsecmty.com\/index.php\/wp-json\/wp\/v2\/product"}],"about":[{"href":"https:\/\/tecsecmty.com\/index.php\/wp-json\/wp\/v2\/types\/product"}],"replies":[{"embeddable":true,"href":"https:\/\/tecsecmty.com\/index.php\/wp-json\/wp\/v2\/comments?post=4786"}],"version-history":[{"count":0,"href":"https:\/\/tecsecmty.com\/index.php\/wp-json\/wp\/v2\/product\/4786\/revisions"}],"wp:featuredmedia":[{"embeddable":true,"href":"https:\/\/tecsecmty.com\/index.php\/wp-json\/wp\/v2\/media\/4785"}],"wp:attachment":[{"href":"https:\/\/tecsecmty.com\/index.php\/wp-json\/wp\/v2\/media?parent=4786"}],"wp:term":[{"taxonomy":"product_brand","embeddable":true,"href":"https:\/\/tecsecmty.com\/index.php\/wp-json\/wp\/v2\/product_brand?post=4786"},{"taxonomy":"product_cat","embeddable":true,"href":"https:\/\/tecsecmty.com\/index.php\/wp-json\/wp\/v2\/product_cat?post=4786"},{"taxonomy":"product_tag","embeddable":true,"href":"https:\/\/tecsecmty.com\/index.php\/wp-json\/wp\/v2\/product_tag?post=4786"}],"curies":[{"name":"wp","href":"https:\/\/api.w.org\/{rel}","templated":true}]}}