{"id":4796,"date":"2023-02-23T01:38:35","date_gmt":"2023-02-23T07:38:35","guid":{"rendered":"https:\/\/tecsecmty.com\/index.php\/producto\/sbe-ov20urs-organizador-de-cable-vertical-3-5-20-ur-sencillo-con-canal-3-x-3\/"},"modified":"2023-03-22T23:24:10","modified_gmt":"2023-03-23T05:24:10","slug":"sbe-ov20urs-organizador-de-cable-vertical-3-5-20-ur-sencillo-con-canal-3-x-3","status":"publish","type":"product","link":"https:\/\/tecsecmty.com\/index.php\/producto\/sbe-ov20urs-organizador-de-cable-vertical-3-5-20-ur-sencillo-con-canal-3-x-3\/","title":{"rendered":"SBE OV20URS- Organizador de cable vertical 3.5 20 UR sencillo, con canal 3&#8243; x 3&#8243;"},"content":{"rendered":"<h5 class=\"card-title text-center\">Informaci\u00f3n General<\/h5>\n<p>El modelo SBE-OV2URS, es un organizador de cables en forma vertical para rack, dise\u00f1ado en pl\u00e1stico para evitar la interferencia entre metales y los hilos de los cables.<\/p>\n<ul>\n<li>Compatible para cualquier rack de piso<\/li>\n<li>Organizador vertical sencillo 20UR (3.5pies).<\/li>\n<li>Color negro.<\/li>\n<li>Canal de 3&#8243;<\/li>\n<\/ul>\n<p><img decoding=\"async\" class=\"overview-center-img-web\" src=\"https:\/\/tvc.mx\/media\/295647\/Organizador-De-Cable-Vertical-20UR-Sencillo-Con-Canal-3x3-SBEOV20URS-Sbetech-2.png\" alt=\"\" \/><\/p>\n","protected":false},"excerpt":{"rendered":"<p>Informaci\u00f3n General El modelo SBE-OV2URS, es un organizador de cables en forma vertical para rack, dise\u00f1ado en pl\u00e1stico para evitar la interferencia entre metales y los hilos de los cables. Compatible para cualquier rack de piso Organizador vertical sencillo 20UR (3.5pies). Color negro. Canal de&hellip;<\/p>\n","protected":false},"featured_media":4795,"comment_status":"open","ping_status":"closed","template":"","meta":{"om_disable_all_campaigns":false,"_monsterinsights_skip_tracking":false,"_monsterinsights_sitenote_active":false,"_monsterinsights_sitenote_note":"","_monsterinsights_sitenote_category":0},"product_brand":[],"product_cat":[391],"product_tag":[343,341,339,346,347,350,348,179,344,349,340,351,345,352,342],"class_list":{"0":"post-4796","1":"product","2":"type-product","3":"status-publish","4":"has-post-thumbnail","6":"product_cat-charolas-y-organizadores-sbe-tech","7":"product_tag-antiincendio","8":"product_tag-cable-anti-incendio","9":"product_tag-cables-estructurado","10":"product_tag-canaletas","11":"product_tag-charolas","12":"product_tag-conectores","13":"product_tag-fibra-optica","14":"product_tag-gabinetes","15":"product_tag-hdmi","16":"product_tag-jacks","17":"product_tag-patch-cord","18":"product_tag-racks","19":"product_tag-siameses","20":"product_tag-tierra-fisica","21":"product_tag-utp","23":"first","24":"instock","25":"sale","26":"taxable","27":"shipping-taxable","28":"purchasable","29":"product-type-simple"},"aioseo_notices":[],"_links":{"self":[{"href":"https:\/\/tecsecmty.com\/index.php\/wp-json\/wp\/v2\/product\/4796","targetHints":{"allow":["GET"]}}],"collection":[{"href":"https:\/\/tecsecmty.com\/index.php\/wp-json\/wp\/v2\/product"}],"about":[{"href":"https:\/\/tecsecmty.com\/index.php\/wp-json\/wp\/v2\/types\/product"}],"replies":[{"embeddable":true,"href":"https:\/\/tecsecmty.com\/index.php\/wp-json\/wp\/v2\/comments?post=4796"}],"version-history":[{"count":0,"href":"https:\/\/tecsecmty.com\/index.php\/wp-json\/wp\/v2\/product\/4796\/revisions"}],"wp:featuredmedia":[{"embeddable":true,"href":"https:\/\/tecsecmty.com\/index.php\/wp-json\/wp\/v2\/media\/4795"}],"wp:attachment":[{"href":"https:\/\/tecsecmty.com\/index.php\/wp-json\/wp\/v2\/media?parent=4796"}],"wp:term":[{"taxonomy":"product_brand","embeddable":true,"href":"https:\/\/tecsecmty.com\/index.php\/wp-json\/wp\/v2\/product_brand?post=4796"},{"taxonomy":"product_cat","embeddable":true,"href":"https:\/\/tecsecmty.com\/index.php\/wp-json\/wp\/v2\/product_cat?post=4796"},{"taxonomy":"product_tag","embeddable":true,"href":"https:\/\/tecsecmty.com\/index.php\/wp-json\/wp\/v2\/product_tag?post=4796"}],"curies":[{"name":"wp","href":"https:\/\/api.w.org\/{rel}","templated":true}]}}