{"id":4800,"date":"2023-02-23T01:38:38","date_gmt":"2023-02-23T07:38:38","guid":{"rendered":"https:\/\/tecsecmty.com\/index.php\/producto\/sbe-tech-sbe-ovnl45ur-organizador-de-cable-vertica-45-ur-doble-lado-frontal-y-posterior\/"},"modified":"2023-03-22T23:24:12","modified_gmt":"2023-03-23T05:24:12","slug":"sbe-tech-sbe-ovnl45ur-organizador-de-cable-vertica-45-ur-doble-lado-frontal-y-posterior","status":"publish","type":"product","link":"https:\/\/tecsecmty.com\/index.php\/producto\/sbe-tech-sbe-ovnl45ur-organizador-de-cable-vertica-45-ur-doble-lado-frontal-y-posterior\/","title":{"rendered":"SBE TECH SBE-OVNL45UR Organizador de cable vertica \/ 45 ur \/ Doble lado \/ Frontal y Posterior"},"content":{"rendered":"<h5 class=\"card-title text-center\">Informaci\u00f3n general<\/h5>\n<p><strong>ESPECIFICACIONES<\/strong><\/p>\n<p>Ranuras de ducto con amplio radio de curvatura de 1\u201d, que permite una mayor protecci\u00f3n a los cables<\/p>\n<p>Material: PVC negro<\/p>\n<p>No. De espacios en rack: 45<\/p>\n<p>Color: Negro Cubierta tipo puerta anti-deslizable<\/p>\n<p>Alto: 45 UR Ancho: 5.5\u201d Profundo: 12\u201d\u00a0.<\/p>\n<p><strong>INFORMACI\u00d3N T\u00c9CNICA<\/strong><\/p>\n<p>Organizaci\u00f3n de cables UTP o Fibra \u00d3ptica Fabricados con ductos de PVC negro, libre de plomo Dise\u00f1o ancho de ranuras, rigidez de las paredes Cubierta tipo puerta anti-deslizable se mantiene en posici\u00f3n.<\/p>\n<p><strong>CARACTERISTICAS<\/strong><\/p>\n<p>Las ranuras laterales del ducto cuentan con radios amplios para proteger su cableado Paso de cables en la parte posterior del organizador Cuenta con herrajes para la instalaci\u00f3n lateral en racks de telecomunicaciones.<\/p>\n<p><strong>APLICACIONES<\/strong><\/p>\n<p>Organizadores verticales dobles que ofrecen de manera conveniente y econ\u00f3mica la organizaci\u00f3n y administraci\u00f3n que protege el cableado en instalaciones de telecomunicaciones y de datos.<\/p>\n<p><strong>INCLUYE<\/strong><\/p>\n<p>1 Organizador vertical de 45 ur, en el cual podremos colocar correctamente y brindar un sistema ordenado a nuestro cableado ya sea cobre, fibra \u00f3ptica ,realizando as\u00ed una escalabilidad excelente para nuestra infraestructura de red.<\/p>\n<p><img decoding=\"async\" class=\"overview-center-img-web\" src=\"https:\/\/tvc.mx\/media\/664712\/SBT1590012-SBE-TECH-SBE-OVNL45UR-Organizador-de-cable-vertical-45-ur-Doble-lado-Frontal-y-Posterior.png\" alt=\"\" \/><\/p>\n","protected":false},"excerpt":{"rendered":"<p>Informaci\u00f3n general ESPECIFICACIONES Ranuras de ducto con amplio radio de curvatura de 1\u201d, que permite una mayor protecci\u00f3n a los cables Material: PVC negro No. De espacios en rack: 45 Color: Negro Cubierta tipo puerta anti-deslizable Alto: 45 UR Ancho: 5.5\u201d Profundo: 12\u201d\u00a0. INFORMACI\u00d3N T\u00c9CNICA&hellip;<\/p>\n","protected":false},"featured_media":4799,"comment_status":"open","ping_status":"closed","template":"","meta":{"om_disable_all_campaigns":false,"_monsterinsights_skip_tracking":false,"_monsterinsights_sitenote_active":false,"_monsterinsights_sitenote_note":"","_monsterinsights_sitenote_category":0},"product_brand":[],"product_cat":[391],"product_tag":[343,341,339,346,347,350,348,179,344,349,340,351,345,352,342],"class_list":{"0":"post-4800","1":"product","2":"type-product","3":"status-publish","4":"has-post-thumbnail","6":"product_cat-charolas-y-organizadores-sbe-tech","7":"product_tag-antiincendio","8":"product_tag-cable-anti-incendio","9":"product_tag-cables-estructurado","10":"product_tag-canaletas","11":"product_tag-charolas","12":"product_tag-conectores","13":"product_tag-fibra-optica","14":"product_tag-gabinetes","15":"product_tag-hdmi","16":"product_tag-jacks","17":"product_tag-patch-cord","18":"product_tag-racks","19":"product_tag-siameses","20":"product_tag-tierra-fisica","21":"product_tag-utp","23":"first","24":"instock","25":"sale","26":"taxable","27":"shipping-taxable","28":"purchasable","29":"product-type-simple"},"aioseo_notices":[],"_links":{"self":[{"href":"https:\/\/tecsecmty.com\/index.php\/wp-json\/wp\/v2\/product\/4800","targetHints":{"allow":["GET"]}}],"collection":[{"href":"https:\/\/tecsecmty.com\/index.php\/wp-json\/wp\/v2\/product"}],"about":[{"href":"https:\/\/tecsecmty.com\/index.php\/wp-json\/wp\/v2\/types\/product"}],"replies":[{"embeddable":true,"href":"https:\/\/tecsecmty.com\/index.php\/wp-json\/wp\/v2\/comments?post=4800"}],"version-history":[{"count":0,"href":"https:\/\/tecsecmty.com\/index.php\/wp-json\/wp\/v2\/product\/4800\/revisions"}],"wp:featuredmedia":[{"embeddable":true,"href":"https:\/\/tecsecmty.com\/index.php\/wp-json\/wp\/v2\/media\/4799"}],"wp:attachment":[{"href":"https:\/\/tecsecmty.com\/index.php\/wp-json\/wp\/v2\/media?parent=4800"}],"wp:term":[{"taxonomy":"product_brand","embeddable":true,"href":"https:\/\/tecsecmty.com\/index.php\/wp-json\/wp\/v2\/product_brand?post=4800"},{"taxonomy":"product_cat","embeddable":true,"href":"https:\/\/tecsecmty.com\/index.php\/wp-json\/wp\/v2\/product_cat?post=4800"},{"taxonomy":"product_tag","embeddable":true,"href":"https:\/\/tecsecmty.com\/index.php\/wp-json\/wp\/v2\/product_tag?post=4800"}],"curies":[{"name":"wp","href":"https:\/\/api.w.org\/{rel}","templated":true}]}}