{"id":4808,"date":"2023-02-23T01:38:47","date_gmt":"2023-02-23T07:38:47","guid":{"rendered":"https:\/\/tecsecmty.com\/index.php\/producto\/sbetech-sbe-cf1915v-charola-fija-ventilada-para-gabinete-de-600-mm-de-profundidad-x-19-1-ur\/"},"modified":"2023-03-22T23:24:17","modified_gmt":"2023-03-23T05:24:17","slug":"sbetech-sbe-cf1915v-charola-fija-ventilada-para-gabinete-de-600-mm-de-profundidad-x-19-1-ur","status":"publish","type":"product","link":"https:\/\/tecsecmty.com\/index.php\/producto\/sbetech-sbe-cf1915v-charola-fija-ventilada-para-gabinete-de-600-mm-de-profundidad-x-19-1-ur\/","title":{"rendered":"SBETECH SBE-CF1915V &#8211; Charola fija ventilada para gabinete de 600 mm de profundidad x 19&#8243; 1 UR"},"content":{"rendered":"<h5 class=\"card-title text-center\">Informaci\u00f3n General<\/h5>\n<p>El modelo SBE-CF1915V, es una charola fija ventilada compatible con cualquier gabinete de 600 mm de profundidad x 19\u00bb de ancho, dise\u00f1ada especialmente para switches, DVR o alg\u00fan otro equipo electr\u00f3nico.<\/p>\n<p><img decoding=\"async\" class=\"overview-center-img-web\" src=\"https:\/\/tvc.mx\/media\/179145\/SBETECH-SBE-CF1915V-Charola-Fija-Ventilada-Para-Gabinete-19x600-mm-2.png\" alt=\"\" \/><\/p>\n","protected":false},"excerpt":{"rendered":"<p>Informaci\u00f3n General El modelo SBE-CF1915V, es una charola fija ventilada compatible con cualquier gabinete de 600 mm de profundidad x 19\u00bb de ancho, dise\u00f1ada especialmente para switches, DVR o alg\u00fan otro equipo electr\u00f3nico.<\/p>\n","protected":false},"featured_media":4807,"comment_status":"open","ping_status":"closed","template":"","meta":{"om_disable_all_campaigns":false,"_monsterinsights_skip_tracking":false,"_monsterinsights_sitenote_active":false,"_monsterinsights_sitenote_note":"","_monsterinsights_sitenote_category":0},"product_brand":[],"product_cat":[391],"product_tag":[343,341,339,346,347,350,348,179,344,349,340,351,345,352,342],"class_list":{"0":"post-4808","1":"product","2":"type-product","3":"status-publish","4":"has-post-thumbnail","6":"product_cat-charolas-y-organizadores-sbe-tech","7":"product_tag-antiincendio","8":"product_tag-cable-anti-incendio","9":"product_tag-cables-estructurado","10":"product_tag-canaletas","11":"product_tag-charolas","12":"product_tag-conectores","13":"product_tag-fibra-optica","14":"product_tag-gabinetes","15":"product_tag-hdmi","16":"product_tag-jacks","17":"product_tag-patch-cord","18":"product_tag-racks","19":"product_tag-siameses","20":"product_tag-tierra-fisica","21":"product_tag-utp","23":"first","24":"instock","25":"sale","26":"taxable","27":"shipping-taxable","28":"purchasable","29":"product-type-simple"},"aioseo_notices":[],"_links":{"self":[{"href":"https:\/\/tecsecmty.com\/index.php\/wp-json\/wp\/v2\/product\/4808","targetHints":{"allow":["GET"]}}],"collection":[{"href":"https:\/\/tecsecmty.com\/index.php\/wp-json\/wp\/v2\/product"}],"about":[{"href":"https:\/\/tecsecmty.com\/index.php\/wp-json\/wp\/v2\/types\/product"}],"replies":[{"embeddable":true,"href":"https:\/\/tecsecmty.com\/index.php\/wp-json\/wp\/v2\/comments?post=4808"}],"version-history":[{"count":0,"href":"https:\/\/tecsecmty.com\/index.php\/wp-json\/wp\/v2\/product\/4808\/revisions"}],"wp:featuredmedia":[{"embeddable":true,"href":"https:\/\/tecsecmty.com\/index.php\/wp-json\/wp\/v2\/media\/4807"}],"wp:attachment":[{"href":"https:\/\/tecsecmty.com\/index.php\/wp-json\/wp\/v2\/media?parent=4808"}],"wp:term":[{"taxonomy":"product_brand","embeddable":true,"href":"https:\/\/tecsecmty.com\/index.php\/wp-json\/wp\/v2\/product_brand?post=4808"},{"taxonomy":"product_cat","embeddable":true,"href":"https:\/\/tecsecmty.com\/index.php\/wp-json\/wp\/v2\/product_cat?post=4808"},{"taxonomy":"product_tag","embeddable":true,"href":"https:\/\/tecsecmty.com\/index.php\/wp-json\/wp\/v2\/product_tag?post=4808"}],"curies":[{"name":"wp","href":"https:\/\/api.w.org\/{rel}","templated":true}]}}