{"id":4820,"date":"2023-02-23T01:38:57","date_gmt":"2023-02-23T07:38:57","guid":{"rendered":"https:\/\/tecsecmty.com\/index.php\/producto\/saxxon-acgbk-glandula-para-proteccion-de-patchord-de-f-o-para-proteccion-de-cables-de-red-y-energia-en-gabinetes-y-barreras-cableado-en-gabinetes-color-negro\/"},"modified":"2023-03-22T23:23:51","modified_gmt":"2023-03-23T05:23:51","slug":"saxxon-acgbk-glandula-para-proteccion-de-patchord-de-f-o-para-proteccion-de-cables-de-red-y-energia-en-gabinetes-y-barreras-cableado-en-gabinetes-color-negro","status":"publish","type":"product","link":"https:\/\/tecsecmty.com\/index.php\/producto\/saxxon-acgbk-glandula-para-proteccion-de-patchord-de-f-o-para-proteccion-de-cables-de-red-y-energia-en-gabinetes-y-barreras-cableado-en-gabinetes-color-negro\/","title":{"rendered":"SAXXON ACGBK &#8211; Glandula para protecci\u00f3n de patchord de F.O. \/Para protecci\u00f3n de Cables de red y energ\u00eda en gabinetes y barreras \/ Cableado en gabinetes \/ Color negro"},"content":{"rendered":"<h5 class=\"card-title text-center\">Informaci\u00f3n general<\/h5>\n<p class=\"ql-align-justify\">Ideal para aplicaciones:<\/p>\n<p class=\"ql-align-justify\">1. CATV y LAN<\/p>\n<p class=\"ql-align-justify\">2. Red de Telecomunicaciones<\/p>\n<p class=\"ql-align-justify\">3. FTTH<\/p>\n<p class=\"ql-align-justify\">4. Red \u00d3ptica Pasiva<\/p>\n<p class=\"ql-align-justify\">5. Equipo de prueba<\/p>\n<p><strong>Los accesorios de compresi\u00f3n se utilizan como un m\u00e9todo mejorado para asegurar las cajas de fibra de los cables. evitar saltos permitiendo instalaciones m\u00e1s r\u00e1pidas de tuercas de seguridad.<\/strong><\/p>\n<p><strong>Medidas: 2 cent\u00edmetros de longitud interna, 4.5 cent\u00edmetros de altura, ideal para proteger nuestros patch cords de fibra \u00f3ptica.\u00a0<\/strong><\/p>\n<p><img decoding=\"async\" class=\"overview-center-img-web\" src=\"https:\/\/tvc.mx\/media\/154666\/SAXXON-ACGBK-Glandula-para-patchcord-de-fibra.jpg\" alt=\"\" \/><\/p>\n","protected":false},"excerpt":{"rendered":"<p>Informaci\u00f3n general Ideal para aplicaciones: 1. CATV y LAN 2. Red de Telecomunicaciones 3. FTTH 4. Red \u00d3ptica Pasiva 5. Equipo de prueba Los accesorios de compresi\u00f3n se utilizan como un m\u00e9todo mejorado para asegurar las cajas de fibra de los cables. evitar saltos permitiendo&hellip;<\/p>\n","protected":false},"featured_media":4819,"comment_status":"open","ping_status":"closed","template":"","meta":{"om_disable_all_campaigns":false,"_monsterinsights_skip_tracking":false,"_monsterinsights_sitenote_active":false,"_monsterinsights_sitenote_note":"","_monsterinsights_sitenote_category":0},"product_brand":[],"product_cat":[393],"product_tag":[343,341,339,346,347,350,348,179,344,349,340,351,345,352,342],"class_list":{"0":"post-4820","1":"product","2":"type-product","3":"status-publish","4":"has-post-thumbnail","6":"product_cat-accesorios-fibra-optica","7":"product_tag-antiincendio","8":"product_tag-cable-anti-incendio","9":"product_tag-cables-estructurado","10":"product_tag-canaletas","11":"product_tag-charolas","12":"product_tag-conectores","13":"product_tag-fibra-optica","14":"product_tag-gabinetes","15":"product_tag-hdmi","16":"product_tag-jacks","17":"product_tag-patch-cord","18":"product_tag-racks","19":"product_tag-siameses","20":"product_tag-tierra-fisica","21":"product_tag-utp","23":"first","24":"instock","25":"sale","26":"taxable","27":"shipping-taxable","28":"purchasable","29":"product-type-simple"},"aioseo_notices":[],"_links":{"self":[{"href":"https:\/\/tecsecmty.com\/index.php\/wp-json\/wp\/v2\/product\/4820","targetHints":{"allow":["GET"]}}],"collection":[{"href":"https:\/\/tecsecmty.com\/index.php\/wp-json\/wp\/v2\/product"}],"about":[{"href":"https:\/\/tecsecmty.com\/index.php\/wp-json\/wp\/v2\/types\/product"}],"replies":[{"embeddable":true,"href":"https:\/\/tecsecmty.com\/index.php\/wp-json\/wp\/v2\/comments?post=4820"}],"version-history":[{"count":0,"href":"https:\/\/tecsecmty.com\/index.php\/wp-json\/wp\/v2\/product\/4820\/revisions"}],"wp:featuredmedia":[{"embeddable":true,"href":"https:\/\/tecsecmty.com\/index.php\/wp-json\/wp\/v2\/media\/4819"}],"wp:attachment":[{"href":"https:\/\/tecsecmty.com\/index.php\/wp-json\/wp\/v2\/media?parent=4820"}],"wp:term":[{"taxonomy":"product_brand","embeddable":true,"href":"https:\/\/tecsecmty.com\/index.php\/wp-json\/wp\/v2\/product_brand?post=4820"},{"taxonomy":"product_cat","embeddable":true,"href":"https:\/\/tecsecmty.com\/index.php\/wp-json\/wp\/v2\/product_cat?post=4820"},{"taxonomy":"product_tag","embeddable":true,"href":"https:\/\/tecsecmty.com\/index.php\/wp-json\/wp\/v2\/product_tag?post=4820"}],"curies":[{"name":"wp","href":"https:\/\/api.w.org\/{rel}","templated":true}]}}