{"id":4836,"date":"2023-02-23T01:39:14","date_gmt":"2023-02-23T07:39:14","guid":{"rendered":"https:\/\/tecsecmty.com\/index.php\/producto\/sbe-tech-sbe-ctfop4pnl-caja-terminal-de-4-puertos-nueva-linea\/"},"modified":"2023-03-22T23:24:12","modified_gmt":"2023-03-23T05:24:12","slug":"sbe-tech-sbe-ctfop4pnl-caja-terminal-de-4-puertos-nueva-linea","status":"publish","type":"product","link":"https:\/\/tecsecmty.com\/index.php\/producto\/sbe-tech-sbe-ctfop4pnl-caja-terminal-de-4-puertos-nueva-linea\/","title":{"rendered":"SBE TECH SBE-CTFOP4PNL- Caja terminal de 4 puertos Nueva L\u00ednea"},"content":{"rendered":"<h5 class=\"card-title text-center\">Caracter\u00edsticas Principales<\/h5>\n<p>ESPECIFICACIONES<\/p>\n<p>Material de fabricaci\u00f3n Pl\u00e1stico de alta resistencia<\/p>\n<p>Color: Blanco.<\/p>\n<p>Capacidad de puertos: 4<\/p>\n<p>Capacidad m\u00e1xima de fibras: 4<\/p>\n<p>Dimensiones: 150 x 110 30 mm<\/p>\n<p>[Accesorios incluidos: Charola de empalme, tornilos de montaje<\/p>\n<p>INFORMACI\u00d3N T\u00c9CNICA<\/p>\n<p>Material ABS<\/p>\n<p>Capacidad de acopladores 4<\/p>\n<p>Tipo de acoplador: SC simplex , LC d\u00faplex (no incluido)<\/p>\n<p>Montaje: Pared<\/p>\n<p>Ambiente de aplicaci\u00f3n: Interior<\/p>\n<p>CARACTERISTICAS<\/p>\n<p>Temperatura de trabajo : 25*C-60*C<\/p>\n<p>Humedad relativa; 593% (a+40*C)<\/p>\n<p>Dise\u00f1o: \u00a1Compacto y ligero<\/p>\n<p>Apertura y cierre: Auto clip<\/p>\n<p>[APLICACIONES<\/p>\n<p>La caja de terminal de SBE TECH est\u00e1 dise\u00f1ada para la conexi\u00f3n y terminaci\u00f3n de fibra \u00f3ptica<\/p>\n<p>[en aplicaciones de redes \u00f3pticas y FTTx, por su gran versatilidad y dise\u00f1o compacto se puede<\/p>\n<p>usar en ambientes de planta interna.<\/p>\n<p>&nbsp;<\/p>\n<p><img decoding=\"async\" class=\"overview-center-img-web\" src=\"https:\/\/tvc.mx\/media\/477732\/SBE-CTFOP4PNL-Caja-terminal-de-4-puertos-Nueva-L%C3%ADnea-6.png\" alt=\"\" \/><\/p>\n","protected":false},"excerpt":{"rendered":"<p>Caracter\u00edsticas Principales ESPECIFICACIONES Material de fabricaci\u00f3n Pl\u00e1stico de alta resistencia Color: Blanco. Capacidad de puertos: 4 Capacidad m\u00e1xima de fibras: 4 Dimensiones: 150 x 110 30 mm [Accesorios incluidos: Charola de empalme, tornilos de montaje INFORMACI\u00d3N T\u00c9CNICA Material ABS Capacidad de acopladores 4 Tipo de&hellip;<\/p>\n","protected":false},"featured_media":4835,"comment_status":"open","ping_status":"closed","template":"","meta":{"om_disable_all_campaigns":false,"_monsterinsights_skip_tracking":false,"_monsterinsights_sitenote_active":false,"_monsterinsights_sitenote_note":"","_monsterinsights_sitenote_category":0},"product_brand":[],"product_cat":[395],"product_tag":[343,341,339,346,347,350,348,179,344,349,340,351,345,352,342],"class_list":{"0":"post-4836","1":"product","2":"type-product","3":"status-publish","4":"has-post-thumbnail","6":"product_cat-accesorios-fibra-optica-fibra-optica-sbe-tech","7":"product_tag-antiincendio","8":"product_tag-cable-anti-incendio","9":"product_tag-cables-estructurado","10":"product_tag-canaletas","11":"product_tag-charolas","12":"product_tag-conectores","13":"product_tag-fibra-optica","14":"product_tag-gabinetes","15":"product_tag-hdmi","16":"product_tag-jacks","17":"product_tag-patch-cord","18":"product_tag-racks","19":"product_tag-siameses","20":"product_tag-tierra-fisica","21":"product_tag-utp","23":"first","24":"instock","25":"sale","26":"taxable","27":"shipping-taxable","28":"purchasable","29":"product-type-simple"},"aioseo_notices":[],"_links":{"self":[{"href":"https:\/\/tecsecmty.com\/index.php\/wp-json\/wp\/v2\/product\/4836","targetHints":{"allow":["GET"]}}],"collection":[{"href":"https:\/\/tecsecmty.com\/index.php\/wp-json\/wp\/v2\/product"}],"about":[{"href":"https:\/\/tecsecmty.com\/index.php\/wp-json\/wp\/v2\/types\/product"}],"replies":[{"embeddable":true,"href":"https:\/\/tecsecmty.com\/index.php\/wp-json\/wp\/v2\/comments?post=4836"}],"version-history":[{"count":0,"href":"https:\/\/tecsecmty.com\/index.php\/wp-json\/wp\/v2\/product\/4836\/revisions"}],"wp:featuredmedia":[{"embeddable":true,"href":"https:\/\/tecsecmty.com\/index.php\/wp-json\/wp\/v2\/media\/4835"}],"wp:attachment":[{"href":"https:\/\/tecsecmty.com\/index.php\/wp-json\/wp\/v2\/media?parent=4836"}],"wp:term":[{"taxonomy":"product_brand","embeddable":true,"href":"https:\/\/tecsecmty.com\/index.php\/wp-json\/wp\/v2\/product_brand?post=4836"},{"taxonomy":"product_cat","embeddable":true,"href":"https:\/\/tecsecmty.com\/index.php\/wp-json\/wp\/v2\/product_cat?post=4836"},{"taxonomy":"product_tag","embeddable":true,"href":"https:\/\/tecsecmty.com\/index.php\/wp-json\/wp\/v2\/product_tag?post=4836"}],"curies":[{"name":"wp","href":"https:\/\/api.w.org\/{rel}","templated":true}]}}