{"id":4844,"date":"2023-02-23T01:39:21","date_gmt":"2023-02-23T07:39:21","guid":{"rendered":"https:\/\/tecsecmty.com\/index.php\/producto\/sbetech-cdextfttxnl2x48nl-caja-de-distribucion-para-fttx-para-exterior-nueva-linea-de-2x48-ip-65\/"},"modified":"2023-03-22T23:24:13","modified_gmt":"2023-03-23T05:24:13","slug":"sbetech-cdextfttxnl2x48nl-caja-de-distribucion-para-fttx-para-exterior-nueva-linea-de-2x48-ip-65","status":"publish","type":"product","link":"https:\/\/tecsecmty.com\/index.php\/producto\/sbetech-cdextfttxnl2x48nl-caja-de-distribucion-para-fttx-para-exterior-nueva-linea-de-2x48-ip-65\/","title":{"rendered":"SBETECH CDEXTFTTXNL2X48NL &#8211; Caja de Distribucion para FTTx para exterior Nueva Linea de 2&#215;48, IP 65"},"content":{"rendered":"<h5 class=\"card-title text-center\">Informaci\u00f3n general<\/h5>\n<p>La caja de distribuci\u00f3n de 24 puertos IP68 de SBE TECH tiene las funciones de terminaci\u00f3n, almacenamiento de splitter y distribuci\u00f3n de fibra \u00f3ptica, en aplicaciones FTTx tanto en interiores como en exteriores, fabricada con pl\u00e1stico de alta resistencia con protecci\u00f3n UV , acceso y salida de cable herm\u00e9tico, garantiza la protecci\u00f3n y administraci\u00f3n del cable de fibra efectivamente.<\/p>\n<p><strong>ESPECIFICACIONES<\/strong><\/p>\n<p>Capacidad m\u00e1xima de splitter: 1: 16 y 2 : 16<\/p>\n<p>Capacidad de puertos: 24<\/p>\n<p>Capacidad m\u00e1xima de fibras: 96<\/p>\n<p>Dimensiones: 385 x 245 x 130 mm<\/p>\n<p>Tipo de acoplador compatible: SC simplex , LC d\u00faplex<\/p>\n<p>Organizaci\u00f3n de empalmes: Hasta 4 charolas con capacidad para 24 empalmes c\/u Seguros clamp para controlar su apertura y cierre<\/p>\n<p><strong>INFORMACI\u00d3N T\u00c9CNICA<\/strong><\/p>\n<p>Material: Pl\u00e1stico de alta resistencia Protecci\u00f3n: UV, IP68<\/p>\n<p>Montaje: Pared, poste o registro en piso<\/p>\n<p>Ambiente de aplicaci\u00f3n: Interior y exterior<\/p>\n<p>Puertos de entrada-salida: 4 con conectores gl\u00e1ndula para cable con di\u00e1metro de hasta 17mm 16 accesos para cable drop 3-6mm de di\u00e1metro<\/p>\n<p><strong>CARACTERISTICAS<\/strong><\/p>\n<p>Temperatura de trabajo : -20 \u00b0 C ~ 80 \u00b0 C Humedad relativa : 100 % ( a + 40 \u00b0 C )<\/p>\n<p>Tipo de splitter soportado: 1:2, 1:4, 1: 8 , 1:16, 2:2, 2:4, 2:8 y 2:16<\/p>\n<p>Capacidad m\u00e1xima de fibras: 96<\/p>\n<p><strong>Incluye<\/strong>:<\/p>\n<p>1 caja de distribuci\u00f3n la cual est\u00e1 dise\u00f1ada para almacenamiento de splitter, terminaci\u00f3n y distribuci\u00f3n de fibra \u00f3ptica en aplicaciones de redes \u00f3pticas y FTTx, por su gran versatilidad y protecci\u00f3n se puede usar en ambientes de planta interna o planta externa.<\/p>\n<p><img decoding=\"async\" class=\"overview-center-img-web\" src=\"https:\/\/tvc.mx\/media\/663017\/SBT1920013-SBETECH-CDEXTFTTXNL2X48NL-Caja-de-Distribucion-para-FTTx-2.png\" alt=\"\" \/><\/p>\n","protected":false},"excerpt":{"rendered":"<p>Informaci\u00f3n general La caja de distribuci\u00f3n de 24 puertos IP68 de SBE TECH tiene las funciones de terminaci\u00f3n, almacenamiento de splitter y distribuci\u00f3n de fibra \u00f3ptica, en aplicaciones FTTx tanto en interiores como en exteriores, fabricada con pl\u00e1stico de alta resistencia con protecci\u00f3n UV ,&hellip;<\/p>\n","protected":false},"featured_media":4843,"comment_status":"open","ping_status":"closed","template":"","meta":{"om_disable_all_campaigns":false,"_monsterinsights_skip_tracking":false,"_monsterinsights_sitenote_active":false,"_monsterinsights_sitenote_note":"","_monsterinsights_sitenote_category":0},"product_brand":[],"product_cat":[395],"product_tag":[343,341,339,346,347,350,348,179,344,349,340,351,345,352,342],"class_list":{"0":"post-4844","1":"product","2":"type-product","3":"status-publish","4":"has-post-thumbnail","6":"product_cat-accesorios-fibra-optica-fibra-optica-sbe-tech","7":"product_tag-antiincendio","8":"product_tag-cable-anti-incendio","9":"product_tag-cables-estructurado","10":"product_tag-canaletas","11":"product_tag-charolas","12":"product_tag-conectores","13":"product_tag-fibra-optica","14":"product_tag-gabinetes","15":"product_tag-hdmi","16":"product_tag-jacks","17":"product_tag-patch-cord","18":"product_tag-racks","19":"product_tag-siameses","20":"product_tag-tierra-fisica","21":"product_tag-utp","23":"first","24":"instock","25":"sale","26":"taxable","27":"shipping-taxable","28":"purchasable","29":"product-type-simple"},"aioseo_notices":[],"_links":{"self":[{"href":"https:\/\/tecsecmty.com\/index.php\/wp-json\/wp\/v2\/product\/4844","targetHints":{"allow":["GET"]}}],"collection":[{"href":"https:\/\/tecsecmty.com\/index.php\/wp-json\/wp\/v2\/product"}],"about":[{"href":"https:\/\/tecsecmty.com\/index.php\/wp-json\/wp\/v2\/types\/product"}],"replies":[{"embeddable":true,"href":"https:\/\/tecsecmty.com\/index.php\/wp-json\/wp\/v2\/comments?post=4844"}],"version-history":[{"count":0,"href":"https:\/\/tecsecmty.com\/index.php\/wp-json\/wp\/v2\/product\/4844\/revisions"}],"wp:featuredmedia":[{"embeddable":true,"href":"https:\/\/tecsecmty.com\/index.php\/wp-json\/wp\/v2\/media\/4843"}],"wp:attachment":[{"href":"https:\/\/tecsecmty.com\/index.php\/wp-json\/wp\/v2\/media?parent=4844"}],"wp:term":[{"taxonomy":"product_brand","embeddable":true,"href":"https:\/\/tecsecmty.com\/index.php\/wp-json\/wp\/v2\/product_brand?post=4844"},{"taxonomy":"product_cat","embeddable":true,"href":"https:\/\/tecsecmty.com\/index.php\/wp-json\/wp\/v2\/product_cat?post=4844"},{"taxonomy":"product_tag","embeddable":true,"href":"https:\/\/tecsecmty.com\/index.php\/wp-json\/wp\/v2\/product_tag?post=4844"}],"curies":[{"name":"wp","href":"https:\/\/api.w.org\/{rel}","templated":true}]}}