{"id":4850,"date":"2023-02-23T01:39:28","date_gmt":"2023-02-23T07:39:28","guid":{"rendered":"https:\/\/tecsecmty.com\/index.php\/producto\/sbetech-sbe-6lcsm-placa-con-6-acopladores-lc-duplex-monomodo\/"},"modified":"2023-03-22T23:24:17","modified_gmt":"2023-03-23T05:24:17","slug":"sbetech-sbe-6lcsm-placa-con-6-acopladores-lc-duplex-monomodo","status":"publish","type":"product","link":"https:\/\/tecsecmty.com\/index.php\/producto\/sbetech-sbe-6lcsm-placa-con-6-acopladores-lc-duplex-monomodo\/","title":{"rendered":"SBETECH SBE-6LCSM &#8211; Placa con 6 acopladores LC d\u00faplex monomodo"},"content":{"rendered":"<h5 class=\"card-title text-center\">Informaci\u00f3n General<\/h5>\n<p>La placa con 6 acopladores LC d\u00faplex monomodo para distribuidor de fibra \u00f3ptica, es compatible con cualquier DFO de SBE TECH, de r\u00e1pida instalaci\u00f3n , facilita el trabajo de la organizaci\u00f3n y distribuci\u00f3n de la fibra<\/p>\n<p>&nbsp;<\/p>\n<p>Caracter\u00edsticas:<\/p>\n<ul>\n<li>Fabricada mediante placa de acero al carb\u00f3n rolado en fr\u00edo.<\/li>\n<li>Acabado con pintura electrost\u00e1tica color negro RAL9004.<\/li>\n<li>Dise\u00f1o con 6 acopladores LC d\u00faplex.<\/li>\n<li>Montaje push-pin mediante dos seguros pl\u00e1sticos.<\/li>\n<li>Acopladores fabricados con pl\u00e1stico de alta resistencia y manga de cer\u00e1mica de zirconia.<\/li>\n<\/ul>\n<p><img decoding=\"async\" class=\"overview-center-img-web\" src=\"https:\/\/tvc.mx\/media\/162102\/Sbetech-SBE-6LCSM-Placa-Con-6-Acopladores-LC-Duplex-Monomodo1.png\" alt=\"\" \/><\/p>\n","protected":false},"excerpt":{"rendered":"<p>Informaci\u00f3n General La placa con 6 acopladores LC d\u00faplex monomodo para distribuidor de fibra \u00f3ptica, es compatible con cualquier DFO de SBE TECH, de r\u00e1pida instalaci\u00f3n , facilita el trabajo de la organizaci\u00f3n y distribuci\u00f3n de la fibra &nbsp; Caracter\u00edsticas: Fabricada mediante placa de acero&hellip;<\/p>\n","protected":false},"featured_media":4849,"comment_status":"open","ping_status":"closed","template":"","meta":{"om_disable_all_campaigns":false,"_monsterinsights_skip_tracking":false,"_monsterinsights_sitenote_active":false,"_monsterinsights_sitenote_note":"","_monsterinsights_sitenote_category":0},"product_brand":[],"product_cat":[395],"product_tag":[343,341,339,346,347,350,348,179,344,349,340,351,345,352,342],"class_list":{"0":"post-4850","1":"product","2":"type-product","3":"status-publish","4":"has-post-thumbnail","6":"product_cat-accesorios-fibra-optica-fibra-optica-sbe-tech","7":"product_tag-antiincendio","8":"product_tag-cable-anti-incendio","9":"product_tag-cables-estructurado","10":"product_tag-canaletas","11":"product_tag-charolas","12":"product_tag-conectores","13":"product_tag-fibra-optica","14":"product_tag-gabinetes","15":"product_tag-hdmi","16":"product_tag-jacks","17":"product_tag-patch-cord","18":"product_tag-racks","19":"product_tag-siameses","20":"product_tag-tierra-fisica","21":"product_tag-utp","23":"first","24":"instock","25":"sale","26":"taxable","27":"shipping-taxable","28":"purchasable","29":"product-type-simple"},"aioseo_notices":[],"_links":{"self":[{"href":"https:\/\/tecsecmty.com\/index.php\/wp-json\/wp\/v2\/product\/4850","targetHints":{"allow":["GET"]}}],"collection":[{"href":"https:\/\/tecsecmty.com\/index.php\/wp-json\/wp\/v2\/product"}],"about":[{"href":"https:\/\/tecsecmty.com\/index.php\/wp-json\/wp\/v2\/types\/product"}],"replies":[{"embeddable":true,"href":"https:\/\/tecsecmty.com\/index.php\/wp-json\/wp\/v2\/comments?post=4850"}],"version-history":[{"count":0,"href":"https:\/\/tecsecmty.com\/index.php\/wp-json\/wp\/v2\/product\/4850\/revisions"}],"wp:featuredmedia":[{"embeddable":true,"href":"https:\/\/tecsecmty.com\/index.php\/wp-json\/wp\/v2\/media\/4849"}],"wp:attachment":[{"href":"https:\/\/tecsecmty.com\/index.php\/wp-json\/wp\/v2\/media?parent=4850"}],"wp:term":[{"taxonomy":"product_brand","embeddable":true,"href":"https:\/\/tecsecmty.com\/index.php\/wp-json\/wp\/v2\/product_brand?post=4850"},{"taxonomy":"product_cat","embeddable":true,"href":"https:\/\/tecsecmty.com\/index.php\/wp-json\/wp\/v2\/product_cat?post=4850"},{"taxonomy":"product_tag","embeddable":true,"href":"https:\/\/tecsecmty.com\/index.php\/wp-json\/wp\/v2\/product_tag?post=4850"}],"curies":[{"name":"wp","href":"https:\/\/api.w.org\/{rel}","templated":true}]}}