{"id":4864,"date":"2023-02-23T01:39:43","date_gmt":"2023-02-23T07:39:43","guid":{"rendered":"https:\/\/tecsecmty.com\/index.php\/producto\/sbetech-sbe-cfod-cortadora-para-fibra-optica-de-250um-900um-2mm-3mm-y-drop-incluye-deposito-para-residuos-de-fibra\/"},"modified":"2023-03-22T23:24:17","modified_gmt":"2023-03-23T05:24:17","slug":"sbetech-sbe-cfod-cortadora-para-fibra-optica-de-250um-900um-2mm-3mm-y-drop-incluye-deposito-para-residuos-de-fibra","status":"publish","type":"product","link":"https:\/\/tecsecmty.com\/index.php\/producto\/sbetech-sbe-cfod-cortadora-para-fibra-optica-de-250um-900um-2mm-3mm-y-drop-incluye-deposito-para-residuos-de-fibra\/","title":{"rendered":"SBETECH SBE-CFOD &#8211; Cortadora para fibra \u00f3ptica de 250um, 900um, 2mm, 3mm y drop, incluye deposito para residuos de fibra"},"content":{"rendered":"<h5 class=\"card-title text-center\">Informaci\u00f3n General<\/h5>\n<p>Cortadora de fibra \u00f3ptica de alta precisi\u00f3n, f\u00e1cil de usar, para todas las aplicaciones de empalme de fusi\u00f3n, empalme mec\u00e1nico, y para terminaci\u00f3n de conectores pre-pulidos. La cortadora opera con fibras \u00f3pticas tanto monomodo como multimodo.<\/p>\n<p><img decoding=\"async\" class=\"overview-center-img-web\" src=\"https:\/\/tvc.mx\/media\/192662\/Sbetech-SBE-Cortadora-Para-Fibra-%C3%93ptica-Incluye-Deposito-Para-Residuos-De-Fibra-2.png\" alt=\"\" \/><\/p>\n","protected":false},"excerpt":{"rendered":"<p>Informaci\u00f3n General Cortadora de fibra \u00f3ptica de alta precisi\u00f3n, f\u00e1cil de usar, para todas las aplicaciones de empalme de fusi\u00f3n, empalme mec\u00e1nico, y para terminaci\u00f3n de conectores pre-pulidos. La cortadora opera con fibras \u00f3pticas tanto monomodo como multimodo.<\/p>\n","protected":false},"featured_media":4863,"comment_status":"open","ping_status":"closed","template":"","meta":{"om_disable_all_campaigns":false,"_monsterinsights_skip_tracking":false,"_monsterinsights_sitenote_active":false,"_monsterinsights_sitenote_note":"","_monsterinsights_sitenote_category":0},"product_brand":[],"product_cat":[395],"product_tag":[343,341,339,346,347,350,348,179,344,349,340,351,345,352,342],"class_list":{"0":"post-4864","1":"product","2":"type-product","3":"status-publish","4":"has-post-thumbnail","6":"product_cat-accesorios-fibra-optica-fibra-optica-sbe-tech","7":"product_tag-antiincendio","8":"product_tag-cable-anti-incendio","9":"product_tag-cables-estructurado","10":"product_tag-canaletas","11":"product_tag-charolas","12":"product_tag-conectores","13":"product_tag-fibra-optica","14":"product_tag-gabinetes","15":"product_tag-hdmi","16":"product_tag-jacks","17":"product_tag-patch-cord","18":"product_tag-racks","19":"product_tag-siameses","20":"product_tag-tierra-fisica","21":"product_tag-utp","23":"first","24":"instock","25":"sale","26":"taxable","27":"shipping-taxable","28":"purchasable","29":"product-type-simple"},"aioseo_notices":[],"_links":{"self":[{"href":"https:\/\/tecsecmty.com\/index.php\/wp-json\/wp\/v2\/product\/4864","targetHints":{"allow":["GET"]}}],"collection":[{"href":"https:\/\/tecsecmty.com\/index.php\/wp-json\/wp\/v2\/product"}],"about":[{"href":"https:\/\/tecsecmty.com\/index.php\/wp-json\/wp\/v2\/types\/product"}],"replies":[{"embeddable":true,"href":"https:\/\/tecsecmty.com\/index.php\/wp-json\/wp\/v2\/comments?post=4864"}],"version-history":[{"count":0,"href":"https:\/\/tecsecmty.com\/index.php\/wp-json\/wp\/v2\/product\/4864\/revisions"}],"wp:featuredmedia":[{"embeddable":true,"href":"https:\/\/tecsecmty.com\/index.php\/wp-json\/wp\/v2\/media\/4863"}],"wp:attachment":[{"href":"https:\/\/tecsecmty.com\/index.php\/wp-json\/wp\/v2\/media?parent=4864"}],"wp:term":[{"taxonomy":"product_brand","embeddable":true,"href":"https:\/\/tecsecmty.com\/index.php\/wp-json\/wp\/v2\/product_brand?post=4864"},{"taxonomy":"product_cat","embeddable":true,"href":"https:\/\/tecsecmty.com\/index.php\/wp-json\/wp\/v2\/product_cat?post=4864"},{"taxonomy":"product_tag","embeddable":true,"href":"https:\/\/tecsecmty.com\/index.php\/wp-json\/wp\/v2\/product_tag?post=4864"}],"curies":[{"name":"wp","href":"https:\/\/api.w.org\/{rel}","templated":true}]}}