{"id":4882,"date":"2023-02-23T01:40:01","date_gmt":"2023-02-23T07:40:01","guid":{"rendered":"https:\/\/tecsecmty.com\/index.php\/producto\/sbetech-sbe-pigscapc2msm12p-pigtail-sc-apc-monomodo-9-125-simplex-2mts-paq-12\/"},"modified":"2023-03-22T23:24:21","modified_gmt":"2023-03-23T05:24:21","slug":"sbetech-sbe-pigscapc2msm12p-pigtail-sc-apc-monomodo-9-125-simplex-2mts-paq-12","status":"publish","type":"product","link":"https:\/\/tecsecmty.com\/index.php\/producto\/sbetech-sbe-pigscapc2msm12p-pigtail-sc-apc-monomodo-9-125-simplex-2mts-paq-12\/","title":{"rendered":"SBETECH SBE-PIGSCAPC2MSM12P &#8211; Pigtail SC\/APC monomodo 9\/125 simplex 2mts Paq 12"},"content":{"rendered":"<h5 class=\"card-title text-center\">Informaci\u00f3n General<\/h5>\n<p>El modelo Sbetech\u00a0<strong>SBE-PIGSCAPC2MSM12P<\/strong>, es un pigtail de fibra \u00f3ptica con un extremo terminado con un conector instalado de f\u00e1brica, y con el otro extremo sin terminar. Los pigtails se utilizan para terminar los cables de fibra \u00f3ptica mediante fusi\u00f3n o empalme mec\u00e1nico.<\/p>\n<p><img decoding=\"async\" class=\"overview-center-img-web\" src=\"https:\/\/tvc.mx\/media\/292067\/Pigtail-SC-APC-Monomodo-9-125-Simplex-2mts-Paq-SBE-PIGSCAPC2MSM12P-Sbetech-2.png\" alt=\"\" \/><\/p>\n","protected":false},"excerpt":{"rendered":"<p>Informaci\u00f3n General El modelo Sbetech\u00a0SBE-PIGSCAPC2MSM12P, es un pigtail de fibra \u00f3ptica con un extremo terminado con un conector instalado de f\u00e1brica, y con el otro extremo sin terminar. Los pigtails se utilizan para terminar los cables de fibra \u00f3ptica mediante fusi\u00f3n o empalme mec\u00e1nico.<\/p>\n","protected":false},"featured_media":4881,"comment_status":"open","ping_status":"closed","template":"","meta":{"om_disable_all_campaigns":false,"_monsterinsights_skip_tracking":false,"_monsterinsights_sitenote_active":false,"_monsterinsights_sitenote_note":"","_monsterinsights_sitenote_category":0},"product_brand":[],"product_cat":[395],"product_tag":[343,341,339,346,347,350,348,179,344,349,340,351,345,352,342],"class_list":{"0":"post-4882","1":"product","2":"type-product","3":"status-publish","4":"has-post-thumbnail","6":"product_cat-accesorios-fibra-optica-fibra-optica-sbe-tech","7":"product_tag-antiincendio","8":"product_tag-cable-anti-incendio","9":"product_tag-cables-estructurado","10":"product_tag-canaletas","11":"product_tag-charolas","12":"product_tag-conectores","13":"product_tag-fibra-optica","14":"product_tag-gabinetes","15":"product_tag-hdmi","16":"product_tag-jacks","17":"product_tag-patch-cord","18":"product_tag-racks","19":"product_tag-siameses","20":"product_tag-tierra-fisica","21":"product_tag-utp","23":"first","24":"instock","25":"sale","26":"taxable","27":"shipping-taxable","28":"purchasable","29":"product-type-simple"},"aioseo_notices":[],"_links":{"self":[{"href":"https:\/\/tecsecmty.com\/index.php\/wp-json\/wp\/v2\/product\/4882","targetHints":{"allow":["GET"]}}],"collection":[{"href":"https:\/\/tecsecmty.com\/index.php\/wp-json\/wp\/v2\/product"}],"about":[{"href":"https:\/\/tecsecmty.com\/index.php\/wp-json\/wp\/v2\/types\/product"}],"replies":[{"embeddable":true,"href":"https:\/\/tecsecmty.com\/index.php\/wp-json\/wp\/v2\/comments?post=4882"}],"version-history":[{"count":0,"href":"https:\/\/tecsecmty.com\/index.php\/wp-json\/wp\/v2\/product\/4882\/revisions"}],"wp:featuredmedia":[{"embeddable":true,"href":"https:\/\/tecsecmty.com\/index.php\/wp-json\/wp\/v2\/media\/4881"}],"wp:attachment":[{"href":"https:\/\/tecsecmty.com\/index.php\/wp-json\/wp\/v2\/media?parent=4882"}],"wp:term":[{"taxonomy":"product_brand","embeddable":true,"href":"https:\/\/tecsecmty.com\/index.php\/wp-json\/wp\/v2\/product_brand?post=4882"},{"taxonomy":"product_cat","embeddable":true,"href":"https:\/\/tecsecmty.com\/index.php\/wp-json\/wp\/v2\/product_cat?post=4882"},{"taxonomy":"product_tag","embeddable":true,"href":"https:\/\/tecsecmty.com\/index.php\/wp-json\/wp\/v2\/product_tag?post=4882"}],"curies":[{"name":"wp","href":"https:\/\/api.w.org\/{rel}","templated":true}]}}