{"id":4886,"date":"2023-02-23T01:40:08","date_gmt":"2023-02-23T07:40:08","guid":{"rendered":"https:\/\/tecsecmty.com\/index.php\/producto\/sbetech-sbe-spplc1x2scapc-splitter-plc-1x2-sc-apc-sm\/"},"modified":"2023-03-22T23:24:21","modified_gmt":"2023-03-23T05:24:21","slug":"sbetech-sbe-spplc1x2scapc-splitter-plc-1x2-sc-apc-sm","status":"publish","type":"product","link":"https:\/\/tecsecmty.com\/index.php\/producto\/sbetech-sbe-spplc1x2scapc-splitter-plc-1x2-sc-apc-sm\/","title":{"rendered":"SBETECH SBE-SPPLC1X2SCAPC &#8211; Splitter PLC 1&#215;2 SC\/APC SM"},"content":{"rendered":"<h5 class=\"card-title text-center\">Informaci\u00f3n General<\/h5>\n<p>El modelo\u00a0<strong>SBE-SPPLC1X2SCAPC,\u00a0<\/strong>es un splittler tipo PLC para FTT de fibra \u00f3ptica sus principales caracter\u00edsticas son:<\/p>\n<p>\u2022 Dispositivo de distribuci\u00f3n de potencia \u00f3ptica de tama\u00f1o peque\u00f1o y alta fiabilidad y estabilidad.<\/p>\n<p>\u2022 Estructura compacta.<\/p>\n<p>\u2022 Ultra baja perdida de inserci\u00f3n y relativa perdida de polarizaci\u00f3n.<\/p>\n<p><strong>** Tiempo de entrega 2 a 3 semanas.<\/strong><\/p>\n<p><img decoding=\"async\" class=\"overview-center-img-web\" src=\"https:\/\/tvc.mx\/media\/123042\/SBETECH-SBESPPLC1X2SCAPC-Fibra-O%CC%81ptica1.png\" alt=\"\" \/><\/p>\n","protected":false},"excerpt":{"rendered":"<p>Informaci\u00f3n General El modelo\u00a0SBE-SPPLC1X2SCAPC,\u00a0es un splittler tipo PLC para FTT de fibra \u00f3ptica sus principales caracter\u00edsticas son: \u2022 Dispositivo de distribuci\u00f3n de potencia \u00f3ptica de tama\u00f1o peque\u00f1o y alta fiabilidad y estabilidad. \u2022 Estructura compacta. \u2022 Ultra baja perdida de inserci\u00f3n y relativa perdida de&hellip;<\/p>\n","protected":false},"featured_media":4885,"comment_status":"open","ping_status":"closed","template":"","meta":{"om_disable_all_campaigns":false,"_monsterinsights_skip_tracking":false,"_monsterinsights_sitenote_active":false,"_monsterinsights_sitenote_note":"","_monsterinsights_sitenote_category":0},"product_brand":[],"product_cat":[395],"product_tag":[343,341,339,346,347,350,348,179,344,349,340,351,345,352,342],"class_list":{"0":"post-4886","1":"product","2":"type-product","3":"status-publish","4":"has-post-thumbnail","6":"product_cat-accesorios-fibra-optica-fibra-optica-sbe-tech","7":"product_tag-antiincendio","8":"product_tag-cable-anti-incendio","9":"product_tag-cables-estructurado","10":"product_tag-canaletas","11":"product_tag-charolas","12":"product_tag-conectores","13":"product_tag-fibra-optica","14":"product_tag-gabinetes","15":"product_tag-hdmi","16":"product_tag-jacks","17":"product_tag-patch-cord","18":"product_tag-racks","19":"product_tag-siameses","20":"product_tag-tierra-fisica","21":"product_tag-utp","23":"first","24":"instock","25":"sale","26":"taxable","27":"shipping-taxable","28":"purchasable","29":"product-type-simple"},"aioseo_notices":[],"_links":{"self":[{"href":"https:\/\/tecsecmty.com\/index.php\/wp-json\/wp\/v2\/product\/4886","targetHints":{"allow":["GET"]}}],"collection":[{"href":"https:\/\/tecsecmty.com\/index.php\/wp-json\/wp\/v2\/product"}],"about":[{"href":"https:\/\/tecsecmty.com\/index.php\/wp-json\/wp\/v2\/types\/product"}],"replies":[{"embeddable":true,"href":"https:\/\/tecsecmty.com\/index.php\/wp-json\/wp\/v2\/comments?post=4886"}],"version-history":[{"count":0,"href":"https:\/\/tecsecmty.com\/index.php\/wp-json\/wp\/v2\/product\/4886\/revisions"}],"wp:featuredmedia":[{"embeddable":true,"href":"https:\/\/tecsecmty.com\/index.php\/wp-json\/wp\/v2\/media\/4885"}],"wp:attachment":[{"href":"https:\/\/tecsecmty.com\/index.php\/wp-json\/wp\/v2\/media?parent=4886"}],"wp:term":[{"taxonomy":"product_brand","embeddable":true,"href":"https:\/\/tecsecmty.com\/index.php\/wp-json\/wp\/v2\/product_brand?post=4886"},{"taxonomy":"product_cat","embeddable":true,"href":"https:\/\/tecsecmty.com\/index.php\/wp-json\/wp\/v2\/product_cat?post=4886"},{"taxonomy":"product_tag","embeddable":true,"href":"https:\/\/tecsecmty.com\/index.php\/wp-json\/wp\/v2\/product_tag?post=4886"}],"curies":[{"name":"wp","href":"https:\/\/api.w.org\/{rel}","templated":true}]}}