{"id":4888,"date":"2023-02-23T01:40:10","date_gmt":"2023-02-23T07:40:10","guid":{"rendered":"https:\/\/tecsecmty.com\/index.php\/producto\/sbetech-sbe-spplc1x8scapc-divisor-splitter-optico-plc-1x8-sc-apc-sm\/"},"modified":"2023-03-22T23:24:22","modified_gmt":"2023-03-23T05:24:22","slug":"sbetech-sbe-spplc1x8scapc-divisor-splitter-optico-plc-1x8-sc-apc-sm","status":"publish","type":"product","link":"https:\/\/tecsecmty.com\/index.php\/producto\/sbetech-sbe-spplc1x8scapc-divisor-splitter-optico-plc-1x8-sc-apc-sm\/","title":{"rendered":"SBETECH SBE-SPPLC1X8SCAPC- Divisor splitter \u00f3ptico PLC 1&#215;8 SC\/APC SM"},"content":{"rendered":"<h5 class=\"card-title text-center\">Informaci\u00f3n general<\/h5>\n<p>El splitter Planar Lightwave Circuit (PLC) de SBE TECH es un dispositivo de distribuci\u00f3n de potencia \u00f3ptica, fabricado mediante un sustrato de cuarzo, de tama\u00f1o reducido, que opera con un amplio rango de longitudes de onda, alta fiabilidad y una excelente uniformidad<\/p>\n<p>espectral, es el elemento principal de la red \u00f3ptica pasiva (EPON,BPON, GPON, etc.) para conectar la oficina central y el equipo terminal, y para dividir la se\u00f1al \u00f3ptica.<\/p>\n<p><strong>Caracter\u00edsticas:<\/strong><\/p>\n<p>&#8211; Estructura compacta, de tama\u00f1o reducido<\/p>\n<p>&#8211; Alta fiabilidad<\/p>\n<p>&#8211; De ultra baja p\u00e9rdida de inserci\u00f3n y p\u00e9rdida de polarizaci\u00f3n<\/p>\n<p>&#8211; Buena uniformidad espectral<\/p>\n<p>&#8211; Un amplio rango de entorno de trabajo<\/p>\n<p>&#8211; Terminados con conectores SC\/APC<\/p>\n<p><strong>Aplicaciones:<\/strong><\/p>\n<p>&#8211; Se utiliza ampliamente para FTTX<\/p>\n<p>&#8211; Redes de televisi\u00f3n por cable (CATV)<\/p>\n<p>&#8211; LAN<\/p>\n<p>&#8211; Equipo de prueba<\/p>\n<p>&#8211; red \u00f3ptica pasiva<\/p>\n<p><strong>Incluye:<\/strong><\/p>\n<p>1 Splitter \u00f3ptico para realizar las conexiones pertinentes en su sistema de redes (No mezclar sistema GPON con enlaces punto a punto de fibra)<\/p>\n<p><strong>Par\u00e1metros<\/strong>:<\/p>\n<p>SBE TECH produce una gama completa de divisores \u00f3pticos 1xN \u00f3 2xN con un excelente desempe\u00f1o \u00f3ptico y estabilidad superior,<\/p>\n<p>se utilizan ampliamente en diversas ocasiones en interiores y exteriores. Desarrollamos cajas de distribuci\u00f3n adecuadas y juego<\/p>\n<p>de accesorios, as\u00ed como un conjunto completo de soluciones de acuerdo a las necesidades del cliente. Todos los productos cumplen con Telcordia GR-1209-CORE, Telcordia GR-1221-CORE, YD\/T1117-2001 y tras normas.<\/p>\n<p><img decoding=\"async\" class=\"overview-center-img-web\" src=\"https:\/\/tvc.mx\/media\/663297\/SBETECH-SBE-SPPLC1X8SCAPC-Divisor-splitter-optico-PLC-1x8-SC-APC-SM.png\" alt=\"\" \/><\/p>\n","protected":false},"excerpt":{"rendered":"<p>Informaci\u00f3n general El splitter Planar Lightwave Circuit (PLC) de SBE TECH es un dispositivo de distribuci\u00f3n de potencia \u00f3ptica, fabricado mediante un sustrato de cuarzo, de tama\u00f1o reducido, que opera con un amplio rango de longitudes de onda, alta fiabilidad y una excelente uniformidad espectral,&hellip;<\/p>\n","protected":false},"featured_media":4887,"comment_status":"open","ping_status":"closed","template":"","meta":{"om_disable_all_campaigns":false,"_monsterinsights_skip_tracking":false,"_monsterinsights_sitenote_active":false,"_monsterinsights_sitenote_note":"","_monsterinsights_sitenote_category":0},"product_brand":[],"product_cat":[395],"product_tag":[343,341,339,346,347,350,348,179,344,349,340,351,345,352,342],"class_list":{"0":"post-4888","1":"product","2":"type-product","3":"status-publish","4":"has-post-thumbnail","6":"product_cat-accesorios-fibra-optica-fibra-optica-sbe-tech","7":"product_tag-antiincendio","8":"product_tag-cable-anti-incendio","9":"product_tag-cables-estructurado","10":"product_tag-canaletas","11":"product_tag-charolas","12":"product_tag-conectores","13":"product_tag-fibra-optica","14":"product_tag-gabinetes","15":"product_tag-hdmi","16":"product_tag-jacks","17":"product_tag-patch-cord","18":"product_tag-racks","19":"product_tag-siameses","20":"product_tag-tierra-fisica","21":"product_tag-utp","23":"first","24":"instock","25":"sale","26":"taxable","27":"shipping-taxable","28":"purchasable","29":"product-type-simple"},"aioseo_notices":[],"_links":{"self":[{"href":"https:\/\/tecsecmty.com\/index.php\/wp-json\/wp\/v2\/product\/4888","targetHints":{"allow":["GET"]}}],"collection":[{"href":"https:\/\/tecsecmty.com\/index.php\/wp-json\/wp\/v2\/product"}],"about":[{"href":"https:\/\/tecsecmty.com\/index.php\/wp-json\/wp\/v2\/types\/product"}],"replies":[{"embeddable":true,"href":"https:\/\/tecsecmty.com\/index.php\/wp-json\/wp\/v2\/comments?post=4888"}],"version-history":[{"count":0,"href":"https:\/\/tecsecmty.com\/index.php\/wp-json\/wp\/v2\/product\/4888\/revisions"}],"wp:featuredmedia":[{"embeddable":true,"href":"https:\/\/tecsecmty.com\/index.php\/wp-json\/wp\/v2\/media\/4887"}],"wp:attachment":[{"href":"https:\/\/tecsecmty.com\/index.php\/wp-json\/wp\/v2\/media?parent=4888"}],"wp:term":[{"taxonomy":"product_brand","embeddable":true,"href":"https:\/\/tecsecmty.com\/index.php\/wp-json\/wp\/v2\/product_brand?post=4888"},{"taxonomy":"product_cat","embeddable":true,"href":"https:\/\/tecsecmty.com\/index.php\/wp-json\/wp\/v2\/product_cat?post=4888"},{"taxonomy":"product_tag","embeddable":true,"href":"https:\/\/tecsecmty.com\/index.php\/wp-json\/wp\/v2\/product_tag?post=4888"}],"curies":[{"name":"wp","href":"https:\/\/api.w.org\/{rel}","templated":true}]}}