{"id":4890,"date":"2023-02-23T01:40:11","date_gmt":"2023-02-23T07:40:11","guid":{"rendered":"https:\/\/tecsecmty.com\/index.php\/producto\/ubiquiti-uf-splitter-16-divisor-de-fibra-optica-16-salidas-compatible-con-dispositivos-uf-olt-uf-olt-4\/"},"modified":"2023-03-22T23:24:35","modified_gmt":"2023-03-23T05:24:35","slug":"ubiquiti-uf-splitter-16-divisor-de-fibra-optica-16-salidas-compatible-con-dispositivos-uf-olt-uf-olt-4","status":"publish","type":"product","link":"https:\/\/tecsecmty.com\/index.php\/producto\/ubiquiti-uf-splitter-16-divisor-de-fibra-optica-16-salidas-compatible-con-dispositivos-uf-olt-uf-olt-4\/","title":{"rendered":"Ubiquiti UF-SPLITTER-16 &#8211; Divisor de Fibra optica\/ 16 salidas\/ Compatible con dispositivos UF-OLT &amp; UF-OLT-4"},"content":{"rendered":"<p><img decoding=\"async\" src=\"https:\/\/tvc.mx\/media\/360675\/UF-SPLITTER-16_f5d23186-a9ac-42c8-bfb2-2ce4d7f95f3d_grande.png\" alt=\" \" \/><\/p>\n<h2>UF-DIVISOR-16<\/h2>\n<p><strong>El divisor UFiber transporta datos desde un cable de larga distancia de UFiber OLT y los comparte con m\u00faltiples UFiber ONU.<\/strong><\/p>\n<p><strong>Caracter\u00edsticas:<\/strong><\/p>\n<ul>\n<li class=\"ql-indent-1\">tipo minim\u00f3dulo, tubo de acero<\/li>\n<li class=\"ql-indent-1\">fibra G.657A1<\/li>\n<li class=\"ql-indent-1\">entrada\/salida 0,9 mm<\/li>\n<li class=\"ql-indent-1\">longitud del cable de 1,5 metros<\/li>\n<li class=\"ql-indent-1\">terminado con conector SC\/APC<\/li>\n<\/ul>\n","protected":false},"excerpt":{"rendered":"<p>UF-DIVISOR-16 El divisor UFiber transporta datos desde un cable de larga distancia de UFiber OLT y los comparte con m\u00faltiples UFiber ONU. Caracter\u00edsticas: tipo minim\u00f3dulo, tubo de acero fibra G.657A1 entrada\/salida 0,9 mm longitud del cable de 1,5 metros terminado con conector SC\/APC<\/p>\n","protected":false},"featured_media":4889,"comment_status":"open","ping_status":"closed","template":"","meta":{"om_disable_all_campaigns":false,"_monsterinsights_skip_tracking":false,"_monsterinsights_sitenote_active":false,"_monsterinsights_sitenote_note":"","_monsterinsights_sitenote_category":0},"product_brand":[],"product_cat":[397],"product_tag":[343,341,339,346,347,350,348,179,344,349,340,351,345,352,342],"class_list":{"0":"post-4890","1":"product","2":"type-product","3":"status-publish","4":"has-post-thumbnail","6":"product_cat-accesorios-fibra-optica-fibra-optica-ubiquiti","7":"product_tag-antiincendio","8":"product_tag-cable-anti-incendio","9":"product_tag-cables-estructurado","10":"product_tag-canaletas","11":"product_tag-charolas","12":"product_tag-conectores","13":"product_tag-fibra-optica","14":"product_tag-gabinetes","15":"product_tag-hdmi","16":"product_tag-jacks","17":"product_tag-patch-cord","18":"product_tag-racks","19":"product_tag-siameses","20":"product_tag-tierra-fisica","21":"product_tag-utp","23":"first","24":"instock","25":"sale","26":"taxable","27":"shipping-taxable","28":"purchasable","29":"product-type-simple"},"aioseo_notices":[],"_links":{"self":[{"href":"https:\/\/tecsecmty.com\/index.php\/wp-json\/wp\/v2\/product\/4890","targetHints":{"allow":["GET"]}}],"collection":[{"href":"https:\/\/tecsecmty.com\/index.php\/wp-json\/wp\/v2\/product"}],"about":[{"href":"https:\/\/tecsecmty.com\/index.php\/wp-json\/wp\/v2\/types\/product"}],"replies":[{"embeddable":true,"href":"https:\/\/tecsecmty.com\/index.php\/wp-json\/wp\/v2\/comments?post=4890"}],"version-history":[{"count":0,"href":"https:\/\/tecsecmty.com\/index.php\/wp-json\/wp\/v2\/product\/4890\/revisions"}],"wp:featuredmedia":[{"embeddable":true,"href":"https:\/\/tecsecmty.com\/index.php\/wp-json\/wp\/v2\/media\/4889"}],"wp:attachment":[{"href":"https:\/\/tecsecmty.com\/index.php\/wp-json\/wp\/v2\/media?parent=4890"}],"wp:term":[{"taxonomy":"product_brand","embeddable":true,"href":"https:\/\/tecsecmty.com\/index.php\/wp-json\/wp\/v2\/product_brand?post=4890"},{"taxonomy":"product_cat","embeddable":true,"href":"https:\/\/tecsecmty.com\/index.php\/wp-json\/wp\/v2\/product_cat?post=4890"},{"taxonomy":"product_tag","embeddable":true,"href":"https:\/\/tecsecmty.com\/index.php\/wp-json\/wp\/v2\/product_tag?post=4890"}],"curies":[{"name":"wp","href":"https:\/\/api.w.org\/{rel}","templated":true}]}}