{"id":4894,"date":"2023-02-23T01:40:14","date_gmt":"2023-02-23T07:40:14","guid":{"rendered":"https:\/\/tecsecmty.com\/index.php\/producto\/sbe-tech-sbe-foadss12sm-cable-de-fibra-optica-adss-monomodo-9-125-tipo-g652d-12-hilos-os2-precio-por-metro-multiplo-de-venta-de-100-mts\/"},"modified":"2023-03-22T23:24:12","modified_gmt":"2023-03-23T05:24:12","slug":"sbe-tech-sbe-foadss12sm-cable-de-fibra-optica-adss-monomodo-9-125-tipo-g652d-12-hilos-os2-precio-por-metro-multiplo-de-venta-de-100-mts","status":"publish","type":"product","link":"https:\/\/tecsecmty.com\/index.php\/producto\/sbe-tech-sbe-foadss12sm-cable-de-fibra-optica-adss-monomodo-9-125-tipo-g652d-12-hilos-os2-precio-por-metro-multiplo-de-venta-de-100-mts\/","title":{"rendered":"SBE TECH SBE-FOADSS12SM- Cable de Fibra \u00d3ptica ADSS Monomodo 9\/125\/ Tipo G652D\/ 12 Hilos\/ OS2\/ Precio por Metro \/ M\u00faltiplo de venta de 100 mts"},"content":{"rendered":"<h5 class=\"card-title text-center\">Informaci\u00f3n General<\/h5>\n<p>Cable de Fibra \u00d3ptica ADSS de 12 hilos para exteriores SPAN de 100 metros, fabricado mediante tubos holgados de PBT, con relleno de gel como bloqueador de agua, forro interno de PE, una cubierta de aramida para dar \u00e9l autosoporte al cable y forro externo de PE. Elemento central diel\u00e9ctrico de FRP. Dise\u00f1ado para instalaciones a\u00e9reas o ambientes donde se requieran elementos totalmente diel\u00e9ctricos<\/p>\n<p><img decoding=\"async\" class=\"overview-center-img-web\" src=\"https:\/\/tvc.mx\/media\/193390\/Sbetech-SBE-FOADSS12SM-Cable-DeFibra-%C3%93ptica-ADSS-Monomodo--9125-Tipo-G652-12-Hilos-OS2-2.png\" alt=\"\" \/><\/p>\n","protected":false},"excerpt":{"rendered":"<p>Informaci\u00f3n General Cable de Fibra \u00d3ptica ADSS de 12 hilos para exteriores SPAN de 100 metros, fabricado mediante tubos holgados de PBT, con relleno de gel como bloqueador de agua, forro interno de PE, una cubierta de aramida para dar \u00e9l autosoporte al cable y&hellip;<\/p>\n","protected":false},"featured_media":4893,"comment_status":"open","ping_status":"closed","template":"","meta":{"om_disable_all_campaigns":false,"_monsterinsights_skip_tracking":false,"_monsterinsights_sitenote_active":false,"_monsterinsights_sitenote_note":"","_monsterinsights_sitenote_category":0},"product_brand":[],"product_cat":[398],"product_tag":[343,341,339,346,347,350,348,179,344,349,340,351,345,352,342],"class_list":{"0":"post-4894","1":"product","2":"type-product","3":"status-publish","4":"has-post-thumbnail","6":"product_cat-cable-de-fibra-optica","7":"product_tag-antiincendio","8":"product_tag-cable-anti-incendio","9":"product_tag-cables-estructurado","10":"product_tag-canaletas","11":"product_tag-charolas","12":"product_tag-conectores","13":"product_tag-fibra-optica","14":"product_tag-gabinetes","15":"product_tag-hdmi","16":"product_tag-jacks","17":"product_tag-patch-cord","18":"product_tag-racks","19":"product_tag-siameses","20":"product_tag-tierra-fisica","21":"product_tag-utp","23":"first","24":"instock","25":"sale","26":"taxable","27":"shipping-taxable","28":"purchasable","29":"product-type-simple"},"aioseo_notices":[],"_links":{"self":[{"href":"https:\/\/tecsecmty.com\/index.php\/wp-json\/wp\/v2\/product\/4894","targetHints":{"allow":["GET"]}}],"collection":[{"href":"https:\/\/tecsecmty.com\/index.php\/wp-json\/wp\/v2\/product"}],"about":[{"href":"https:\/\/tecsecmty.com\/index.php\/wp-json\/wp\/v2\/types\/product"}],"replies":[{"embeddable":true,"href":"https:\/\/tecsecmty.com\/index.php\/wp-json\/wp\/v2\/comments?post=4894"}],"version-history":[{"count":0,"href":"https:\/\/tecsecmty.com\/index.php\/wp-json\/wp\/v2\/product\/4894\/revisions"}],"wp:featuredmedia":[{"embeddable":true,"href":"https:\/\/tecsecmty.com\/index.php\/wp-json\/wp\/v2\/media\/4893"}],"wp:attachment":[{"href":"https:\/\/tecsecmty.com\/index.php\/wp-json\/wp\/v2\/media?parent=4894"}],"wp:term":[{"taxonomy":"product_brand","embeddable":true,"href":"https:\/\/tecsecmty.com\/index.php\/wp-json\/wp\/v2\/product_brand?post=4894"},{"taxonomy":"product_cat","embeddable":true,"href":"https:\/\/tecsecmty.com\/index.php\/wp-json\/wp\/v2\/product_cat?post=4894"},{"taxonomy":"product_tag","embeddable":true,"href":"https:\/\/tecsecmty.com\/index.php\/wp-json\/wp\/v2\/product_tag?post=4894"}],"curies":[{"name":"wp","href":"https:\/\/api.w.org\/{rel}","templated":true}]}}