{"id":4910,"date":"2023-02-23T01:40:27","date_gmt":"2023-02-23T07:40:27","guid":{"rendered":"https:\/\/tecsecmty.com\/index.php\/producto\/sbetech-sbe-foine65010gom4-fibra-optica-multimodo-para-uso-interior-exterior-tubo-apretado-50-125-lszh-10g-om4-6-hilos-metro\/"},"modified":"2023-03-22T23:24:18","modified_gmt":"2023-03-23T05:24:18","slug":"sbetech-sbe-foine65010gom4-fibra-optica-multimodo-para-uso-interior-exterior-tubo-apretado-50-125-lszh-10g-om4-6-hilos-metro","status":"publish","type":"product","link":"https:\/\/tecsecmty.com\/index.php\/producto\/sbetech-sbe-foine65010gom4-fibra-optica-multimodo-para-uso-interior-exterior-tubo-apretado-50-125-lszh-10g-om4-6-hilos-metro\/","title":{"rendered":"SBETECH SBE-FOINE65010GOM4 &#8211; Fibra Optica MULTIMODO para uso interior\/exterior tubo apretado 50\/125, LSZH, 10G, OM4 6 hilos \/ Metro"},"content":{"rendered":"<h5 class=\"card-title text-center\">Informaci\u00f3n General<\/h5>\n<p>Cable de Fibra \u00d3ptica\u00a0MULTIMODO\u00a0para uso Interior\/exterior multimodo de 6 hilos, formado por 6 hilos de fibra \u00f3ptica OM4 con tubo apretado de 900\u03bcm, hilos de aramida para protecci\u00f3n mec\u00e1nica al cable y forro externo LSZH con protecci\u00f3n UV.<\/p>\n<p><strong>Caracter\u00edsticas principales:<\/strong><\/p>\n<p>\u2022 Fabricada con una cubierta de hilos de aramida como elementos de tensi\u00f3n.<\/p>\n<p>\u2022 Hilos de fibra con tubo apretado de 900 \u00b5m.<\/p>\n<p>\u2022 Excelente para uso tanto en exteriores por su cubierta de PE, as\u00ed como para interiores.<\/p>\n<p>\u2022 Totalmente diel\u00e9ctrica.<\/p>\n<p><img decoding=\"async\" class=\"overview-center-img-web\" src=\"https:\/\/tvc.mx\/media\/160922\/Sbetech-SBE-FOINE65010G-Fibra-O%CC%81ptica-Multimodo2.png\" alt=\"\" \/><\/p>\n","protected":false},"excerpt":{"rendered":"<p>Informaci\u00f3n General Cable de Fibra \u00d3ptica\u00a0MULTIMODO\u00a0para uso Interior\/exterior multimodo de 6 hilos, formado por 6 hilos de fibra \u00f3ptica OM4 con tubo apretado de 900\u03bcm, hilos de aramida para protecci\u00f3n mec\u00e1nica al cable y forro externo LSZH con protecci\u00f3n UV. Caracter\u00edsticas principales: \u2022 Fabricada con&hellip;<\/p>\n","protected":false},"featured_media":4909,"comment_status":"open","ping_status":"closed","template":"","meta":{"om_disable_all_campaigns":false,"_monsterinsights_skip_tracking":false,"_monsterinsights_sitenote_active":false,"_monsterinsights_sitenote_note":"","_monsterinsights_sitenote_category":0},"product_brand":[],"product_cat":[398],"product_tag":[343,341,339,346,347,350,348,179,344,349,340,351,345,352,342],"class_list":{"0":"post-4910","1":"product","2":"type-product","3":"status-publish","4":"has-post-thumbnail","6":"product_cat-cable-de-fibra-optica","7":"product_tag-antiincendio","8":"product_tag-cable-anti-incendio","9":"product_tag-cables-estructurado","10":"product_tag-canaletas","11":"product_tag-charolas","12":"product_tag-conectores","13":"product_tag-fibra-optica","14":"product_tag-gabinetes","15":"product_tag-hdmi","16":"product_tag-jacks","17":"product_tag-patch-cord","18":"product_tag-racks","19":"product_tag-siameses","20":"product_tag-tierra-fisica","21":"product_tag-utp","23":"first","24":"instock","25":"sale","26":"taxable","27":"shipping-taxable","28":"purchasable","29":"product-type-simple"},"aioseo_notices":[],"_links":{"self":[{"href":"https:\/\/tecsecmty.com\/index.php\/wp-json\/wp\/v2\/product\/4910","targetHints":{"allow":["GET"]}}],"collection":[{"href":"https:\/\/tecsecmty.com\/index.php\/wp-json\/wp\/v2\/product"}],"about":[{"href":"https:\/\/tecsecmty.com\/index.php\/wp-json\/wp\/v2\/types\/product"}],"replies":[{"embeddable":true,"href":"https:\/\/tecsecmty.com\/index.php\/wp-json\/wp\/v2\/comments?post=4910"}],"version-history":[{"count":0,"href":"https:\/\/tecsecmty.com\/index.php\/wp-json\/wp\/v2\/product\/4910\/revisions"}],"wp:featuredmedia":[{"embeddable":true,"href":"https:\/\/tecsecmty.com\/index.php\/wp-json\/wp\/v2\/media\/4909"}],"wp:attachment":[{"href":"https:\/\/tecsecmty.com\/index.php\/wp-json\/wp\/v2\/media?parent=4910"}],"wp:term":[{"taxonomy":"product_brand","embeddable":true,"href":"https:\/\/tecsecmty.com\/index.php\/wp-json\/wp\/v2\/product_brand?post=4910"},{"taxonomy":"product_cat","embeddable":true,"href":"https:\/\/tecsecmty.com\/index.php\/wp-json\/wp\/v2\/product_cat?post=4910"},{"taxonomy":"product_tag","embeddable":true,"href":"https:\/\/tecsecmty.com\/index.php\/wp-json\/wp\/v2\/product_tag?post=4910"}],"curies":[{"name":"wp","href":"https:\/\/api.w.org\/{rel}","templated":true}]}}