{"id":4940,"date":"2023-02-23T01:40:58","date_gmt":"2023-02-23T07:40:58","guid":{"rendered":"https:\/\/tecsecmty.com\/index.php\/producto\/sbetech-sbe-jumlc-lc-1m50-jumper-lc-lc-mm-50-125-om4-duplex-2-mm-1-metro-upc\/"},"modified":"2023-03-22T23:24:19","modified_gmt":"2023-03-23T05:24:19","slug":"sbetech-sbe-jumlc-lc-1m50-jumper-lc-lc-mm-50-125-om4-duplex-2-mm-1-metro-upc","status":"publish","type":"product","link":"https:\/\/tecsecmty.com\/index.php\/producto\/sbetech-sbe-jumlc-lc-1m50-jumper-lc-lc-mm-50-125-om4-duplex-2-mm-1-metro-upc\/","title":{"rendered":"SBETECH SBE-JUMLC-LC-1M50 &#8211; Jumper LC-LC MM 50\/125 OM4 duplex 2 mm, 1 metro, UPC"},"content":{"rendered":"<h5 class=\"card-title text-center\">Informaci\u00f3n General<\/h5>\n<p>El jumper d\u00faplex LC-LC multimodo de SBE TECH presenta una gran calidad y efectividad en las conexiones, f\u00e1cil instalaci\u00f3n y ahorro de tiempo, disponibles en versiones de 1, 2, 3, 5 y 10 metros, fabricados con fibra \u00f3ptica OM4 de 50\/125 \u00b5m.<\/p>\n<p><img decoding=\"async\" class=\"overview-center-img-web\" src=\"https:\/\/tvc.mx\/media\/192942\/Sbetech-JUMLCLC1M50-Conector-Prepulido-LC-LC-MM-Para-50125-Micras-OM4-UPC-2MM-2.png\" alt=\"\" \/><\/p>\n","protected":false},"excerpt":{"rendered":"<p>Informaci\u00f3n General El jumper d\u00faplex LC-LC multimodo de SBE TECH presenta una gran calidad y efectividad en las conexiones, f\u00e1cil instalaci\u00f3n y ahorro de tiempo, disponibles en versiones de 1, 2, 3, 5 y 10 metros, fabricados con fibra \u00f3ptica OM4 de 50\/125 \u00b5m.<\/p>\n","protected":false},"featured_media":4939,"comment_status":"open","ping_status":"closed","template":"","meta":{"om_disable_all_campaigns":false,"_monsterinsights_skip_tracking":false,"_monsterinsights_sitenote_active":false,"_monsterinsights_sitenote_note":"","_monsterinsights_sitenote_category":0},"product_brand":[],"product_cat":[400],"product_tag":[343,341,339,346,347,350,348,179,344,349,340,351,345,352,342],"class_list":{"0":"post-4940","1":"product","2":"type-product","3":"status-publish","4":"has-post-thumbnail","6":"product_cat-jumpers","7":"product_tag-antiincendio","8":"product_tag-cable-anti-incendio","9":"product_tag-cables-estructurado","10":"product_tag-canaletas","11":"product_tag-charolas","12":"product_tag-conectores","13":"product_tag-fibra-optica","14":"product_tag-gabinetes","15":"product_tag-hdmi","16":"product_tag-jacks","17":"product_tag-patch-cord","18":"product_tag-racks","19":"product_tag-siameses","20":"product_tag-tierra-fisica","21":"product_tag-utp","23":"first","24":"instock","25":"sale","26":"taxable","27":"shipping-taxable","28":"purchasable","29":"product-type-simple"},"aioseo_notices":[],"_links":{"self":[{"href":"https:\/\/tecsecmty.com\/index.php\/wp-json\/wp\/v2\/product\/4940","targetHints":{"allow":["GET"]}}],"collection":[{"href":"https:\/\/tecsecmty.com\/index.php\/wp-json\/wp\/v2\/product"}],"about":[{"href":"https:\/\/tecsecmty.com\/index.php\/wp-json\/wp\/v2\/types\/product"}],"replies":[{"embeddable":true,"href":"https:\/\/tecsecmty.com\/index.php\/wp-json\/wp\/v2\/comments?post=4940"}],"version-history":[{"count":0,"href":"https:\/\/tecsecmty.com\/index.php\/wp-json\/wp\/v2\/product\/4940\/revisions"}],"wp:featuredmedia":[{"embeddable":true,"href":"https:\/\/tecsecmty.com\/index.php\/wp-json\/wp\/v2\/media\/4939"}],"wp:attachment":[{"href":"https:\/\/tecsecmty.com\/index.php\/wp-json\/wp\/v2\/media?parent=4940"}],"wp:term":[{"taxonomy":"product_brand","embeddable":true,"href":"https:\/\/tecsecmty.com\/index.php\/wp-json\/wp\/v2\/product_brand?post=4940"},{"taxonomy":"product_cat","embeddable":true,"href":"https:\/\/tecsecmty.com\/index.php\/wp-json\/wp\/v2\/product_cat?post=4940"},{"taxonomy":"product_tag","embeddable":true,"href":"https:\/\/tecsecmty.com\/index.php\/wp-json\/wp\/v2\/product_tag?post=4940"}],"curies":[{"name":"wp","href":"https:\/\/api.w.org\/{rel}","templated":true}]}}