{"id":4948,"date":"2023-02-23T01:41:08","date_gmt":"2023-02-23T07:41:08","guid":{"rendered":"https:\/\/tecsecmty.com\/index.php\/producto\/sbetech-sbe-jumscscapc2msm-jumper-sc-upc-sc-apc-monomodo-2-metros\/"},"modified":"2023-03-22T23:24:20","modified_gmt":"2023-03-23T05:24:20","slug":"sbetech-sbe-jumscscapc2msm-jumper-sc-upc-sc-apc-monomodo-2-metros","status":"publish","type":"product","link":"https:\/\/tecsecmty.com\/index.php\/producto\/sbetech-sbe-jumscscapc2msm-jumper-sc-upc-sc-apc-monomodo-2-metros\/","title":{"rendered":"SBETECH SBE-JUMSCSCAPC2MSM JUMPER SC\/UPC SC\/APC \/ MONOMODO \/2 METROS"},"content":{"rendered":"<h5 class=\"card-title text-center\">Caracter\u00edsticas Principales<\/h5>\n<p>&nbsp;<\/p>\n<p>ESPECIFICACIONES<\/p>\n<p>Tipo de bra: 6452 D, 9\/1254m<\/p>\n<p>[Numero de fibras: 1<\/p>\n<p>Tipo de conector: SCIUPC-SCIAPC simplex<\/p>\n<p>[Cuerpo del conector: Pl\u00e1stico!<\/p>\n<p>[F\u00e9rula:<\/p>\n<p>Cer\u00e1mica de zirconta<\/p>\n<p>Pulido de la f\u00e9rula:<\/p>\n<p>\u201cAngled Physical Contact (APC) \/ Ultra Physical Contact (UPC)<\/p>\n<p>&nbsp;<\/p>\n<p>[Cubierta exterior: 2.0mm color amarillo<\/p>\n<p>Material de forro: PVC con retardante de flama<\/p>\n<p>Elemento de refuerzo: Hilos de aramida<\/p>\n<p>Cumple con: TIAJEIA 568-C3<\/p>\n<p>EEE 8023<\/p>\n<p>Telcord\u00eda GR-326\/409\/20-CORE<\/p>\n<p>[CARACTERISTICAS<\/p>\n<p>F\u00edaci\u00f3n del conector: Push-Pull<\/p>\n<p>[Di\u00e1metro de la f\u00e9rula: 25m (SC)<\/p>\n<p>Perdida de inserci\u00f3n (1):<\/p>\n<p>&lt; 0.248 Prueba de laboratorio incluida en cada jumper.<\/p>\n<p>Perdida de retorno (RL):<\/p>\n<p>&gt; 6048 Prueba de laboraorio incluida en cada jumper.<\/p>\n<p>APLICACIONES<\/p>\n<p>Los jumper monomodo con fibra G.652 D, 9\/125ym de SBE TECH son ideales para llevar acabo la adminis-<\/p>\n<p>traci\u00f3n de la red de fibra de una forma confiable y practica ya que brindan mayor flexibilidad de los cables<\/p>\n<p>al momento de agruparlos dentro de los organizadores tanto Racl\u00e9s como de gabinetes.<\/p>\n<p><img decoding=\"async\" class=\"overview-center-img-web\" src=\"https:\/\/tvc.mx\/media\/465280\/SBE-JUMSC-SCAPC-2MSM-JUMPER-SC-UPC-SC-APC-MONOMODO-2-METROS.png\" alt=\"\" \/><\/p>\n","protected":false},"excerpt":{"rendered":"<p>Caracter\u00edsticas Principales &nbsp; ESPECIFICACIONES Tipo de bra: 6452 D, 9\/1254m [Numero de fibras: 1 Tipo de conector: SCIUPC-SCIAPC simplex [Cuerpo del conector: Pl\u00e1stico! [F\u00e9rula: Cer\u00e1mica de zirconta Pulido de la f\u00e9rula: \u201cAngled Physical Contact (APC) \/ Ultra Physical Contact (UPC) &nbsp; [Cubierta exterior: 2.0mm color&hellip;<\/p>\n","protected":false},"featured_media":4947,"comment_status":"open","ping_status":"closed","template":"","meta":{"om_disable_all_campaigns":false,"_monsterinsights_skip_tracking":false,"_monsterinsights_sitenote_active":false,"_monsterinsights_sitenote_note":"","_monsterinsights_sitenote_category":0},"product_brand":[],"product_cat":[400],"product_tag":[343,341,339,346,347,350,348,179,344,349,340,351,345,352,342],"class_list":{"0":"post-4948","1":"product","2":"type-product","3":"status-publish","4":"has-post-thumbnail","6":"product_cat-jumpers","7":"product_tag-antiincendio","8":"product_tag-cable-anti-incendio","9":"product_tag-cables-estructurado","10":"product_tag-canaletas","11":"product_tag-charolas","12":"product_tag-conectores","13":"product_tag-fibra-optica","14":"product_tag-gabinetes","15":"product_tag-hdmi","16":"product_tag-jacks","17":"product_tag-patch-cord","18":"product_tag-racks","19":"product_tag-siameses","20":"product_tag-tierra-fisica","21":"product_tag-utp","23":"first","24":"instock","25":"sale","26":"taxable","27":"shipping-taxable","28":"purchasable","29":"product-type-simple"},"aioseo_notices":[],"_links":{"self":[{"href":"https:\/\/tecsecmty.com\/index.php\/wp-json\/wp\/v2\/product\/4948","targetHints":{"allow":["GET"]}}],"collection":[{"href":"https:\/\/tecsecmty.com\/index.php\/wp-json\/wp\/v2\/product"}],"about":[{"href":"https:\/\/tecsecmty.com\/index.php\/wp-json\/wp\/v2\/types\/product"}],"replies":[{"embeddable":true,"href":"https:\/\/tecsecmty.com\/index.php\/wp-json\/wp\/v2\/comments?post=4948"}],"version-history":[{"count":0,"href":"https:\/\/tecsecmty.com\/index.php\/wp-json\/wp\/v2\/product\/4948\/revisions"}],"wp:featuredmedia":[{"embeddable":true,"href":"https:\/\/tecsecmty.com\/index.php\/wp-json\/wp\/v2\/media\/4947"}],"wp:attachment":[{"href":"https:\/\/tecsecmty.com\/index.php\/wp-json\/wp\/v2\/media?parent=4948"}],"wp:term":[{"taxonomy":"product_brand","embeddable":true,"href":"https:\/\/tecsecmty.com\/index.php\/wp-json\/wp\/v2\/product_brand?post=4948"},{"taxonomy":"product_cat","embeddable":true,"href":"https:\/\/tecsecmty.com\/index.php\/wp-json\/wp\/v2\/product_cat?post=4948"},{"taxonomy":"product_tag","embeddable":true,"href":"https:\/\/tecsecmty.com\/index.php\/wp-json\/wp\/v2\/product_tag?post=4948"}],"curies":[{"name":"wp","href":"https:\/\/api.w.org\/{rel}","templated":true}]}}