{"id":4952,"date":"2023-02-23T01:41:11","date_gmt":"2023-02-23T07:41:11","guid":{"rendered":"https:\/\/tecsecmty.com\/index.php\/producto\/sbetech-sbe-piglc2msm6p-juego-de-6-pigtail-lc-monomodo-9-125-2-metros\/"},"modified":"2023-03-22T23:24:20","modified_gmt":"2023-03-23T05:24:20","slug":"sbetech-sbe-piglc2msm6p-juego-de-6-pigtail-lc-monomodo-9-125-2-metros","status":"publish","type":"product","link":"https:\/\/tecsecmty.com\/index.php\/producto\/sbetech-sbe-piglc2msm6p-juego-de-6-pigtail-lc-monomodo-9-125-2-metros\/","title":{"rendered":"SBETECH SBE-PIGLC2MSM6P JUEGO DE 6 PIGTAIL LC \/ MONOMODO 9\/125 \/ 2 METROS"},"content":{"rendered":"<h5 class=\"card-title text-center\">Caracter\u00edsticas Principales<\/h5>\n<p>&nbsp;<\/p>\n<p>ESPECIFICACIONES<\/p>\n<p>Cuerpo: Pl\u00e1stico.<\/p>\n<p>[F\u00e9rula: Cer\u00e1mica Zirconia<\/p>\n<p>[Di\u00e1metro de la f\u00e9rula: 25m<\/p>\n<p>[Acabado de la f\u00e9rula: UPC<\/p>\n<p>Durabilidad: 500 inserciones<\/p>\n<p>Fijaci\u00f3n: Tipo push pull<\/p>\n<p>Certificaci\u00f3n: Se incluyen resultados de pruebas de desempa\u00f1o<\/p>\n<p>INFORMACI\u00d3N T\u00c9CNICA<\/p>\n<p>[Tipo de fibra \u00f3ptica: Monomodo.<\/p>\n<p>Di\u00e1metro del n\u00facleo: Sum.<\/p>\n<p>Di\u00e1metro del revestimiento: 12Sum<\/p>\n<p>Di\u00e1metro del recubrimiento: E<\/p>\n<p>P\u00e9rdida de inserci\u00f3n: &lt;020 48<\/p>\n<p>P\u00e9rdida de retorno: &gt; 60 48<\/p>\n<p>&nbsp;<\/p>\n<p>[CARACTERISTICAS<\/p>\n<p>Buena resistencia de rendimiento de acuerdo con las circunstancias cambiantes.<\/p>\n<p>Menos susceptibles a perdidas por micro-curvas<\/p>\n<p>Baja perdida de inserci\u00f3n<\/p>\n<p>Inmune a la interferencia el\u00e9ctrica<\/p>\n<p>F\u00e9rula de alta precisi\u00f3n con excelente concentricidad<\/p>\n<p>APLICACIONES<\/p>\n<p>Ideales para terminaciones de fusi\u00f3n en redes de fibra \u00f3ptica mas avanzadas (FTTx, CATY, LAN, etc.)<\/p>\n<p>&nbsp;<\/p>\n<p><img decoding=\"async\" class=\"overview-center-img-web\" src=\"https:\/\/tvc.mx\/media\/465400\/SBE-PIGLC2MSM6P-JUEGO-DE-6-PIGTAIL-LC-MONOMODO-9-125-2-METROS.png\" alt=\"\" \/><\/p>\n","protected":false},"excerpt":{"rendered":"<p>Caracter\u00edsticas Principales &nbsp; ESPECIFICACIONES Cuerpo: Pl\u00e1stico. [F\u00e9rula: Cer\u00e1mica Zirconia [Di\u00e1metro de la f\u00e9rula: 25m [Acabado de la f\u00e9rula: UPC Durabilidad: 500 inserciones Fijaci\u00f3n: Tipo push pull Certificaci\u00f3n: Se incluyen resultados de pruebas de desempa\u00f1o INFORMACI\u00d3N T\u00c9CNICA [Tipo de fibra \u00f3ptica: Monomodo. Di\u00e1metro del n\u00facleo: Sum.&hellip;<\/p>\n","protected":false},"featured_media":4951,"comment_status":"open","ping_status":"closed","template":"","meta":{"om_disable_all_campaigns":false,"_monsterinsights_skip_tracking":false,"_monsterinsights_sitenote_active":false,"_monsterinsights_sitenote_note":"","_monsterinsights_sitenote_category":0},"product_brand":[],"product_cat":[400],"product_tag":[343,341,339,346,347,350,348,179,344,349,340,351,345,352,342],"class_list":{"0":"post-4952","1":"product","2":"type-product","3":"status-publish","4":"has-post-thumbnail","6":"product_cat-jumpers","7":"product_tag-antiincendio","8":"product_tag-cable-anti-incendio","9":"product_tag-cables-estructurado","10":"product_tag-canaletas","11":"product_tag-charolas","12":"product_tag-conectores","13":"product_tag-fibra-optica","14":"product_tag-gabinetes","15":"product_tag-hdmi","16":"product_tag-jacks","17":"product_tag-patch-cord","18":"product_tag-racks","19":"product_tag-siameses","20":"product_tag-tierra-fisica","21":"product_tag-utp","23":"first","24":"instock","25":"sale","26":"taxable","27":"shipping-taxable","28":"purchasable","29":"product-type-simple"},"aioseo_notices":[],"_links":{"self":[{"href":"https:\/\/tecsecmty.com\/index.php\/wp-json\/wp\/v2\/product\/4952","targetHints":{"allow":["GET"]}}],"collection":[{"href":"https:\/\/tecsecmty.com\/index.php\/wp-json\/wp\/v2\/product"}],"about":[{"href":"https:\/\/tecsecmty.com\/index.php\/wp-json\/wp\/v2\/types\/product"}],"replies":[{"embeddable":true,"href":"https:\/\/tecsecmty.com\/index.php\/wp-json\/wp\/v2\/comments?post=4952"}],"version-history":[{"count":0,"href":"https:\/\/tecsecmty.com\/index.php\/wp-json\/wp\/v2\/product\/4952\/revisions"}],"wp:featuredmedia":[{"embeddable":true,"href":"https:\/\/tecsecmty.com\/index.php\/wp-json\/wp\/v2\/media\/4951"}],"wp:attachment":[{"href":"https:\/\/tecsecmty.com\/index.php\/wp-json\/wp\/v2\/media?parent=4952"}],"wp:term":[{"taxonomy":"product_brand","embeddable":true,"href":"https:\/\/tecsecmty.com\/index.php\/wp-json\/wp\/v2\/product_brand?post=4952"},{"taxonomy":"product_cat","embeddable":true,"href":"https:\/\/tecsecmty.com\/index.php\/wp-json\/wp\/v2\/product_cat?post=4952"},{"taxonomy":"product_tag","embeddable":true,"href":"https:\/\/tecsecmty.com\/index.php\/wp-json\/wp\/v2\/product_tag?post=4952"}],"curies":[{"name":"wp","href":"https:\/\/api.w.org\/{rel}","templated":true}]}}