{"id":4958,"date":"2023-02-23T01:41:16","date_gmt":"2023-02-23T07:41:16","guid":{"rendered":"https:\/\/tecsecmty.com\/index.php\/producto\/intellinet-713108-gabinete-19-26u-600x-800-flatpack\/"},"modified":"2023-03-22T23:23:35","modified_gmt":"2023-03-23T05:23:35","slug":"intellinet-713108-gabinete-19-26u-600x-800-flatpack","status":"publish","type":"product","link":"https:\/\/tecsecmty.com\/index.php\/producto\/intellinet-713108-gabinete-19-26u-600x-800-flatpack\/","title":{"rendered":"INTELLINET 713108 &#8211; Gabinete 19&#8243; \/ 26U \/ 600x 800 \/ Flatpack"},"content":{"rendered":"<h5 class=\"card-title text-center\">Informaci\u00f3n General<\/h5>\n<p>Los gabinetes de Intellinet te ofrecen una soluci\u00f3n flexible y completa para tus instalaciones de telecomunicaciones. En t\u00e9rminos de almacenaje, tienes numerosas opciones de 19&#8243; con profundidades de instalaci\u00f3n desde 600 hasta 800 mm: Con alturas desde 22 hasta 42 unidades en color negro (RAL9005), te ofrecemos una soluci\u00f3n para cada necesidad. Los paneles laterales desmontables y la puerta de vidrio templado hacen que el cableado y el cambio de componentes sea f\u00e1cil. En materiales y mano de obra, brindamos calidad. Parte de esto es el cuadro de acero laminado, los postes niquelados para montaje de 19&#8243; y cubierta en polvo antiest\u00e1tico en todos los paneles.\u00a0Ideal para todas las aplicaciones de montaje en rack de 19&#8243;<\/p>\n<ul>\n<li>Carga est\u00e1tica m\u00e1xima de 1,500 kg<\/li>\n<li>Puerta de cristal templado<\/li>\n<li>Postes de montaje de 19 pulgadas, galvanizados<\/li>\n<li>Cubierta en polvo antiest\u00e1tico en todos los paneles<\/li>\n<li>Paneles con grosor de hasta 2 mm de acero<\/li>\n<li>Cubierta calificada como IP20<\/li>\n<li>Paneles laterales y traseros f\u00e1cilmente desmontables<\/li>\n<li>Cerradura multipunto de puerta<\/li>\n<li>Dos aperturas permiten la entrada del cable por la parte superior o inferior<\/li>\n<li>Ranuras de ventilaci\u00f3n que brindan un excelente flujo de aire<\/li>\n<li>Se env\u00eda desarmado<\/li>\n<li>5 a\u00f1os de Garant\u00eda<\/li>\n<\/ul>\n<p><img decoding=\"async\" class=\"overview-center-img-web\" src=\"https:\/\/tvc.mx\/media\/260375\/Gabinete-19-Rack-Cerrado-26U-Puerta-Cristal-Flatpack-Intellinet-713108-2.png\" alt=\"\" \/><\/p>\n<h5 class=\"card-title text-center\">Caracter\u00edsticas Principales<\/h5>\n<ul>\n<li>19 pulgadas<\/li>\n<li>Altura: 26U<\/li>\n<li>Color: Negro RAL9005<\/li>\n<li>Certificaciones: RoHS, UL, Gost-R<\/li>\n<li>Nivel de protecci\u00f3n: IP20<\/li>\n<li>Dimensiones<\/li>\n<li>1322 (al) x 600 (an) x 800 (prof) mm<\/li>\n<li>Contenido del paquete:<\/li>\n<li>4 postes de montaje ajustables en profundidad<\/li>\n<li>4 pies de soporte ajustables<\/li>\n<li>Piezas necesarias para el montaje<\/li>\n<li>Peso: 79 kg<\/li>\n<li>Dimensiones: 800 (L) x 600 (W) x 1322 (H) [mm]<\/li>\n<li>Embalaje: Empaque en caja de cart\u00f3n<\/li>\n<\/ul>\n","protected":false},"excerpt":{"rendered":"<p>Informaci\u00f3n General Los gabinetes de Intellinet te ofrecen una soluci\u00f3n flexible y completa para tus instalaciones de telecomunicaciones. En t\u00e9rminos de almacenaje, tienes numerosas opciones de 19&#8243; con profundidades de instalaci\u00f3n desde 600 hasta 800 mm: Con alturas desde 22 hasta 42 unidades en color&hellip;<\/p>\n","protected":false},"featured_media":4957,"comment_status":"open","ping_status":"closed","template":"","meta":{"om_disable_all_campaigns":false,"_monsterinsights_skip_tracking":false,"_monsterinsights_sitenote_active":false,"_monsterinsights_sitenote_note":"","_monsterinsights_sitenote_category":0},"product_brand":[],"product_cat":[402],"product_tag":[343,341,339,346,347,350,348,179,344,349,340,351,345,352,342],"class_list":{"0":"post-4958","1":"product","2":"type-product","3":"status-publish","4":"has-post-thumbnail","6":"product_cat-gabinetes-intellinet","7":"product_tag-antiincendio","8":"product_tag-cable-anti-incendio","9":"product_tag-cables-estructurado","10":"product_tag-canaletas","11":"product_tag-charolas","12":"product_tag-conectores","13":"product_tag-fibra-optica","14":"product_tag-gabinetes","15":"product_tag-hdmi","16":"product_tag-jacks","17":"product_tag-patch-cord","18":"product_tag-racks","19":"product_tag-siameses","20":"product_tag-tierra-fisica","21":"product_tag-utp","23":"first","24":"instock","25":"sale","26":"taxable","27":"shipping-taxable","28":"purchasable","29":"product-type-simple"},"aioseo_notices":[],"_links":{"self":[{"href":"https:\/\/tecsecmty.com\/index.php\/wp-json\/wp\/v2\/product\/4958","targetHints":{"allow":["GET"]}}],"collection":[{"href":"https:\/\/tecsecmty.com\/index.php\/wp-json\/wp\/v2\/product"}],"about":[{"href":"https:\/\/tecsecmty.com\/index.php\/wp-json\/wp\/v2\/types\/product"}],"replies":[{"embeddable":true,"href":"https:\/\/tecsecmty.com\/index.php\/wp-json\/wp\/v2\/comments?post=4958"}],"version-history":[{"count":0,"href":"https:\/\/tecsecmty.com\/index.php\/wp-json\/wp\/v2\/product\/4958\/revisions"}],"wp:featuredmedia":[{"embeddable":true,"href":"https:\/\/tecsecmty.com\/index.php\/wp-json\/wp\/v2\/media\/4957"}],"wp:attachment":[{"href":"https:\/\/tecsecmty.com\/index.php\/wp-json\/wp\/v2\/media?parent=4958"}],"wp:term":[{"taxonomy":"product_brand","embeddable":true,"href":"https:\/\/tecsecmty.com\/index.php\/wp-json\/wp\/v2\/product_brand?post=4958"},{"taxonomy":"product_cat","embeddable":true,"href":"https:\/\/tecsecmty.com\/index.php\/wp-json\/wp\/v2\/product_cat?post=4958"},{"taxonomy":"product_tag","embeddable":true,"href":"https:\/\/tecsecmty.com\/index.php\/wp-json\/wp\/v2\/product_tag?post=4958"}],"curies":[{"name":"wp","href":"https:\/\/api.w.org\/{rel}","templated":true}]}}