{"id":4968,"date":"2023-02-23T01:41:34","date_gmt":"2023-02-23T07:41:34","guid":{"rendered":"https:\/\/tecsecmty.com\/index.php\/producto\/sbe-tech-sbe-202015-gabinete-metalico-alto-200-mm-ancho-200-mm-profundidad-150-mm-grado-ip-65-nema-4\/"},"modified":"2023-03-22T23:24:10","modified_gmt":"2023-03-23T05:24:10","slug":"sbe-tech-sbe-202015-gabinete-metalico-alto-200-mm-ancho-200-mm-profundidad-150-mm-grado-ip-65-nema-4","status":"publish","type":"product","link":"https:\/\/tecsecmty.com\/index.php\/producto\/sbe-tech-sbe-202015-gabinete-metalico-alto-200-mm-ancho-200-mm-profundidad-150-mm-grado-ip-65-nema-4\/","title":{"rendered":"SBE TECH SBE-202015 Gabinete met\u00e1lico \/ Alto 200 MM \/ Ancho 200 MM \/ Profundidad 150 MM \/grado IP 65 NEMA 4"},"content":{"rendered":"<h5 class=\"card-title text-center\">Caracter\u00edsticas Principales<\/h5>\n<p>Los gabinetes met\u00e1licos de SBE TECH son ideales en aplicaciones de automatizaci\u00f3n y control, as\u00ed como CCTV, distribuci\u00f3n el\u00e9ctrica y aplicaciones de red en ambientes extremos.<\/p>\n<p>&nbsp;<\/p>\n<p>Familia de gabinetes met\u00e1licos para exteriores\/interiores con grado de protecci\u00f3n IP65, NEMA 4, ideales para aplicaciones industriales o para protecci\u00f3n de equipamiento\u00a0\u00a0en ambientes de polvo y lluvia.<\/p>\n<p>&nbsp;<\/p>\n<ul>\n<li>Acero al carb\u00f3n calibre 14.<\/li>\n<li>Grado de protecci\u00f3n IP65.<\/li>\n<li>Acabado con pintura electrost\u00e1tica color RAL 7032.<\/li>\n<\/ul>\n<p>&nbsp;<\/p>\n<p><strong>Caracter\u00edsticas:<\/strong><\/p>\n<p>&nbsp;<\/p>\n<ul>\n<li>Gabinete met\u00e1lico para exteriores IP65 \/ NEMA 4<\/li>\n<li>Puerta y cuerpo fabricado en hoja de acero en calibre 14<\/li>\n<li>Platina en hoja de acero calibre 12<\/li>\n<li>Junta de poliuretano espumado y canal para evitar escurrimiento al interior<\/li>\n<li>Bisagra y chapa dise\u00f1ados para alto desempe\u00f1o<\/li>\n<\/ul>\n<p>&nbsp;<\/p>\n<p><strong>Dimensiones:<\/strong><\/p>\n<p>&nbsp;<\/p>\n<ul>\n<li>Alto (200 mm) x Ancho (200 mm) x Fondo (150 mm)<\/li>\n<\/ul>\n<p>&nbsp;<\/p>\n<p><img decoding=\"async\" class=\"overview-center-img-web\" src=\"https:\/\/tvc.mx\/media\/465464\/SBT1580030-GABINETE-METALICO-ALTO-200-MM-ANCHO-200-MM-PROFUNDIDAD-150-MM-grado-IP-65.png\" alt=\"\" \/><\/p>\n","protected":false},"excerpt":{"rendered":"<p>Caracter\u00edsticas Principales Los gabinetes met\u00e1licos de SBE TECH son ideales en aplicaciones de automatizaci\u00f3n y control, as\u00ed como CCTV, distribuci\u00f3n el\u00e9ctrica y aplicaciones de red en ambientes extremos. &nbsp; Familia de gabinetes met\u00e1licos para exteriores\/interiores con grado de protecci\u00f3n IP65, NEMA 4, ideales para aplicaciones&hellip;<\/p>\n","protected":false},"featured_media":4967,"comment_status":"open","ping_status":"closed","template":"","meta":{"om_disable_all_campaigns":false,"_monsterinsights_skip_tracking":false,"_monsterinsights_sitenote_active":false,"_monsterinsights_sitenote_note":"","_monsterinsights_sitenote_category":0},"product_brand":[],"product_cat":[404],"product_tag":[343,341,339,346,347,350,348,179,344,349,340,351,345,352,342],"class_list":{"0":"post-4968","1":"product","2":"type-product","3":"status-publish","4":"has-post-thumbnail","6":"product_cat-gabinetes-sbe-tech","7":"product_tag-antiincendio","8":"product_tag-cable-anti-incendio","9":"product_tag-cables-estructurado","10":"product_tag-canaletas","11":"product_tag-charolas","12":"product_tag-conectores","13":"product_tag-fibra-optica","14":"product_tag-gabinetes","15":"product_tag-hdmi","16":"product_tag-jacks","17":"product_tag-patch-cord","18":"product_tag-racks","19":"product_tag-siameses","20":"product_tag-tierra-fisica","21":"product_tag-utp","23":"first","24":"instock","25":"sale","26":"taxable","27":"shipping-taxable","28":"purchasable","29":"product-type-simple"},"aioseo_notices":[],"_links":{"self":[{"href":"https:\/\/tecsecmty.com\/index.php\/wp-json\/wp\/v2\/product\/4968","targetHints":{"allow":["GET"]}}],"collection":[{"href":"https:\/\/tecsecmty.com\/index.php\/wp-json\/wp\/v2\/product"}],"about":[{"href":"https:\/\/tecsecmty.com\/index.php\/wp-json\/wp\/v2\/types\/product"}],"replies":[{"embeddable":true,"href":"https:\/\/tecsecmty.com\/index.php\/wp-json\/wp\/v2\/comments?post=4968"}],"version-history":[{"count":0,"href":"https:\/\/tecsecmty.com\/index.php\/wp-json\/wp\/v2\/product\/4968\/revisions"}],"wp:featuredmedia":[{"embeddable":true,"href":"https:\/\/tecsecmty.com\/index.php\/wp-json\/wp\/v2\/media\/4967"}],"wp:attachment":[{"href":"https:\/\/tecsecmty.com\/index.php\/wp-json\/wp\/v2\/media?parent=4968"}],"wp:term":[{"taxonomy":"product_brand","embeddable":true,"href":"https:\/\/tecsecmty.com\/index.php\/wp-json\/wp\/v2\/product_brand?post=4968"},{"taxonomy":"product_cat","embeddable":true,"href":"https:\/\/tecsecmty.com\/index.php\/wp-json\/wp\/v2\/product_cat?post=4968"},{"taxonomy":"product_tag","embeddable":true,"href":"https:\/\/tecsecmty.com\/index.php\/wp-json\/wp\/v2\/product_tag?post=4968"}],"curies":[{"name":"wp","href":"https:\/\/api.w.org\/{rel}","templated":true}]}}