{"id":4978,"date":"2023-02-23T01:41:49","date_gmt":"2023-02-23T07:41:49","guid":{"rendered":"https:\/\/tecsecmty.com\/index.php\/producto\/sbetech-gnl20urp600nl-gabinete-de-piso-de-20ur-de-alto-con-puerta-de-cristal\/"},"modified":"2023-03-22T23:24:14","modified_gmt":"2023-03-23T05:24:14","slug":"sbetech-gnl20urp600nl-gabinete-de-piso-de-20ur-de-alto-con-puerta-de-cristal","status":"publish","type":"product","link":"https:\/\/tecsecmty.com\/index.php\/producto\/sbetech-gnl20urp600nl-gabinete-de-piso-de-20ur-de-alto-con-puerta-de-cristal\/","title":{"rendered":"SBETECH GNL20URP600NL Gabinete de piso de 20UR de alto con puerta de cristal."},"content":{"rendered":"<h5 class=\"card-title text-center\">Informaci\u00f3n General<\/h5>\n<p>Gabinete para telecomunicaciones dise\u00f1ado para alojar equipamiento con medida est\u00e1ndar de 19&#8243;, construido de acuerdo a las necesidades de los cuartos de telecomunicaciones, permiten una f\u00e1cil instalaci\u00f3n y administraci\u00f3n tanto del equipamiento activo como del cableado.<\/p>\n<p><strong>Caracter\u00edsticas:<\/strong><\/p>\n<ul>\n<li>Acero Rolado en fr\u00edo SPCC 1.2 mm<\/li>\n<li>Riel 19&#8243; SPCC 2.0 mm<\/li>\n<li>Puerta delantera Cristal templado<\/li>\n<li>Puerta trasera de acero<\/li>\n<li>Capacidad de carga 150 kg<\/li>\n<li>Ruedas grado industrial y tornillos niveladores incluidos<\/li>\n<li>Paneles laterales desmontables<\/li>\n<li>Ventilaci\u00f3n superior con extractores SBE-J2VENTN (no incluidos)<\/li>\n<\/ul>\n<p><strong>Dimensiones:<\/strong><\/p>\n<ul>\n<li>\u00a0Ancho (600 mm) x Profundo (600 mm) x Altura (890 mm)<\/li>\n<\/ul>\n<p>&nbsp;<\/p>\n<p><img decoding=\"async\" class=\"overview-center-img-web\" src=\"https:\/\/tvc.mx\/media\/231339\/Gabinete-De-Piso-De-20UR-De-Alto-Con-Puerta-De-Cristal-Sbetech-GNL20URP600-2.png\" alt=\"\" \/><\/p>\n","protected":false},"excerpt":{"rendered":"<p>Informaci\u00f3n General Gabinete para telecomunicaciones dise\u00f1ado para alojar equipamiento con medida est\u00e1ndar de 19&#8243;, construido de acuerdo a las necesidades de los cuartos de telecomunicaciones, permiten una f\u00e1cil instalaci\u00f3n y administraci\u00f3n tanto del equipamiento activo como del cableado. Caracter\u00edsticas: Acero Rolado en fr\u00edo SPCC 1.2&hellip;<\/p>\n","protected":false},"featured_media":4977,"comment_status":"open","ping_status":"closed","template":"","meta":{"om_disable_all_campaigns":false,"_monsterinsights_skip_tracking":false,"_monsterinsights_sitenote_active":false,"_monsterinsights_sitenote_note":"","_monsterinsights_sitenote_category":0},"product_brand":[],"product_cat":[404],"product_tag":[343,341,339,346,347,350,348,179,344,349,340,351,345,352,342],"class_list":{"0":"post-4978","1":"product","2":"type-product","3":"status-publish","4":"has-post-thumbnail","6":"product_cat-gabinetes-sbe-tech","7":"product_tag-antiincendio","8":"product_tag-cable-anti-incendio","9":"product_tag-cables-estructurado","10":"product_tag-canaletas","11":"product_tag-charolas","12":"product_tag-conectores","13":"product_tag-fibra-optica","14":"product_tag-gabinetes","15":"product_tag-hdmi","16":"product_tag-jacks","17":"product_tag-patch-cord","18":"product_tag-racks","19":"product_tag-siameses","20":"product_tag-tierra-fisica","21":"product_tag-utp","23":"first","24":"instock","25":"sale","26":"taxable","27":"shipping-taxable","28":"purchasable","29":"product-type-simple"},"aioseo_notices":[],"_links":{"self":[{"href":"https:\/\/tecsecmty.com\/index.php\/wp-json\/wp\/v2\/product\/4978","targetHints":{"allow":["GET"]}}],"collection":[{"href":"https:\/\/tecsecmty.com\/index.php\/wp-json\/wp\/v2\/product"}],"about":[{"href":"https:\/\/tecsecmty.com\/index.php\/wp-json\/wp\/v2\/types\/product"}],"replies":[{"embeddable":true,"href":"https:\/\/tecsecmty.com\/index.php\/wp-json\/wp\/v2\/comments?post=4978"}],"version-history":[{"count":0,"href":"https:\/\/tecsecmty.com\/index.php\/wp-json\/wp\/v2\/product\/4978\/revisions"}],"wp:featuredmedia":[{"embeddable":true,"href":"https:\/\/tecsecmty.com\/index.php\/wp-json\/wp\/v2\/media\/4977"}],"wp:attachment":[{"href":"https:\/\/tecsecmty.com\/index.php\/wp-json\/wp\/v2\/media?parent=4978"}],"wp:term":[{"taxonomy":"product_brand","embeddable":true,"href":"https:\/\/tecsecmty.com\/index.php\/wp-json\/wp\/v2\/product_brand?post=4978"},{"taxonomy":"product_cat","embeddable":true,"href":"https:\/\/tecsecmty.com\/index.php\/wp-json\/wp\/v2\/product_cat?post=4978"},{"taxonomy":"product_tag","embeddable":true,"href":"https:\/\/tecsecmty.com\/index.php\/wp-json\/wp\/v2\/product_tag?post=4978"}],"curies":[{"name":"wp","href":"https:\/\/api.w.org\/{rel}","templated":true}]}}