{"id":5012,"date":"2023-02-23T01:42:32","date_gmt":"2023-02-23T07:42:32","guid":{"rendered":"https:\/\/tecsecmty.com\/index.php\/producto\/sbetech-sbe-gnlpar15urp-gabinete-de-pared-15-ur-capacidad-de-carga-de-60-kg-ancho-600-mm-x-profundidad-600-mm-x-alto-698mm-puerta-delantera-de-cristal-templado\/"},"modified":"2023-03-22T23:24:19","modified_gmt":"2023-03-23T05:24:19","slug":"sbetech-sbe-gnlpar15urp-gabinete-de-pared-15-ur-capacidad-de-carga-de-60-kg-ancho-600-mm-x-profundidad-600-mm-x-alto-698mm-puerta-delantera-de-cristal-templado","status":"publish","type":"product","link":"https:\/\/tecsecmty.com\/index.php\/producto\/sbetech-sbe-gnlpar15urp-gabinete-de-pared-15-ur-capacidad-de-carga-de-60-kg-ancho-600-mm-x-profundidad-600-mm-x-alto-698mm-puerta-delantera-de-cristal-templado\/","title":{"rendered":"SBETECH SBE-GNLPAR15URP- Gabinete de pared \/ 15 UR \/ Capacidad de carga de 60 Kg \/ Ancho 600 mm x profundidad 600 mm x alto 698mm \/ Puerta delantera de cristal templado"},"content":{"rendered":"<h5 class=\"card-title text-center\">Informaci\u00f3n general<\/h5>\n<p>Gabinete para telecomunicaciones dise\u00f1ado para alojar equipamiento con medida est\u00e1ndar de 19\u201d, de montaje en pared, construido de acuerdo a las necesidades de los cuartos de telecomunicaciones, permiten una f\u00e1cil instalaci\u00f3n y administraci\u00f3n tanto del equipamiento activo como del cableado.<\/p>\n<p><strong>ESPECIFICACIONES<\/strong><\/p>\n<p>Acero Rolado en Fr\u00edo SPCC 1.2 mm<\/p>\n<p>Riel 19\u201d SPCC 2.0 mm<\/p>\n<p>Color: RAL7035; RAL9004<\/p>\n<p>Puerta delantera: Cristal templado<\/p>\n<p>Puerta trasera: S\u00f3lida<\/p>\n<p>Capacidad de carga est\u00e1tica: 30 kg<\/p>\n<p>Montaje: Pared<\/p>\n<p><strong>INFORMACI\u00d3N T\u00c9CNICA<\/strong><\/p>\n<p>Cumple con los est\u00e1ndares: ANSI\/EIA RS-310-D \/ IEC60297-2 \/ DIN41494 PART1 \/ DIN41494 PART7<\/p>\n<p><strong>Dimensiones exteriores: Ancho 600 mm Profundidad 600 mm Altura 698mm<\/strong><\/p>\n<p><strong>Dimensiones \u00fatiles: Ancho :19\u201d Profundidad 450 mm Capacidad 15UR 675mm<\/strong><\/p>\n<p><strong>CARACTERISTICAS<\/strong><\/p>\n<p>Paneles inferior\/superior: Habilitados para entrada de cableado<\/p>\n<p>Paneles laterales: Desmontables<\/p>\n<p>Ventilaci\u00f3n superior:<u>\u00a0Extractores 120VCA 60Hz (No incluidos)<\/u><\/p>\n<p>Puerta delantera: Cristal templado 5mm<\/p>\n<p>Puerta trasera: Acero SPCC 1.2 mm<\/p>\n<p><strong>APLICACIONES<\/strong><\/p>\n<p>Estructura confiable y s\u00f3lida, dise\u00f1o compacto, lo cual permite una gran versatilidad de configuraci\u00f3n en el interior del gabinete, para lograr una efectiva y f\u00e1cil instalaci\u00f3n de accesorios o equipamiento activo<\/p>\n<p><strong>Incluye<\/strong>:<\/p>\n<p>Cerradura para mantener nuestros equipos de telecomunicaciones aislados ante una manipulaci\u00f3n accidental o\u00a0provocada intencionalmente, 1 juego de 2 llaves para su uso en la cerradura de control de acceso al gabinete.<\/p>\n<p><img decoding=\"async\" class=\"overview-center-img-web\" src=\"https:\/\/tvc.mx\/media\/664142\/SBT1580028-SBETECH-SBE-GNLPAR15URP-Gabinete-de-pared-15-UR-Capacidad-de-carga-de-60-Kg-01.png\" alt=\"\" \/><\/p>\n","protected":false},"excerpt":{"rendered":"<p>Informaci\u00f3n general Gabinete para telecomunicaciones dise\u00f1ado para alojar equipamiento con medida est\u00e1ndar de 19\u201d, de montaje en pared, construido de acuerdo a las necesidades de los cuartos de telecomunicaciones, permiten una f\u00e1cil instalaci\u00f3n y administraci\u00f3n tanto del equipamiento activo como del cableado. ESPECIFICACIONES Acero Rolado&hellip;<\/p>\n","protected":false},"featured_media":5011,"comment_status":"open","ping_status":"closed","template":"","meta":{"om_disable_all_campaigns":false,"_monsterinsights_skip_tracking":false,"_monsterinsights_sitenote_active":false,"_monsterinsights_sitenote_note":"","_monsterinsights_sitenote_category":0},"product_brand":[],"product_cat":[404],"product_tag":[343,341,339,346,347,350,348,179,344,349,340,351,345,352,342],"class_list":{"0":"post-5012","1":"product","2":"type-product","3":"status-publish","4":"has-post-thumbnail","6":"product_cat-gabinetes-sbe-tech","7":"product_tag-antiincendio","8":"product_tag-cable-anti-incendio","9":"product_tag-cables-estructurado","10":"product_tag-canaletas","11":"product_tag-charolas","12":"product_tag-conectores","13":"product_tag-fibra-optica","14":"product_tag-gabinetes","15":"product_tag-hdmi","16":"product_tag-jacks","17":"product_tag-patch-cord","18":"product_tag-racks","19":"product_tag-siameses","20":"product_tag-tierra-fisica","21":"product_tag-utp","23":"first","24":"instock","25":"sale","26":"taxable","27":"shipping-taxable","28":"purchasable","29":"product-type-simple"},"aioseo_notices":[],"_links":{"self":[{"href":"https:\/\/tecsecmty.com\/index.php\/wp-json\/wp\/v2\/product\/5012","targetHints":{"allow":["GET"]}}],"collection":[{"href":"https:\/\/tecsecmty.com\/index.php\/wp-json\/wp\/v2\/product"}],"about":[{"href":"https:\/\/tecsecmty.com\/index.php\/wp-json\/wp\/v2\/types\/product"}],"replies":[{"embeddable":true,"href":"https:\/\/tecsecmty.com\/index.php\/wp-json\/wp\/v2\/comments?post=5012"}],"version-history":[{"count":0,"href":"https:\/\/tecsecmty.com\/index.php\/wp-json\/wp\/v2\/product\/5012\/revisions"}],"wp:featuredmedia":[{"embeddable":true,"href":"https:\/\/tecsecmty.com\/index.php\/wp-json\/wp\/v2\/media\/5011"}],"wp:attachment":[{"href":"https:\/\/tecsecmty.com\/index.php\/wp-json\/wp\/v2\/media?parent=5012"}],"wp:term":[{"taxonomy":"product_brand","embeddable":true,"href":"https:\/\/tecsecmty.com\/index.php\/wp-json\/wp\/v2\/product_brand?post=5012"},{"taxonomy":"product_cat","embeddable":true,"href":"https:\/\/tecsecmty.com\/index.php\/wp-json\/wp\/v2\/product_cat?post=5012"},{"taxonomy":"product_tag","embeddable":true,"href":"https:\/\/tecsecmty.com\/index.php\/wp-json\/wp\/v2\/product_tag?post=5012"}],"curies":[{"name":"wp","href":"https:\/\/api.w.org\/{rel}","templated":true}]}}