{"id":5018,"date":"2023-02-23T01:42:37","date_gmt":"2023-02-23T07:42:37","guid":{"rendered":"https:\/\/tecsecmty.com\/index.php\/producto\/intellinet-211048-pinza-p-crimpear-rj11-rj12-rj45\/"},"modified":"2023-03-22T23:23:32","modified_gmt":"2023-03-23T05:23:32","slug":"intellinet-211048-pinza-p-crimpear-rj11-rj12-rj45","status":"publish","type":"product","link":"https:\/\/tecsecmty.com\/index.php\/producto\/intellinet-211048-pinza-p-crimpear-rj11-rj12-rj45\/","title":{"rendered":"INTELLINET 211048 &#8211; PINZA P\/CRIMPEAR RJ11\/RJ12\/RJ45"},"content":{"rendered":"<h5 class=\"card-title text-center\">Informaci\u00f3n General<\/h5>\n<p>Con la herramienta profesional para crimpear plug modulares, tus armados ser\u00e1n mucho m\u00e1s f\u00e1ciles de hacer, ya que es una herramienta todo en uno, cuanta con diferentes medidas de plug y adicional con una cortadora y desforradora, esenciales para el manejo del cable a la hora del armado.<\/p>\n<ul>\n<li>Crimpea plugs modulares RJ45, RJ12 y RJ11<\/li>\n<li>Corta y quita el forro de cable redondo y plano<\/li>\n<li>Manera de pl\u00e1stico durable<\/li>\n<li>Tipo trinquete para controlar la tensi\u00f3n de la herramienta; necesita menos fuerza y es f\u00e1cil de operar<\/li>\n<li>Acero de alta calidad con terminado en negro \u00f3xido<\/li>\n<li>3 a\u00f1os de garant\u00eda<br \/>\n<h5 class=\"card-title text-center\">Caracter\u00edsticas Principales<\/h5>\n<ul>\n<li>Crimpea los siguientes tipos de plugs modulares: RJ45\/8P8C; RJ12\/6P6C; RJ11\/6P4C, 6P2C, 4P4C, 4P2C<\/li>\n<li>Hoja SK5<\/li>\n<li>Dimensiones<\/li>\n<li>Longitud: 215 mm<\/li>\n<li>Peso: 358 g<\/li>\n<li>Peso: 0.37 kg<\/li>\n<li>Dimensiones: 215 mm<\/li>\n<li>Embalaje: Blister<\/li>\n<\/ul>\n<\/li>\n<\/ul>\n","protected":false},"excerpt":{"rendered":"<p>Informaci\u00f3n General Con la herramienta profesional para crimpear plug modulares, tus armados ser\u00e1n mucho m\u00e1s f\u00e1ciles de hacer, ya que es una herramienta todo en uno, cuanta con diferentes medidas de plug y adicional con una cortadora y desforradora, esenciales para el manejo del cable&hellip;<\/p>\n","protected":false},"featured_media":5017,"comment_status":"open","ping_status":"closed","template":"","meta":{"om_disable_all_campaigns":false,"_monsterinsights_skip_tracking":false,"_monsterinsights_sitenote_active":false,"_monsterinsights_sitenote_note":"","_monsterinsights_sitenote_category":0},"product_brand":[],"product_cat":[405],"product_tag":[343,341,339,346,347,350,348,179,344,349,340,351,345,352,342],"class_list":{"0":"post-5018","1":"product","2":"type-product","3":"status-publish","4":"has-post-thumbnail","6":"product_cat-herramienta","7":"product_tag-antiincendio","8":"product_tag-cable-anti-incendio","9":"product_tag-cables-estructurado","10":"product_tag-canaletas","11":"product_tag-charolas","12":"product_tag-conectores","13":"product_tag-fibra-optica","14":"product_tag-gabinetes","15":"product_tag-hdmi","16":"product_tag-jacks","17":"product_tag-patch-cord","18":"product_tag-racks","19":"product_tag-siameses","20":"product_tag-tierra-fisica","21":"product_tag-utp","23":"first","24":"instock","25":"sale","26":"taxable","27":"shipping-taxable","28":"purchasable","29":"product-type-simple"},"aioseo_notices":[],"_links":{"self":[{"href":"https:\/\/tecsecmty.com\/index.php\/wp-json\/wp\/v2\/product\/5018","targetHints":{"allow":["GET"]}}],"collection":[{"href":"https:\/\/tecsecmty.com\/index.php\/wp-json\/wp\/v2\/product"}],"about":[{"href":"https:\/\/tecsecmty.com\/index.php\/wp-json\/wp\/v2\/types\/product"}],"replies":[{"embeddable":true,"href":"https:\/\/tecsecmty.com\/index.php\/wp-json\/wp\/v2\/comments?post=5018"}],"version-history":[{"count":0,"href":"https:\/\/tecsecmty.com\/index.php\/wp-json\/wp\/v2\/product\/5018\/revisions"}],"wp:featuredmedia":[{"embeddable":true,"href":"https:\/\/tecsecmty.com\/index.php\/wp-json\/wp\/v2\/media\/5017"}],"wp:attachment":[{"href":"https:\/\/tecsecmty.com\/index.php\/wp-json\/wp\/v2\/media?parent=5018"}],"wp:term":[{"taxonomy":"product_brand","embeddable":true,"href":"https:\/\/tecsecmty.com\/index.php\/wp-json\/wp\/v2\/product_brand?post=5018"},{"taxonomy":"product_cat","embeddable":true,"href":"https:\/\/tecsecmty.com\/index.php\/wp-json\/wp\/v2\/product_cat?post=5018"},{"taxonomy":"product_tag","embeddable":true,"href":"https:\/\/tecsecmty.com\/index.php\/wp-json\/wp\/v2\/product_tag?post=5018"}],"curies":[{"name":"wp","href":"https:\/\/api.w.org\/{rel}","templated":true}]}}