{"id":5026,"date":"2023-02-23T01:42:46","date_gmt":"2023-02-23T07:42:46","guid":{"rendered":"https:\/\/tecsecmty.com\/index.php\/producto\/intellinet-780124-pinza-crimpeadora-universal-de-plugs-modulares-y-probador-de-cables-2-en-1-crimpeadora-y-probador-de-cables-corta-pela-remata-y-prueba\/"},"modified":"2023-03-22T23:23:37","modified_gmt":"2023-03-23T05:23:37","slug":"intellinet-780124-pinza-crimpeadora-universal-de-plugs-modulares-y-probador-de-cables-2-en-1-crimpeadora-y-probador-de-cables-corta-pela-remata-y-prueba","status":"publish","type":"product","link":"https:\/\/tecsecmty.com\/index.php\/producto\/intellinet-780124-pinza-crimpeadora-universal-de-plugs-modulares-y-probador-de-cables-2-en-1-crimpeadora-y-probador-de-cables-corta-pela-remata-y-prueba\/","title":{"rendered":"INTELLINET 780124 Pinza Crimpeadora Universal de Plugs Modulares y Probador de Cables 2-en-1 Crimpeadora y Probador de Cables &#8211; Corta, Pela, Remata y Prueba"},"content":{"rendered":"<h5 class=\"card-title text-center\">Informaci\u00f3n General<\/h5>\n<ul>\n<li>Pinza crimpeadora profesional todo-en-uno, con funciones de cortadora, peladora y probador de cables<\/li>\n<li>Compatible con plugs RJ45, RJ11, RJ12 y RJ22<\/li>\n<li>Corta, pela, remata y prueba cables con una sola herramienta<\/li>\n<li>Prueba cables patch y cableado instalado<\/li>\n<li>Funci\u00f3n de trinquete<br \/>\n<h5 class=\"card-title text-center\">Caracter\u00edsticas Principales<\/h5>\n<p><strong>General<\/strong><\/p>\n<ul>\n<li>Pela y corta cables telef\u00f3nicos y de red.<\/li>\n<li>Crimpea plugs RJ45, RJ11, RJ12 y RJ22<\/li>\n<li>Probador de cables CAT3, CAT5, CAT5e, CAT6 y CAT6a<\/li>\n<li>Nueve LEDS para mostras el resultado de la prueba<\/li>\n<li>Desmontable, chasquido remoto<\/li>\n<\/ul>\n<p><strong>Dimensiones<\/strong><\/p>\n<ul>\n<li>Longitud: 220 mm (8.6 in.)<\/li>\n<li>Peso: 513 g (1.13 lbs)<\/li>\n<\/ul>\n<p><strong>Contenido del paquete<\/strong><\/p>\n<ul>\n<li>Pinza Crimpeadora Universal de Plugs Modulares y Probador de Cables<\/li>\n<li>Bater\u00edas no incluidas (requiere una bater\u00eda de 6V A544 o 4 LR44 de bot\u00f3n)<\/li>\n<\/ul>\n<p><strong>Especificaciones F\u00edsicas<\/strong><\/p>\n<ul>\n<li>Peso: 0.51 kg<\/li>\n<li>Dimensiones: 220 (L) x 80 (W) x 25 (H) [mm]<\/li>\n<li>Embalaje: Blister<\/li>\n<\/ul>\n<\/li>\n<\/ul>\n","protected":false},"excerpt":{"rendered":"<p>Informaci\u00f3n General Pinza crimpeadora profesional todo-en-uno, con funciones de cortadora, peladora y probador de cables Compatible con plugs RJ45, RJ11, RJ12 y RJ22 Corta, pela, remata y prueba cables con una sola herramienta Prueba cables patch y cableado instalado Funci\u00f3n de trinquete Caracter\u00edsticas Principales General&hellip;<\/p>\n","protected":false},"featured_media":5025,"comment_status":"open","ping_status":"closed","template":"","meta":{"om_disable_all_campaigns":false,"_monsterinsights_skip_tracking":false,"_monsterinsights_sitenote_active":false,"_monsterinsights_sitenote_note":"","_monsterinsights_sitenote_category":0},"product_brand":[],"product_cat":[405],"product_tag":[343,341,339,346,347,350,348,179,344,349,340,351,345,352,342],"class_list":{"0":"post-5026","1":"product","2":"type-product","3":"status-publish","4":"has-post-thumbnail","6":"product_cat-herramienta","7":"product_tag-antiincendio","8":"product_tag-cable-anti-incendio","9":"product_tag-cables-estructurado","10":"product_tag-canaletas","11":"product_tag-charolas","12":"product_tag-conectores","13":"product_tag-fibra-optica","14":"product_tag-gabinetes","15":"product_tag-hdmi","16":"product_tag-jacks","17":"product_tag-patch-cord","18":"product_tag-racks","19":"product_tag-siameses","20":"product_tag-tierra-fisica","21":"product_tag-utp","23":"first","24":"instock","25":"sale","26":"taxable","27":"shipping-taxable","28":"purchasable","29":"product-type-simple"},"aioseo_notices":[],"_links":{"self":[{"href":"https:\/\/tecsecmty.com\/index.php\/wp-json\/wp\/v2\/product\/5026","targetHints":{"allow":["GET"]}}],"collection":[{"href":"https:\/\/tecsecmty.com\/index.php\/wp-json\/wp\/v2\/product"}],"about":[{"href":"https:\/\/tecsecmty.com\/index.php\/wp-json\/wp\/v2\/types\/product"}],"replies":[{"embeddable":true,"href":"https:\/\/tecsecmty.com\/index.php\/wp-json\/wp\/v2\/comments?post=5026"}],"version-history":[{"count":0,"href":"https:\/\/tecsecmty.com\/index.php\/wp-json\/wp\/v2\/product\/5026\/revisions"}],"wp:featuredmedia":[{"embeddable":true,"href":"https:\/\/tecsecmty.com\/index.php\/wp-json\/wp\/v2\/media\/5025"}],"wp:attachment":[{"href":"https:\/\/tecsecmty.com\/index.php\/wp-json\/wp\/v2\/media?parent=5026"}],"wp:term":[{"taxonomy":"product_brand","embeddable":true,"href":"https:\/\/tecsecmty.com\/index.php\/wp-json\/wp\/v2\/product_brand?post=5026"},{"taxonomy":"product_cat","embeddable":true,"href":"https:\/\/tecsecmty.com\/index.php\/wp-json\/wp\/v2\/product_cat?post=5026"},{"taxonomy":"product_tag","embeddable":true,"href":"https:\/\/tecsecmty.com\/index.php\/wp-json\/wp\/v2\/product_tag?post=5026"}],"curies":[{"name":"wp","href":"https:\/\/api.w.org\/{rel}","templated":true}]}}