{"id":5028,"date":"2023-02-23T01:42:48","date_gmt":"2023-02-23T07:42:48","guid":{"rendered":"https:\/\/tecsecmty.com\/index.php\/producto\/manhattan-410632-bote-de-aire-comprimido-para-remover-polvo-226-gramos-ideal-para-realizar-mantenimientos-y-remover-polvo-de-dvrs-nvrs-fuentes-con-distribuidor-etc\/"},"modified":"2023-03-22T23:23:40","modified_gmt":"2023-03-23T05:23:40","slug":"manhattan-410632-bote-de-aire-comprimido-para-remover-polvo-226-gramos-ideal-para-realizar-mantenimientos-y-remover-polvo-de-dvrs-nvrs-fuentes-con-distribuidor-etc","status":"publish","type":"product","link":"https:\/\/tecsecmty.com\/index.php\/producto\/manhattan-410632-bote-de-aire-comprimido-para-remover-polvo-226-gramos-ideal-para-realizar-mantenimientos-y-remover-polvo-de-dvrs-nvrs-fuentes-con-distribuidor-etc\/","title":{"rendered":"MANHATTAN 410632 &#8211; Bote de Aire Comprimido para Remover Polvo\/ 226 Gramos\/ Ideal para Realizar Mantenimientos y Remover polvo de DVRs, NVRs, Fuentes con Distribuidor, Etc.\/"},"content":{"rendered":"<h5 class=\"card-title text-center\">Caracter\u00edsticas Principales<\/h5>\n<p>&#8211; Remueve de manera segura el polvo y la suciedad de equipo electr\u00f3nico delicado sin dejar rayaduras;<\/p>\n<p>&#8211; Ideal para usarse en pantallas planas, computadoras port\u00e1tiles, teclados, lentes de c\u00e1maras y de proyectores y m\u00e1s;<\/p>\n<p>&#8211; Limpia las unidades de alimentaci\u00f3n, enfriadores y ventiladores para proporcionar eficiencia y mejor desempe\u00f1o;<\/p>\n<p>&#8211; Incluye tubo de extensi\u00f3n para alcanzar \u00e1reas peque\u00f1as y hendiduras;<\/p>\n<p>&#8211; NO CONTIENE CFCs.<\/p>\n<p><img decoding=\"async\" class=\"overview-center-img-web\" src=\"https:\/\/tvc.mx\/media\/469522\/AIRE-COMPRIMIDO-BLOW-OFF-226GR.png\" alt=\"\" \/><\/p>\n","protected":false},"excerpt":{"rendered":"<p>Caracter\u00edsticas Principales &#8211; Remueve de manera segura el polvo y la suciedad de equipo electr\u00f3nico delicado sin dejar rayaduras; &#8211; Ideal para usarse en pantallas planas, computadoras port\u00e1tiles, teclados, lentes de c\u00e1maras y de proyectores y m\u00e1s; &#8211; Limpia las unidades de alimentaci\u00f3n, enfriadores y&hellip;<\/p>\n","protected":false},"featured_media":5027,"comment_status":"open","ping_status":"closed","template":"","meta":{"om_disable_all_campaigns":false,"_monsterinsights_skip_tracking":false,"_monsterinsights_sitenote_active":false,"_monsterinsights_sitenote_note":"","_monsterinsights_sitenote_category":0},"product_brand":[],"product_cat":[406],"product_tag":[343,341,339,346,347,350,348,179,344,349,340,351,345,352,342],"class_list":{"0":"post-5028","1":"product","2":"type-product","3":"status-publish","4":"has-post-thumbnail","6":"product_cat-herramienta-manhattan","7":"product_tag-antiincendio","8":"product_tag-cable-anti-incendio","9":"product_tag-cables-estructurado","10":"product_tag-canaletas","11":"product_tag-charolas","12":"product_tag-conectores","13":"product_tag-fibra-optica","14":"product_tag-gabinetes","15":"product_tag-hdmi","16":"product_tag-jacks","17":"product_tag-patch-cord","18":"product_tag-racks","19":"product_tag-siameses","20":"product_tag-tierra-fisica","21":"product_tag-utp","23":"first","24":"instock","25":"sale","26":"taxable","27":"shipping-taxable","28":"purchasable","29":"product-type-simple"},"aioseo_notices":[],"_links":{"self":[{"href":"https:\/\/tecsecmty.com\/index.php\/wp-json\/wp\/v2\/product\/5028","targetHints":{"allow":["GET"]}}],"collection":[{"href":"https:\/\/tecsecmty.com\/index.php\/wp-json\/wp\/v2\/product"}],"about":[{"href":"https:\/\/tecsecmty.com\/index.php\/wp-json\/wp\/v2\/types\/product"}],"replies":[{"embeddable":true,"href":"https:\/\/tecsecmty.com\/index.php\/wp-json\/wp\/v2\/comments?post=5028"}],"version-history":[{"count":0,"href":"https:\/\/tecsecmty.com\/index.php\/wp-json\/wp\/v2\/product\/5028\/revisions"}],"wp:featuredmedia":[{"embeddable":true,"href":"https:\/\/tecsecmty.com\/index.php\/wp-json\/wp\/v2\/media\/5027"}],"wp:attachment":[{"href":"https:\/\/tecsecmty.com\/index.php\/wp-json\/wp\/v2\/media?parent=5028"}],"wp:term":[{"taxonomy":"product_brand","embeddable":true,"href":"https:\/\/tecsecmty.com\/index.php\/wp-json\/wp\/v2\/product_brand?post=5028"},{"taxonomy":"product_cat","embeddable":true,"href":"https:\/\/tecsecmty.com\/index.php\/wp-json\/wp\/v2\/product_cat?post=5028"},{"taxonomy":"product_tag","embeddable":true,"href":"https:\/\/tecsecmty.com\/index.php\/wp-json\/wp\/v2\/product_tag?post=5028"}],"curies":[{"name":"wp","href":"https:\/\/api.w.org\/{rel}","templated":true}]}}