{"id":5054,"date":"2023-02-23T01:43:16","date_gmt":"2023-02-23T07:43:16","guid":{"rendered":"https:\/\/tecsecmty.com\/index.php\/producto\/intellinet-210591-jack-cat-6-de-impacto-keystone-blanco\/"},"modified":"2023-03-22T23:23:32","modified_gmt":"2023-03-23T05:23:32","slug":"intellinet-210591-jack-cat-6-de-impacto-keystone-blanco","status":"publish","type":"product","link":"https:\/\/tecsecmty.com\/index.php\/producto\/intellinet-210591-jack-cat-6-de-impacto-keystone-blanco\/","title":{"rendered":"INTELLINET 210591 &#8211; JACK CAT 6 \/ DE IMPACTO \/ (KEYSTONE) \/ BLANCO"},"content":{"rendered":"<h5 class=\"card-title text-center\">Informaci\u00f3n General<\/h5>\n<p>El Jack Keystone Cat6 de Intellinet ofrece el mejor rendimiento a un precio competitivo. Ya sea para su uso en una instalaci\u00f3n de red dom\u00e9stica o en un gran centro de datos que consume mucha informaci\u00f3n, este conector de Keystone cumple o excede los est\u00e1ndares de la industria para que pueda estar seguro de que sus conexiones de red durar\u00e1n.<\/p>\n<p>El Jack Keystone Cat6 de Intellinet hace un ajuste excelente en su configuraci\u00f3n actual. Con una amplia gama de colores para elegir en el rango de c\u00f3digos 568-A y 568-B, es f\u00e1cil adaptar nuestro conector a su combinaci\u00f3n de colores. Y debido a que est\u00e1 construido en el formato 8-Position 8-Conductor (8P8C), puede usar la misma herramienta 110 Punch Down para conectar este conector y saltar r\u00e1pidamente a una tarea de cableado en su panel de conexi\u00f3n.<\/p>\n<ul>\n<li>De impacto<\/li>\n<li>Para uso con cable sin blindaje (UTP) Cat6<\/li>\n<li>Compatible con herramientas de impacto 110 y Krone<\/li>\n<li>La Cat6 cumple con el est\u00e1ndar ANSI\/TIA\/EIA 568B.2-1<\/li>\n<li>5 a\u00f1os de Garant\u00eda<\/li>\n<\/ul>\n<p><img decoding=\"async\" class=\"overview-center-img-web\" src=\"https:\/\/tvc.mx\/media\/260543\/Jack-RJ45-6-Keystone-De-Impacto-Blanco-Intellinet-210591-2.png\" alt=\"\" \/><\/p>\n<h5 class=\"card-title text-center\">Caracter\u00edsticas Principales<\/h5>\n<ul>\n<li>Jack RJ-45 de 8 posiciones<\/li>\n<li>Para su uso con cable s\u00f3lido y multifilar, calibres 22 al 26 AWG<\/li>\n<li>Aprobado por EIA\/TIA (C\u00f3digo de colores 568A\/B)<\/li>\n<li>Listado UL E157358<\/li>\n<li>\u00d3ptimo para la transmisi\u00f3n a 250 MHz.<\/li>\n<li>Peso: 0.01 kg<\/li>\n<li>Dimensiones: 28.3 (L) x 18 (W) x 20.8 (H) [mm]<\/li>\n<li>Embalaje: Bolsa<\/li>\n<li>Temperatura de operaci\u00f3n: -40\u00b0 C \u2013 80\u00b0 C<\/li>\n<\/ul>\n","protected":false},"excerpt":{"rendered":"<p>Informaci\u00f3n General El Jack Keystone Cat6 de Intellinet ofrece el mejor rendimiento a un precio competitivo. Ya sea para su uso en una instalaci\u00f3n de red dom\u00e9stica o en un gran centro de datos que consume mucha informaci\u00f3n, este conector de Keystone cumple o excede&hellip;<\/p>\n","protected":false},"featured_media":5053,"comment_status":"open","ping_status":"closed","template":"","meta":{"om_disable_all_campaigns":false,"_monsterinsights_skip_tracking":false,"_monsterinsights_sitenote_active":false,"_monsterinsights_sitenote_note":"","_monsterinsights_sitenote_category":0},"product_brand":[],"product_cat":[410],"product_tag":[343,341,339,346,347,350,348,179,344,349,340,351,345,352,342],"class_list":{"0":"post-5054","1":"product","2":"type-product","3":"status-publish","4":"has-post-thumbnail","6":"product_cat-jacks-y-conectores-intellinet","7":"product_tag-antiincendio","8":"product_tag-cable-anti-incendio","9":"product_tag-cables-estructurado","10":"product_tag-canaletas","11":"product_tag-charolas","12":"product_tag-conectores","13":"product_tag-fibra-optica","14":"product_tag-gabinetes","15":"product_tag-hdmi","16":"product_tag-jacks","17":"product_tag-patch-cord","18":"product_tag-racks","19":"product_tag-siameses","20":"product_tag-tierra-fisica","21":"product_tag-utp","23":"first","24":"instock","25":"sale","26":"taxable","27":"shipping-taxable","28":"purchasable","29":"product-type-simple"},"aioseo_notices":[],"_links":{"self":[{"href":"https:\/\/tecsecmty.com\/index.php\/wp-json\/wp\/v2\/product\/5054","targetHints":{"allow":["GET"]}}],"collection":[{"href":"https:\/\/tecsecmty.com\/index.php\/wp-json\/wp\/v2\/product"}],"about":[{"href":"https:\/\/tecsecmty.com\/index.php\/wp-json\/wp\/v2\/types\/product"}],"replies":[{"embeddable":true,"href":"https:\/\/tecsecmty.com\/index.php\/wp-json\/wp\/v2\/comments?post=5054"}],"version-history":[{"count":0,"href":"https:\/\/tecsecmty.com\/index.php\/wp-json\/wp\/v2\/product\/5054\/revisions"}],"wp:featuredmedia":[{"embeddable":true,"href":"https:\/\/tecsecmty.com\/index.php\/wp-json\/wp\/v2\/media\/5053"}],"wp:attachment":[{"href":"https:\/\/tecsecmty.com\/index.php\/wp-json\/wp\/v2\/media?parent=5054"}],"wp:term":[{"taxonomy":"product_brand","embeddable":true,"href":"https:\/\/tecsecmty.com\/index.php\/wp-json\/wp\/v2\/product_brand?post=5054"},{"taxonomy":"product_cat","embeddable":true,"href":"https:\/\/tecsecmty.com\/index.php\/wp-json\/wp\/v2\/product_cat?post=5054"},{"taxonomy":"product_tag","embeddable":true,"href":"https:\/\/tecsecmty.com\/index.php\/wp-json\/wp\/v2\/product_tag?post=5054"}],"curies":[{"name":"wp","href":"https:\/\/api.w.org\/{rel}","templated":true}]}}