{"id":5068,"date":"2023-02-23T01:43:29","date_gmt":"2023-02-23T07:43:29","guid":{"rendered":"https:\/\/tecsecmty.com\/index.php\/producto\/saxxon-adaptel-adaptador-telefonico-2-jacks-a-1-plug-de-4-contactos\/"},"modified":"2023-03-22T23:23:51","modified_gmt":"2023-03-23T05:23:51","slug":"saxxon-adaptel-adaptador-telefonico-2-jacks-a-1-plug-de-4-contactos","status":"publish","type":"product","link":"https:\/\/tecsecmty.com\/index.php\/producto\/saxxon-adaptel-adaptador-telefonico-2-jacks-a-1-plug-de-4-contactos\/","title":{"rendered":"SAXXON ADAPTEL &#8211; Adaptador telef\u00f3nico \/ 2 JACKS A 1 PLUG \/ De 4 contactos"},"content":{"rendered":"<h5 class=\"card-title text-center\">Informaci\u00f3n general<\/h5>\n<h4 class=\"ql-align-justify\"><strong>Adaptador telef\u00f3nico tipo \u00abY\u00bb<\/strong><\/h4>\n<p class=\"ql-align-justify\">Para conectar 2 extensiones a una misma conexi\u00f3n telef\u00f3nica. o para agregar mas aparatos telef\u00f3nicos a su hogar u oficina.\u00a0Ideal para m\u00f3dems y faxes<\/p>\n<p class=\"ql-align-justify\">Tiene 2 conectores hembra (jack) a un conector macho (plug) de 4 contactos y puede estar fabricado en pl\u00e1stico color marfil o blanco.<\/p>\n<p><img decoding=\"async\" class=\"overview-center-img-web\" src=\"https:\/\/tvc.mx\/media\/154642\/SAXXON-ADAPTEL-adaptador-telefonico-img2.jpg\" alt=\"\" \/><\/p>\n","protected":false},"excerpt":{"rendered":"<p>Informaci\u00f3n general Adaptador telef\u00f3nico tipo \u00abY\u00bb Para conectar 2 extensiones a una misma conexi\u00f3n telef\u00f3nica. o para agregar mas aparatos telef\u00f3nicos a su hogar u oficina.\u00a0Ideal para m\u00f3dems y faxes Tiene 2 conectores hembra (jack) a un conector macho (plug) de 4 contactos y puede&hellip;<\/p>\n","protected":false},"featured_media":5067,"comment_status":"open","ping_status":"closed","template":"","meta":{"om_disable_all_campaigns":false,"_monsterinsights_skip_tracking":false,"_monsterinsights_sitenote_active":false,"_monsterinsights_sitenote_note":"","_monsterinsights_sitenote_category":0},"product_brand":[],"product_cat":[411],"product_tag":[343,341,339,346,347,350,348,179,344,349,340,351,345,352,342],"class_list":{"0":"post-5068","1":"product","2":"type-product","3":"status-publish","4":"has-post-thumbnail","6":"product_cat-jacks-y-conectores-saxxon-cableado-estructurado","7":"product_tag-antiincendio","8":"product_tag-cable-anti-incendio","9":"product_tag-cables-estructurado","10":"product_tag-canaletas","11":"product_tag-charolas","12":"product_tag-conectores","13":"product_tag-fibra-optica","14":"product_tag-gabinetes","15":"product_tag-hdmi","16":"product_tag-jacks","17":"product_tag-patch-cord","18":"product_tag-racks","19":"product_tag-siameses","20":"product_tag-tierra-fisica","21":"product_tag-utp","23":"first","24":"instock","25":"sale","26":"taxable","27":"shipping-taxable","28":"purchasable","29":"product-type-simple"},"aioseo_notices":[],"_links":{"self":[{"href":"https:\/\/tecsecmty.com\/index.php\/wp-json\/wp\/v2\/product\/5068","targetHints":{"allow":["GET"]}}],"collection":[{"href":"https:\/\/tecsecmty.com\/index.php\/wp-json\/wp\/v2\/product"}],"about":[{"href":"https:\/\/tecsecmty.com\/index.php\/wp-json\/wp\/v2\/types\/product"}],"replies":[{"embeddable":true,"href":"https:\/\/tecsecmty.com\/index.php\/wp-json\/wp\/v2\/comments?post=5068"}],"version-history":[{"count":0,"href":"https:\/\/tecsecmty.com\/index.php\/wp-json\/wp\/v2\/product\/5068\/revisions"}],"wp:featuredmedia":[{"embeddable":true,"href":"https:\/\/tecsecmty.com\/index.php\/wp-json\/wp\/v2\/media\/5067"}],"wp:attachment":[{"href":"https:\/\/tecsecmty.com\/index.php\/wp-json\/wp\/v2\/media?parent=5068"}],"wp:term":[{"taxonomy":"product_brand","embeddable":true,"href":"https:\/\/tecsecmty.com\/index.php\/wp-json\/wp\/v2\/product_brand?post=5068"},{"taxonomy":"product_cat","embeddable":true,"href":"https:\/\/tecsecmty.com\/index.php\/wp-json\/wp\/v2\/product_cat?post=5068"},{"taxonomy":"product_tag","embeddable":true,"href":"https:\/\/tecsecmty.com\/index.php\/wp-json\/wp\/v2\/product_tag?post=5068"}],"curies":[{"name":"wp","href":"https:\/\/api.w.org\/{rel}","templated":true}]}}