{"id":5070,"date":"2023-02-23T01:43:31","date_gmt":"2023-02-23T07:43:31","guid":{"rendered":"https:\/\/tecsecmty.com\/index.php\/producto\/saxxon-m225-cople-rj45-rj45-hembra-a-rj45-hembra-cat-5e-color-negro\/"},"modified":"2023-03-22T23:23:56","modified_gmt":"2023-03-23T05:23:56","slug":"saxxon-m225-cople-rj45-rj45-hembra-a-rj45-hembra-cat-5e-color-negro","status":"publish","type":"product","link":"https:\/\/tecsecmty.com\/index.php\/producto\/saxxon-m225-cople-rj45-rj45-hembra-a-rj45-hembra-cat-5e-color-negro\/","title":{"rendered":"SAXXON M225 &#8211; Cople RJ45 \/ RJ45 Hembra a RJ45 hembra \/ CAT 5E \/ Color negro"},"content":{"rendered":"<h5 class=\"card-title text-center\">Caracter\u00edsticas Principales<\/h5>\n<p class=\"ql-align-justify\">Adaptador para internet\u00a0jack RJ45 a jack RJ45 (niple)\u00a0que te permite unir dos extensiones de UTP ya fabricadas y hacer una\u00a0mas larga.<\/p>\n<p class=\"ql-align-justify\">RJ45 es una interfaz f\u00edsica com\u00fanmente utilizada para conectar redes de computadoras con cableado estructurado (categor\u00edas 4, 5, 5e, 6 y 6a). Posee ocho pines o conexiones el\u00e9ctricas, que normalmente se usan como extremos de cables de par trenzado (UTP).<\/p>\n<ul>\n<li class=\"ql-align-justify\">Para unir dos extensiones plug RJ45<\/li>\n<li class=\"ql-align-justify\">Compatible con cable estructurado categor\u00edas 4,5,5e.<\/li>\n<li class=\"ql-align-justify\">Aplicaciones: Redes y comunicaci\u00f3n<\/li>\n<\/ul>\n<p><img decoding=\"async\" class=\"overview-center-img-web\" src=\"https:\/\/tvc.mx\/media\/493384\/TCE442019-Cople-RJ45-RJ45-Hembra-a-RJ45-hembra-CAT-5E-Color-negro-1.png\" alt=\"\" \/><\/p>\n","protected":false},"excerpt":{"rendered":"<p>Caracter\u00edsticas Principales Adaptador para internet\u00a0jack RJ45 a jack RJ45 (niple)\u00a0que te permite unir dos extensiones de UTP ya fabricadas y hacer una\u00a0mas larga. RJ45 es una interfaz f\u00edsica com\u00fanmente utilizada para conectar redes de computadoras con cableado estructurado (categor\u00edas 4, 5, 5e, 6 y 6a).&hellip;<\/p>\n","protected":false},"featured_media":5069,"comment_status":"open","ping_status":"closed","template":"","meta":{"om_disable_all_campaigns":false,"_monsterinsights_skip_tracking":false,"_monsterinsights_sitenote_active":false,"_monsterinsights_sitenote_note":"","_monsterinsights_sitenote_category":0},"product_brand":[],"product_cat":[411],"product_tag":[343,341,339,346,347,350,348,179,344,349,340,351,345,352,342],"class_list":{"0":"post-5070","1":"product","2":"type-product","3":"status-publish","4":"has-post-thumbnail","6":"product_cat-jacks-y-conectores-saxxon-cableado-estructurado","7":"product_tag-antiincendio","8":"product_tag-cable-anti-incendio","9":"product_tag-cables-estructurado","10":"product_tag-canaletas","11":"product_tag-charolas","12":"product_tag-conectores","13":"product_tag-fibra-optica","14":"product_tag-gabinetes","15":"product_tag-hdmi","16":"product_tag-jacks","17":"product_tag-patch-cord","18":"product_tag-racks","19":"product_tag-siameses","20":"product_tag-tierra-fisica","21":"product_tag-utp","23":"first","24":"instock","25":"sale","26":"taxable","27":"shipping-taxable","28":"purchasable","29":"product-type-simple"},"aioseo_notices":[],"_links":{"self":[{"href":"https:\/\/tecsecmty.com\/index.php\/wp-json\/wp\/v2\/product\/5070","targetHints":{"allow":["GET"]}}],"collection":[{"href":"https:\/\/tecsecmty.com\/index.php\/wp-json\/wp\/v2\/product"}],"about":[{"href":"https:\/\/tecsecmty.com\/index.php\/wp-json\/wp\/v2\/types\/product"}],"replies":[{"embeddable":true,"href":"https:\/\/tecsecmty.com\/index.php\/wp-json\/wp\/v2\/comments?post=5070"}],"version-history":[{"count":0,"href":"https:\/\/tecsecmty.com\/index.php\/wp-json\/wp\/v2\/product\/5070\/revisions"}],"wp:featuredmedia":[{"embeddable":true,"href":"https:\/\/tecsecmty.com\/index.php\/wp-json\/wp\/v2\/media\/5069"}],"wp:attachment":[{"href":"https:\/\/tecsecmty.com\/index.php\/wp-json\/wp\/v2\/media?parent=5070"}],"wp:term":[{"taxonomy":"product_brand","embeddable":true,"href":"https:\/\/tecsecmty.com\/index.php\/wp-json\/wp\/v2\/product_brand?post=5070"},{"taxonomy":"product_cat","embeddable":true,"href":"https:\/\/tecsecmty.com\/index.php\/wp-json\/wp\/v2\/product_cat?post=5070"},{"taxonomy":"product_tag","embeddable":true,"href":"https:\/\/tecsecmty.com\/index.php\/wp-json\/wp\/v2\/product_tag?post=5070"}],"curies":[{"name":"wp","href":"https:\/\/api.w.org\/{rel}","templated":true}]}}