{"id":5100,"date":"2023-02-23T01:44:27","date_gmt":"2023-02-23T07:44:27","guid":{"rendered":"https:\/\/tecsecmty.com\/index.php\/producto\/saxxon-s901e-conector-plug-rj45-para-cable-utp-con-guia-cat-6-blindado-paquete-100-piezas\/"},"modified":"2023-03-22T23:24:06","modified_gmt":"2023-03-23T05:24:06","slug":"saxxon-s901e-conector-plug-rj45-para-cable-utp-con-guia-cat-6-blindado-paquete-100-piezas","status":"publish","type":"product","link":"https:\/\/tecsecmty.com\/index.php\/producto\/saxxon-s901e-conector-plug-rj45-para-cable-utp-con-guia-cat-6-blindado-paquete-100-piezas\/","title":{"rendered":"SAXXON S901E &#8211; Conector plug RJ45 para cable UTP con gu\u00eda \/ CAT 6 \/ Blindado \/ Paquete 100 piezas"},"content":{"rendered":"<h5 class=\"card-title text-center\">Caracter\u00edsticas Principales<\/h5>\n<p>\u25cf Conector blindado RJ45 completo<\/p>\n<p>\u25cfCumple con los est\u00e1ndares ANSI \/ TIA 568C.2<\/p>\n<p>\u25cf Adecuado para PoE + IEEE 802.3 af \/ at<\/p>\n<p>\u25cf C\u00f3digos de color T568A y T568B<\/p>\n<p>\u25cf Terminaci\u00f3n r\u00e1pida y f\u00e1cil<\/p>\n<p>RJ45 Conector Carcasa PC, UL 94-V2, amarillo (RAL1021)<\/p>\n<p>Material de contacto Bronce fosforado \/ niquelado Chapado en oro 50 micropulgadas en el \u00e1rea de contacto superficial<\/p>\n<p>IDC carcasa PC, UL 94-V2 IDC Terminal Titanio cobre \/ Chapado en Esta\u00f1o IDC<\/p>\n<p>Compatibilidad 23-26AWG Cable solido<\/p>\n<p>Tapa de la carcasa Zinc fundido a presi\u00f3n con niquelado<\/p>\n<p>Administraci\u00f3n de cables PC, UL 94-V2 &#8211; Blanco Deslizamiento PC, UL 94-V2 &#8211; Transparente<\/p>\n<p>Est\u00e1ndares ANSI \/ TIA-568C.2 Categor\u00eda 6 IEC 60603-7 Categor\u00eda 6 ISO 11801 2\u00aa edici\u00f3n Clase EA<\/p>\n<p><img decoding=\"async\" class=\"overview-center-img-web\" src=\"https:\/\/tvc.mx\/media\/473964\/Conector-plug-RJ45-para-cable-UTP-con-gu%C3%ADa-CAT-6-Blindado-Paquete-100-piezas.png\" alt=\"\" \/><\/p>\n","protected":false},"excerpt":{"rendered":"<p>Caracter\u00edsticas Principales \u25cf Conector blindado RJ45 completo \u25cfCumple con los est\u00e1ndares ANSI \/ TIA 568C.2 \u25cf Adecuado para PoE + IEEE 802.3 af \/ at \u25cf C\u00f3digos de color T568A y T568B \u25cf Terminaci\u00f3n r\u00e1pida y f\u00e1cil RJ45 Conector Carcasa PC, UL 94-V2, amarillo (RAL1021)&hellip;<\/p>\n","protected":false},"featured_media":5099,"comment_status":"open","ping_status":"closed","template":"","meta":{"om_disable_all_campaigns":false,"_monsterinsights_skip_tracking":false,"_monsterinsights_sitenote_active":false,"_monsterinsights_sitenote_note":"","_monsterinsights_sitenote_category":0},"product_brand":[],"product_cat":[411],"product_tag":[343,341,339,346,347,350,348,179,344,349,340,351,345,352,342],"class_list":{"0":"post-5100","1":"product","2":"type-product","3":"status-publish","4":"has-post-thumbnail","6":"product_cat-jacks-y-conectores-saxxon-cableado-estructurado","7":"product_tag-antiincendio","8":"product_tag-cable-anti-incendio","9":"product_tag-cables-estructurado","10":"product_tag-canaletas","11":"product_tag-charolas","12":"product_tag-conectores","13":"product_tag-fibra-optica","14":"product_tag-gabinetes","15":"product_tag-hdmi","16":"product_tag-jacks","17":"product_tag-patch-cord","18":"product_tag-racks","19":"product_tag-siameses","20":"product_tag-tierra-fisica","21":"product_tag-utp","23":"first","24":"instock","25":"sale","26":"taxable","27":"shipping-taxable","28":"purchasable","29":"product-type-simple"},"aioseo_notices":[],"_links":{"self":[{"href":"https:\/\/tecsecmty.com\/index.php\/wp-json\/wp\/v2\/product\/5100","targetHints":{"allow":["GET"]}}],"collection":[{"href":"https:\/\/tecsecmty.com\/index.php\/wp-json\/wp\/v2\/product"}],"about":[{"href":"https:\/\/tecsecmty.com\/index.php\/wp-json\/wp\/v2\/types\/product"}],"replies":[{"embeddable":true,"href":"https:\/\/tecsecmty.com\/index.php\/wp-json\/wp\/v2\/comments?post=5100"}],"version-history":[{"count":0,"href":"https:\/\/tecsecmty.com\/index.php\/wp-json\/wp\/v2\/product\/5100\/revisions"}],"wp:featuredmedia":[{"embeddable":true,"href":"https:\/\/tecsecmty.com\/index.php\/wp-json\/wp\/v2\/media\/5099"}],"wp:attachment":[{"href":"https:\/\/tecsecmty.com\/index.php\/wp-json\/wp\/v2\/media?parent=5100"}],"wp:term":[{"taxonomy":"product_brand","embeddable":true,"href":"https:\/\/tecsecmty.com\/index.php\/wp-json\/wp\/v2\/product_brand?post=5100"},{"taxonomy":"product_cat","embeddable":true,"href":"https:\/\/tecsecmty.com\/index.php\/wp-json\/wp\/v2\/product_cat?post=5100"},{"taxonomy":"product_tag","embeddable":true,"href":"https:\/\/tecsecmty.com\/index.php\/wp-json\/wp\/v2\/product_tag?post=5100"}],"curies":[{"name":"wp","href":"https:\/\/api.w.org\/{rel}","templated":true}]}}