{"id":5104,"date":"2023-02-23T01:44:31","date_gmt":"2023-02-23T07:44:31","guid":{"rendered":"https:\/\/tecsecmty.com\/index.php\/producto\/sbetech-2302bl-modulo-jack-keystone-rj45-8-hilos-cat-5e-compatible-con-calibres-awg-22-26-color-azul\/"},"modified":"2023-03-22T23:24:13","modified_gmt":"2023-03-23T05:24:13","slug":"sbetech-2302bl-modulo-jack-keystone-rj45-8-hilos-cat-5e-compatible-con-calibres-awg-22-26-color-azul","status":"publish","type":"product","link":"https:\/\/tecsecmty.com\/index.php\/producto\/sbetech-2302bl-modulo-jack-keystone-rj45-8-hilos-cat-5e-compatible-con-calibres-awg-22-26-color-azul\/","title":{"rendered":"SBETECH 2302BL- Modulo jack keystone RJ45 \/ 8 Hilos \/ CAT 5e \/ Compatible con calibres AWG 22-26 \/ Color azul"},"content":{"rendered":"<h5 class=\"card-title text-center\">Informaci\u00f3n general<\/h5>\n<p class=\"ql-align-justify\">Jack modular cat 5e<\/p>\n<ul>\n<li class=\"ql-align-justify\">Verificaci\u00f3n UL, CE y ETL<\/li>\n<li class=\"ql-align-justify\">Cumple con los est\u00e1ndares ANSI \/TIA-568-C.2-1 de categor\u00eda 5e, ISO 11801, 2a Edici\u00f3n, Clase E<\/li>\n<li class=\"ql-align-justify\">Probado al 100% para asegurar el NEXT<\/li>\n<li class=\"ql-align-justify\">Puede reutilizarse como m\u00ednimo 10 veces<\/li>\n<li class=\"ql-align-justify\">Configuraci\u00f3n Universal T568A y T568B<\/li>\n<li class=\"ql-align-justify\">La tapa de terminaci\u00f3n que se provee proporciona excelente liberaci\u00f3n de tensi\u00f3n y ayuda a controlar el radio de curvatura del cable, adem\u00e1s de asegurar la retenci\u00f3n del mismo<\/li>\n<\/ul>\n<p><img decoding=\"async\" class=\"overview-center-img-web\" src=\"https:\/\/tvc.mx\/media\/180357\/SBE-2302-BL-Jack-modular-8-posiciones-cat5e-color-azul-img2.png\" alt=\"\" \/><\/p>\n","protected":false},"excerpt":{"rendered":"<p>Informaci\u00f3n general Jack modular cat 5e Verificaci\u00f3n UL, CE y ETL Cumple con los est\u00e1ndares ANSI \/TIA-568-C.2-1 de categor\u00eda 5e, ISO 11801, 2a Edici\u00f3n, Clase E Probado al 100% para asegurar el NEXT Puede reutilizarse como m\u00ednimo 10 veces Configuraci\u00f3n Universal T568A y T568B La&hellip;<\/p>\n","protected":false},"featured_media":5103,"comment_status":"open","ping_status":"closed","template":"","meta":{"om_disable_all_campaigns":false,"_monsterinsights_skip_tracking":false,"_monsterinsights_sitenote_active":false,"_monsterinsights_sitenote_note":"","_monsterinsights_sitenote_category":0},"product_brand":[],"product_cat":[412],"product_tag":[343,341,339,346,347,350,348,179,344,349,340,351,345,352,342],"class_list":{"0":"post-5104","1":"product","2":"type-product","3":"status-publish","4":"has-post-thumbnail","6":"product_cat-jacks-y-conectores-sbe-tech","7":"product_tag-antiincendio","8":"product_tag-cable-anti-incendio","9":"product_tag-cables-estructurado","10":"product_tag-canaletas","11":"product_tag-charolas","12":"product_tag-conectores","13":"product_tag-fibra-optica","14":"product_tag-gabinetes","15":"product_tag-hdmi","16":"product_tag-jacks","17":"product_tag-patch-cord","18":"product_tag-racks","19":"product_tag-siameses","20":"product_tag-tierra-fisica","21":"product_tag-utp","23":"first","24":"instock","25":"sale","26":"taxable","27":"shipping-taxable","28":"purchasable","29":"product-type-simple"},"aioseo_notices":[],"_links":{"self":[{"href":"https:\/\/tecsecmty.com\/index.php\/wp-json\/wp\/v2\/product\/5104","targetHints":{"allow":["GET"]}}],"collection":[{"href":"https:\/\/tecsecmty.com\/index.php\/wp-json\/wp\/v2\/product"}],"about":[{"href":"https:\/\/tecsecmty.com\/index.php\/wp-json\/wp\/v2\/types\/product"}],"replies":[{"embeddable":true,"href":"https:\/\/tecsecmty.com\/index.php\/wp-json\/wp\/v2\/comments?post=5104"}],"version-history":[{"count":0,"href":"https:\/\/tecsecmty.com\/index.php\/wp-json\/wp\/v2\/product\/5104\/revisions"}],"wp:featuredmedia":[{"embeddable":true,"href":"https:\/\/tecsecmty.com\/index.php\/wp-json\/wp\/v2\/media\/5103"}],"wp:attachment":[{"href":"https:\/\/tecsecmty.com\/index.php\/wp-json\/wp\/v2\/media?parent=5104"}],"wp:term":[{"taxonomy":"product_brand","embeddable":true,"href":"https:\/\/tecsecmty.com\/index.php\/wp-json\/wp\/v2\/product_brand?post=5104"},{"taxonomy":"product_cat","embeddable":true,"href":"https:\/\/tecsecmty.com\/index.php\/wp-json\/wp\/v2\/product_cat?post=5104"},{"taxonomy":"product_tag","embeddable":true,"href":"https:\/\/tecsecmty.com\/index.php\/wp-json\/wp\/v2\/product_tag?post=5104"}],"curies":[{"name":"wp","href":"https:\/\/api.w.org\/{rel}","templated":true}]}}