{"id":5112,"date":"2023-02-23T01:44:40","date_gmt":"2023-02-23T07:44:40","guid":{"rendered":"https:\/\/tecsecmty.com\/index.php\/producto\/sbetech-jackc6wt-modulo-jack-keystone-rj45-8-hilos-cat-6-compatible-con-calibres-awg-22-26-color-blanco\/"},"modified":"2023-03-22T23:24:15","modified_gmt":"2023-03-23T05:24:15","slug":"sbetech-jackc6wt-modulo-jack-keystone-rj45-8-hilos-cat-6-compatible-con-calibres-awg-22-26-color-blanco","status":"publish","type":"product","link":"https:\/\/tecsecmty.com\/index.php\/producto\/sbetech-jackc6wt-modulo-jack-keystone-rj45-8-hilos-cat-6-compatible-con-calibres-awg-22-26-color-blanco\/","title":{"rendered":"SBETECH JACKC6WT- Modulo jack keystone RJ45 \/ 8 Hilos \/ CAT 6\/ Compatible con calibres AWG 22-26 \/ Color blanco"},"content":{"rendered":"<h5 class=\"card-title text-center\">Informaci\u00f3n General<\/h5>\n<p class=\"ql-align-justify\">M\u00f3dulo Jack Categor\u00eda 6, 8 posiciones, RJ45, cumple con los requerimientos para trabajar redes LAN a 1Gb\/s 1000BASE-T, montaje f\u00e1cil y r\u00e1pido en paneles de parcheo y placas de pared SBE TECH, excelente para aplicaciones VoIP y PoE.<\/p>\n<p class=\"ql-align-justify\">No se requiere herramienta de impacto para terminar el Jack.<\/p>\n<p><img decoding=\"async\" class=\"overview-center-img-web\" src=\"https:\/\/tvc.mx\/media\/118426\/SBETECH--SBEJACKC6WT--Cableado-Estructurado.png\" alt=\"\" \/><\/p>\n","protected":false},"excerpt":{"rendered":"<p>Informaci\u00f3n General M\u00f3dulo Jack Categor\u00eda 6, 8 posiciones, RJ45, cumple con los requerimientos para trabajar redes LAN a 1Gb\/s 1000BASE-T, montaje f\u00e1cil y r\u00e1pido en paneles de parcheo y placas de pared SBE TECH, excelente para aplicaciones VoIP y PoE. No se requiere herramienta de&hellip;<\/p>\n","protected":false},"featured_media":5111,"comment_status":"open","ping_status":"closed","template":"","meta":{"om_disable_all_campaigns":false,"_monsterinsights_skip_tracking":false,"_monsterinsights_sitenote_active":false,"_monsterinsights_sitenote_note":"","_monsterinsights_sitenote_category":0},"product_brand":[],"product_cat":[412],"product_tag":[343,341,339,346,347,350,348,179,344,349,340,351,345,352,342],"class_list":{"0":"post-5112","1":"product","2":"type-product","3":"status-publish","4":"has-post-thumbnail","6":"product_cat-jacks-y-conectores-sbe-tech","7":"product_tag-antiincendio","8":"product_tag-cable-anti-incendio","9":"product_tag-cables-estructurado","10":"product_tag-canaletas","11":"product_tag-charolas","12":"product_tag-conectores","13":"product_tag-fibra-optica","14":"product_tag-gabinetes","15":"product_tag-hdmi","16":"product_tag-jacks","17":"product_tag-patch-cord","18":"product_tag-racks","19":"product_tag-siameses","20":"product_tag-tierra-fisica","21":"product_tag-utp","23":"first","24":"instock","25":"sale","26":"taxable","27":"shipping-taxable","28":"purchasable","29":"product-type-simple"},"aioseo_notices":[],"_links":{"self":[{"href":"https:\/\/tecsecmty.com\/index.php\/wp-json\/wp\/v2\/product\/5112","targetHints":{"allow":["GET"]}}],"collection":[{"href":"https:\/\/tecsecmty.com\/index.php\/wp-json\/wp\/v2\/product"}],"about":[{"href":"https:\/\/tecsecmty.com\/index.php\/wp-json\/wp\/v2\/types\/product"}],"replies":[{"embeddable":true,"href":"https:\/\/tecsecmty.com\/index.php\/wp-json\/wp\/v2\/comments?post=5112"}],"version-history":[{"count":0,"href":"https:\/\/tecsecmty.com\/index.php\/wp-json\/wp\/v2\/product\/5112\/revisions"}],"wp:featuredmedia":[{"embeddable":true,"href":"https:\/\/tecsecmty.com\/index.php\/wp-json\/wp\/v2\/media\/5111"}],"wp:attachment":[{"href":"https:\/\/tecsecmty.com\/index.php\/wp-json\/wp\/v2\/media?parent=5112"}],"wp:term":[{"taxonomy":"product_brand","embeddable":true,"href":"https:\/\/tecsecmty.com\/index.php\/wp-json\/wp\/v2\/product_brand?post=5112"},{"taxonomy":"product_cat","embeddable":true,"href":"https:\/\/tecsecmty.com\/index.php\/wp-json\/wp\/v2\/product_cat?post=5112"},{"taxonomy":"product_tag","embeddable":true,"href":"https:\/\/tecsecmty.com\/index.php\/wp-json\/wp\/v2\/product_tag?post=5112"}],"curies":[{"name":"wp","href":"https:\/\/api.w.org\/{rel}","templated":true}]}}