{"id":5120,"date":"2023-02-23T01:44:47","date_gmt":"2023-02-23T07:44:47","guid":{"rendered":"https:\/\/tecsecmty.com\/index.php\/producto\/tvc-oc6u7kb9dnkyng-jack-modular-utp-cat-6-tipo-keystone\/"},"modified":"2023-03-22T23:24:27","modified_gmt":"2023-03-23T05:24:27","slug":"tvc-oc6u7kb9dnkyng-jack-modular-utp-cat-6-tipo-keystone","status":"publish","type":"product","link":"https:\/\/tecsecmty.com\/index.php\/producto\/tvc-oc6u7kb9dnkyng-jack-modular-utp-cat-6-tipo-keystone\/","title":{"rendered":"TVC OC6U7KB9DNKYNG- JACK MODULAR UTP\/CAT 6\/ TIPO KEYSTONE"},"content":{"rendered":"<h5 class=\"card-title text-center\">Caracter\u00edsticas Principales<\/h5>\n<p class=\"ql-align-justify\">Los JACKS son de alto desempe\u00f1o cumplen con la normativa de conectorizaci\u00f3n T568A\/T568B con modelos disponibles en 5 colores diferentes. Los conectores SAXXON est\u00e1n en total cumplimiento e incluso superan los requerimientos publicados en los est\u00e1ndares de la ANSI\/TIA 568-C tanto para categor\u00eda 6 logrando \u00f3ptimos desempe\u00f1os para transmisiones a m\u00e1s de 1Gbps satisfaciendo sus altos requerimientos de ancho de banda.<\/p>\n<ul>\n<li>El Jack de categoria 6 tiene su dise\u00f1o con capucha mejora la protecci\u00f3n y control del cable, su dise\u00f1o flexible permite un f\u00e1cil acceso para adicionar o remover los cordones de red en ambientes con espacio limitado entre patch cords.<\/li>\n<li>El Jack de categoria 6 son ideales para la conexi\u00f3n a servidores, switches, Patch Panel, o cualquier equipo de distribuci\u00f3n con alta densidad de puntos de conexi\u00f3n con salidas RJ-45.<\/li>\n<li>Est\u00e1n fabricados usando cable multifilar el cual cumple y supera todas las especificaciones de la norma seg\u00fan su categor\u00eda 6<\/li>\n<\/ul>\n<p><img decoding=\"async\" class=\"overview-center-img-web\" src=\"https:\/\/tvc.mx\/media\/461336\/SAXXON-JACK-MODULAR-UTP-CAT-6--TIPO-KEYSTONE.-6png.png\" alt=\"\" \/><\/p>\n","protected":false},"excerpt":{"rendered":"<p>Caracter\u00edsticas Principales Los JACKS son de alto desempe\u00f1o cumplen con la normativa de conectorizaci\u00f3n T568A\/T568B con modelos disponibles en 5 colores diferentes. Los conectores SAXXON est\u00e1n en total cumplimiento e incluso superan los requerimientos publicados en los est\u00e1ndares de la ANSI\/TIA 568-C tanto para categor\u00eda&hellip;<\/p>\n","protected":false},"featured_media":5119,"comment_status":"open","ping_status":"closed","template":"","meta":{"om_disable_all_campaigns":false,"_monsterinsights_skip_tracking":false,"_monsterinsights_sitenote_active":false,"_monsterinsights_sitenote_note":"","_monsterinsights_sitenote_category":0},"product_brand":[],"product_cat":[411],"product_tag":[343,341,339,346,347,350,348,179,344,349,340,351,345,352,342],"class_list":{"0":"post-5120","1":"product","2":"type-product","3":"status-publish","4":"has-post-thumbnail","6":"product_cat-jacks-y-conectores-saxxon-cableado-estructurado","7":"product_tag-antiincendio","8":"product_tag-cable-anti-incendio","9":"product_tag-cables-estructurado","10":"product_tag-canaletas","11":"product_tag-charolas","12":"product_tag-conectores","13":"product_tag-fibra-optica","14":"product_tag-gabinetes","15":"product_tag-hdmi","16":"product_tag-jacks","17":"product_tag-patch-cord","18":"product_tag-racks","19":"product_tag-siameses","20":"product_tag-tierra-fisica","21":"product_tag-utp","23":"first","24":"instock","25":"sale","26":"taxable","27":"shipping-taxable","28":"purchasable","29":"product-type-simple"},"aioseo_notices":[],"_links":{"self":[{"href":"https:\/\/tecsecmty.com\/index.php\/wp-json\/wp\/v2\/product\/5120","targetHints":{"allow":["GET"]}}],"collection":[{"href":"https:\/\/tecsecmty.com\/index.php\/wp-json\/wp\/v2\/product"}],"about":[{"href":"https:\/\/tecsecmty.com\/index.php\/wp-json\/wp\/v2\/types\/product"}],"replies":[{"embeddable":true,"href":"https:\/\/tecsecmty.com\/index.php\/wp-json\/wp\/v2\/comments?post=5120"}],"version-history":[{"count":0,"href":"https:\/\/tecsecmty.com\/index.php\/wp-json\/wp\/v2\/product\/5120\/revisions"}],"wp:featuredmedia":[{"embeddable":true,"href":"https:\/\/tecsecmty.com\/index.php\/wp-json\/wp\/v2\/media\/5119"}],"wp:attachment":[{"href":"https:\/\/tecsecmty.com\/index.php\/wp-json\/wp\/v2\/media?parent=5120"}],"wp:term":[{"taxonomy":"product_brand","embeddable":true,"href":"https:\/\/tecsecmty.com\/index.php\/wp-json\/wp\/v2\/product_brand?post=5120"},{"taxonomy":"product_cat","embeddable":true,"href":"https:\/\/tecsecmty.com\/index.php\/wp-json\/wp\/v2\/product_cat?post=5120"},{"taxonomy":"product_tag","embeddable":true,"href":"https:\/\/tecsecmty.com\/index.php\/wp-json\/wp\/v2\/product_tag?post=5120"}],"curies":[{"name":"wp","href":"https:\/\/api.w.org\/{rel}","templated":true}]}}