{"id":5124,"date":"2023-02-23T01:44:50","date_gmt":"2023-02-23T07:44:50","guid":{"rendered":"https:\/\/tecsecmty.com\/index.php\/producto\/intellinet-720342-patch-panel-de-24-puertos-12passive-poe-para-salida-de-datos-y-energia-compatible-con-cat5e\/"},"modified":"2023-03-22T23:23:36","modified_gmt":"2023-03-23T05:23:36","slug":"intellinet-720342-patch-panel-de-24-puertos-12passive-poe-para-salida-de-datos-y-energia-compatible-con-cat5e","status":"publish","type":"product","link":"https:\/\/tecsecmty.com\/index.php\/producto\/intellinet-720342-patch-panel-de-24-puertos-12passive-poe-para-salida-de-datos-y-energia-compatible-con-cat5e\/","title":{"rendered":"INTELLINET 720342 Patch Panel de 24 puertos (12)Passive Poe para salida de datos y energ\u00eda \/ Compatible con Cat5e"},"content":{"rendered":"<h5 class=\"card-title text-center\">Caracter\u00edsticas Principales<\/h5>\n<p>\u00bfNecesitas una soluci\u00f3n ec\u00f3nomica para actualizar tu red con PoE?<\/p>\n<p>Entonces el P\u00e1nel de Parcheo 720342 de Intellinet es tu soluci\u00f3n ideal. Intellinet es reconocido por sus productos PoE y este es uno de sus \u00faltimos lanzamientos.<\/p>\n<p>Features: Passive PoE (Power over Ethernet) en 12 puertos 1U de alto<\/p>\n<p>Para montaje en rack de 19&#8243;<\/p>\n<p>F\u00e1cil de instalar<\/p>\n<p>Una actualizaci\u00f3n econ\u00f3mica a PoE para tu red Compatible con Cat5e<\/p>\n<p>Tres a\u00f1os de garant\u00eda Especificaciones:<\/p>\n<p>\u2022 P\u00e1nel de parcheo de 24 puertos, 1U, 19&#8243;<\/p>\n<p>\u2022 12 Puertos RJ45 para entrada de datos<\/p>\n<p>\u2022 12 puertos RJ45 para salida de datos y energ\u00eda \u2022 120 watts de energ\u00eda disponible<\/p>\n<p>\u2022 Hasta 30 watts de energ\u00eda por puerto<\/p>\n<p>\u2022 Inyector PoE de 12 puertos<\/p>\n<p>\u2022 Construcci\u00f3n met\u00e1lica<\/p>\n<p>\u2022 Negro<\/p>\n<p>INCLUYE:<\/p>\n<p>Contenido del paquete: P\u00e1nel de parcheo de 24 puertos Fuente de alimentaci\u00f3n<\/p>\n<p><img decoding=\"async\" class=\"overview-center-img-web\" src=\"https:\/\/tvc.mx\/media\/442687\/Patch-Panel-de-24-puertos-%2812%29-Passive-Poe-para-salida-de-datos-y-energ%C3%ADa.png\" alt=\"\" \/><\/p>\n","protected":false},"excerpt":{"rendered":"<p>Caracter\u00edsticas Principales \u00bfNecesitas una soluci\u00f3n ec\u00f3nomica para actualizar tu red con PoE? Entonces el P\u00e1nel de Parcheo 720342 de Intellinet es tu soluci\u00f3n ideal. Intellinet es reconocido por sus productos PoE y este es uno de sus \u00faltimos lanzamientos. Features: Passive PoE (Power over Ethernet)&hellip;<\/p>\n","protected":false},"featured_media":5123,"comment_status":"open","ping_status":"closed","template":"","meta":{"om_disable_all_campaigns":false,"_monsterinsights_skip_tracking":false,"_monsterinsights_sitenote_active":false,"_monsterinsights_sitenote_note":"","_monsterinsights_sitenote_category":0},"product_brand":[],"product_cat":[413],"product_tag":[343,341,339,346,347,350,348,179,344,349,340,351,345,352,342],"class_list":{"0":"post-5124","1":"product","2":"type-product","3":"status-publish","4":"has-post-thumbnail","6":"product_cat-patch-panel","7":"product_tag-antiincendio","8":"product_tag-cable-anti-incendio","9":"product_tag-cables-estructurado","10":"product_tag-canaletas","11":"product_tag-charolas","12":"product_tag-conectores","13":"product_tag-fibra-optica","14":"product_tag-gabinetes","15":"product_tag-hdmi","16":"product_tag-jacks","17":"product_tag-patch-cord","18":"product_tag-racks","19":"product_tag-siameses","20":"product_tag-tierra-fisica","21":"product_tag-utp","23":"first","24":"instock","25":"sale","26":"taxable","27":"shipping-taxable","28":"purchasable","29":"product-type-simple"},"aioseo_notices":[],"_links":{"self":[{"href":"https:\/\/tecsecmty.com\/index.php\/wp-json\/wp\/v2\/product\/5124","targetHints":{"allow":["GET"]}}],"collection":[{"href":"https:\/\/tecsecmty.com\/index.php\/wp-json\/wp\/v2\/product"}],"about":[{"href":"https:\/\/tecsecmty.com\/index.php\/wp-json\/wp\/v2\/types\/product"}],"replies":[{"embeddable":true,"href":"https:\/\/tecsecmty.com\/index.php\/wp-json\/wp\/v2\/comments?post=5124"}],"version-history":[{"count":0,"href":"https:\/\/tecsecmty.com\/index.php\/wp-json\/wp\/v2\/product\/5124\/revisions"}],"wp:featuredmedia":[{"embeddable":true,"href":"https:\/\/tecsecmty.com\/index.php\/wp-json\/wp\/v2\/media\/5123"}],"wp:attachment":[{"href":"https:\/\/tecsecmty.com\/index.php\/wp-json\/wp\/v2\/media?parent=5124"}],"wp:term":[{"taxonomy":"product_brand","embeddable":true,"href":"https:\/\/tecsecmty.com\/index.php\/wp-json\/wp\/v2\/product_brand?post=5124"},{"taxonomy":"product_cat","embeddable":true,"href":"https:\/\/tecsecmty.com\/index.php\/wp-json\/wp\/v2\/product_cat?post=5124"},{"taxonomy":"product_tag","embeddable":true,"href":"https:\/\/tecsecmty.com\/index.php\/wp-json\/wp\/v2\/product_tag?post=5124"}],"curies":[{"name":"wp","href":"https:\/\/api.w.org\/{rel}","templated":true}]}}