{"id":5144,"date":"2023-02-23T01:45:14","date_gmt":"2023-02-23T07:45:14","guid":{"rendered":"https:\/\/tecsecmty.com\/index.php\/producto\/intellinet-163286-tapa-faceplate-1-perforacion-blanco\/"},"modified":"2023-03-22T23:23:32","modified_gmt":"2023-03-23T05:23:32","slug":"intellinet-163286-tapa-faceplate-1-perforacion-blanco","status":"publish","type":"product","link":"https:\/\/tecsecmty.com\/index.php\/producto\/intellinet-163286-tapa-faceplate-1-perforacion-blanco\/","title":{"rendered":"INTELLINET 163286 &#8211; TAPA (FACEPLATE) \/ 1 PERFORACION \/ BLANCO"},"content":{"rendered":"<h5 class=\"card-title text-center\">Informaci\u00f3n General<\/h5>\n<p class=\"ql-align-justify\">La tapa de pared de una salida de Intellinet agrega un toque profesional a su instalaci\u00f3n de cableado de red. Una vez que haya conectado correctamente una caja de pared est\u00e1ndar de una unidad, esta placa frontal se monta r\u00e1pidamente en ella, proporcionando un dise\u00f1o limpio y simple que se adapta perfectamente a la clavija est\u00e1ndar de Keystone. Y, si el puerto no est\u00e1 en uso, se incluye una cubierta protectora contra el polvo, por lo que queda inmediatamente lista para su uso futuro. Esta placa frontal de montaje empotrado ofrece una contribuci\u00f3n sutil a la \u00f3ptica general de cualquier habitaci\u00f3n, ya sea en el trabajo o en el hogar, para crear una atm\u00f3sfera pulida y bien dise\u00f1ada para cualquier prop\u00f3sito.<\/p>\n<ul>\n<li>Tapa de salida sencilla<\/li>\n<li>Montaje al ras de la pared<\/li>\n<li>Incluye protecci\u00f3n de polvo para un dise\u00f1o atractivo<\/li>\n<li>Utiliza cualquier keystone jack est\u00e1ndar<\/li>\n<li>Se adapta a las cajas est\u00e1ndar<\/li>\n<li>5 a\u00f1os de Garant\u00eda<\/li>\n<\/ul>\n<p><img decoding=\"async\" class=\"overview-center-img-web\" src=\"https:\/\/tvc.mx\/media\/261615\/Tapa-Para-Caja-De-Pared-Intellinet-163286-2.png\" alt=\"\" \/><\/p>\n<h5 class=\"card-title text-center\">Caracter\u00edsticas Principales<\/h5>\n<ul>\n<li>Aprobado por UL<\/li>\n<li>114 mm de alto<\/li>\n<li>70 mm de ancho<\/li>\n<li>82.5 mm entre los orificios de los tornillos<\/li>\n<li>Incluye 2 desarmadores #6 de 25 mm<\/li>\n<li>Peso: 0.03 kg<\/li>\n<li>Embalaje: Bolsa<\/li>\n<\/ul>\n","protected":false},"excerpt":{"rendered":"<p>Informaci\u00f3n General La tapa de pared de una salida de Intellinet agrega un toque profesional a su instalaci\u00f3n de cableado de red. Una vez que haya conectado correctamente una caja de pared est\u00e1ndar de una unidad, esta placa frontal se monta r\u00e1pidamente en ella, proporcionando&hellip;<\/p>\n","protected":false},"featured_media":5143,"comment_status":"open","ping_status":"closed","template":"","meta":{"om_disable_all_campaigns":false,"_monsterinsights_skip_tracking":false,"_monsterinsights_sitenote_active":false,"_monsterinsights_sitenote_note":"","_monsterinsights_sitenote_category":0},"product_brand":[],"product_cat":[417],"product_tag":[343,341,339,346,347,350,348,179,344,349,340,351,345,352,342],"class_list":{"0":"post-5144","1":"product","2":"type-product","3":"status-publish","4":"has-post-thumbnail","6":"product_cat-placas-y-accesorios-intellinet","7":"product_tag-antiincendio","8":"product_tag-cable-anti-incendio","9":"product_tag-cables-estructurado","10":"product_tag-canaletas","11":"product_tag-charolas","12":"product_tag-conectores","13":"product_tag-fibra-optica","14":"product_tag-gabinetes","15":"product_tag-hdmi","16":"product_tag-jacks","17":"product_tag-patch-cord","18":"product_tag-racks","19":"product_tag-siameses","20":"product_tag-tierra-fisica","21":"product_tag-utp","23":"first","24":"instock","25":"sale","26":"taxable","27":"shipping-taxable","28":"purchasable","29":"product-type-simple"},"aioseo_notices":[],"_links":{"self":[{"href":"https:\/\/tecsecmty.com\/index.php\/wp-json\/wp\/v2\/product\/5144","targetHints":{"allow":["GET"]}}],"collection":[{"href":"https:\/\/tecsecmty.com\/index.php\/wp-json\/wp\/v2\/product"}],"about":[{"href":"https:\/\/tecsecmty.com\/index.php\/wp-json\/wp\/v2\/types\/product"}],"replies":[{"embeddable":true,"href":"https:\/\/tecsecmty.com\/index.php\/wp-json\/wp\/v2\/comments?post=5144"}],"version-history":[{"count":0,"href":"https:\/\/tecsecmty.com\/index.php\/wp-json\/wp\/v2\/product\/5144\/revisions"}],"wp:featuredmedia":[{"embeddable":true,"href":"https:\/\/tecsecmty.com\/index.php\/wp-json\/wp\/v2\/media\/5143"}],"wp:attachment":[{"href":"https:\/\/tecsecmty.com\/index.php\/wp-json\/wp\/v2\/media?parent=5144"}],"wp:term":[{"taxonomy":"product_brand","embeddable":true,"href":"https:\/\/tecsecmty.com\/index.php\/wp-json\/wp\/v2\/product_brand?post=5144"},{"taxonomy":"product_cat","embeddable":true,"href":"https:\/\/tecsecmty.com\/index.php\/wp-json\/wp\/v2\/product_cat?post=5144"},{"taxonomy":"product_tag","embeddable":true,"href":"https:\/\/tecsecmty.com\/index.php\/wp-json\/wp\/v2\/product_tag?post=5144"}],"curies":[{"name":"wp","href":"https:\/\/api.w.org\/{rel}","templated":true}]}}