{"id":5148,"date":"2023-02-23T01:45:18","date_gmt":"2023-02-23T07:45:18","guid":{"rendered":"https:\/\/tecsecmty.com\/index.php\/producto\/saxxon-a164b-caja-para-placa-de-pared-usos-multiples-color-blanco\/"},"modified":"2023-03-22T23:23:50","modified_gmt":"2023-03-23T05:23:50","slug":"saxxon-a164b-caja-para-placa-de-pared-usos-multiples-color-blanco","status":"publish","type":"product","link":"https:\/\/tecsecmty.com\/index.php\/producto\/saxxon-a164b-caja-para-placa-de-pared-usos-multiples-color-blanco\/","title":{"rendered":"SAXXON A164B &#8211; Caja para placa de pared \/ Usos multiples \/ Color blanco"},"content":{"rendered":"<h5 class=\"card-title text-center\">Caracter\u00edsticas Principales<\/h5>\n<p>Caja de pared universal para montaje con Placas de Pared de<\/p>\n<p>1, 2, 3, 4 o 6 puertos.<\/p>\n<p>&nbsp;<\/p>\n<ul>\n<li>Verificaci\u00f3n UL, CE y ETL.<\/li>\n<li>Cumple con el est\u00e1ndar ANSI \/ TIA \/ EIA-568-C.2<\/li>\n<li>Cumple con el est\u00e1ndar UL 94V-0, retardante a flama.<\/li>\n<\/ul>\n<p>Dimensiones: 70 x 115 x 36 mm (Ancho x Alto x Profundidad):<\/p>\n<p><img decoding=\"async\" class=\"overview-center-img-web\" src=\"https:\/\/tvc.mx\/media\/489484\/TCE440041a-Caja-para-placa-de-pared-Usos-multiples-Color-blanco-1.png\" alt=\"\" \/><\/p>\n","protected":false},"excerpt":{"rendered":"<p>Caracter\u00edsticas Principales Caja de pared universal para montaje con Placas de Pared de 1, 2, 3, 4 o 6 puertos. &nbsp; Verificaci\u00f3n UL, CE y ETL. Cumple con el est\u00e1ndar ANSI \/ TIA \/ EIA-568-C.2 Cumple con el est\u00e1ndar UL 94V-0, retardante a flama. Dimensiones:&hellip;<\/p>\n","protected":false},"featured_media":5147,"comment_status":"open","ping_status":"closed","template":"","meta":{"om_disable_all_campaigns":false,"_monsterinsights_skip_tracking":false,"_monsterinsights_sitenote_active":false,"_monsterinsights_sitenote_note":"","_monsterinsights_sitenote_category":0},"product_brand":[],"product_cat":[418],"product_tag":[343,341,339,346,347,350,348,179,344,349,340,351,345,352,342],"class_list":{"0":"post-5148","1":"product","2":"type-product","3":"status-publish","4":"has-post-thumbnail","6":"product_cat-placas-y-accesorios-saxxon-cableado-estructurado","7":"product_tag-antiincendio","8":"product_tag-cable-anti-incendio","9":"product_tag-cables-estructurado","10":"product_tag-canaletas","11":"product_tag-charolas","12":"product_tag-conectores","13":"product_tag-fibra-optica","14":"product_tag-gabinetes","15":"product_tag-hdmi","16":"product_tag-jacks","17":"product_tag-patch-cord","18":"product_tag-racks","19":"product_tag-siameses","20":"product_tag-tierra-fisica","21":"product_tag-utp","23":"first","24":"instock","25":"sale","26":"taxable","27":"shipping-taxable","28":"purchasable","29":"product-type-simple"},"aioseo_notices":[],"_links":{"self":[{"href":"https:\/\/tecsecmty.com\/index.php\/wp-json\/wp\/v2\/product\/5148","targetHints":{"allow":["GET"]}}],"collection":[{"href":"https:\/\/tecsecmty.com\/index.php\/wp-json\/wp\/v2\/product"}],"about":[{"href":"https:\/\/tecsecmty.com\/index.php\/wp-json\/wp\/v2\/types\/product"}],"replies":[{"embeddable":true,"href":"https:\/\/tecsecmty.com\/index.php\/wp-json\/wp\/v2\/comments?post=5148"}],"version-history":[{"count":0,"href":"https:\/\/tecsecmty.com\/index.php\/wp-json\/wp\/v2\/product\/5148\/revisions"}],"wp:featuredmedia":[{"embeddable":true,"href":"https:\/\/tecsecmty.com\/index.php\/wp-json\/wp\/v2\/media\/5147"}],"wp:attachment":[{"href":"https:\/\/tecsecmty.com\/index.php\/wp-json\/wp\/v2\/media?parent=5148"}],"wp:term":[{"taxonomy":"product_brand","embeddable":true,"href":"https:\/\/tecsecmty.com\/index.php\/wp-json\/wp\/v2\/product_brand?post=5148"},{"taxonomy":"product_cat","embeddable":true,"href":"https:\/\/tecsecmty.com\/index.php\/wp-json\/wp\/v2\/product_cat?post=5148"},{"taxonomy":"product_tag","embeddable":true,"href":"https:\/\/tecsecmty.com\/index.php\/wp-json\/wp\/v2\/product_tag?post=5148"}],"curies":[{"name":"wp","href":"https:\/\/api.w.org\/{rel}","templated":true}]}}