{"id":5176,"date":"2023-02-23T01:45:57","date_gmt":"2023-02-23T07:45:57","guid":{"rendered":"https:\/\/tecsecmty.com\/index.php\/producto\/sbetech-sbe-2517-2p-wt-placa-de-pared-de-2-puerto-color-blanco-para-conectores-jack-rj-45-keystone\/"},"modified":"2023-03-22T23:24:15","modified_gmt":"2023-03-23T05:24:15","slug":"sbetech-sbe-2517-2p-wt-placa-de-pared-de-2-puerto-color-blanco-para-conectores-jack-rj-45-keystone","status":"publish","type":"product","link":"https:\/\/tecsecmty.com\/index.php\/producto\/sbetech-sbe-2517-2p-wt-placa-de-pared-de-2-puerto-color-blanco-para-conectores-jack-rj-45-keystone\/","title":{"rendered":"SBETECH SBE-2517-2P-WT &#8211; Placa de pared de 2 puerto color blanco para conectores Jack rj 45 keystone"},"content":{"rendered":"<h5 class=\"card-title text-center\">Caracter\u00edsticas Principales<\/h5>\n<p>&#8211; Placa pl\u00e1stica de pared para conectores tipo Keystone &#8211; Compatibles con cajas de pared est\u00e1ndar o cajas de montaje superficial &#8211; Espacio para colocaci\u00f3n de etiquetas de acuerdo con el est\u00e1ndar TIA\/EIA-606-A &#8211; Cumplen con UL94V-0 en grado de flamabilidad<\/p>\n<p><img decoding=\"async\" class=\"overview-center-img-web\" src=\"https:\/\/tvc.mx\/media\/465386\/SBE-2517-2P-WT-Placa-de-pared-de-2-puerto-color-blanco.png\" alt=\"\" \/><\/p>\n","protected":false},"excerpt":{"rendered":"<p>Caracter\u00edsticas Principales &#8211; Placa pl\u00e1stica de pared para conectores tipo Keystone &#8211; Compatibles con cajas de pared est\u00e1ndar o cajas de montaje superficial &#8211; Espacio para colocaci\u00f3n de etiquetas de acuerdo con el est\u00e1ndar TIA\/EIA-606-A &#8211; Cumplen con UL94V-0 en grado de flamabilidad<\/p>\n","protected":false},"featured_media":5175,"comment_status":"open","ping_status":"closed","template":"","meta":{"om_disable_all_campaigns":false,"_monsterinsights_skip_tracking":false,"_monsterinsights_sitenote_active":false,"_monsterinsights_sitenote_note":"","_monsterinsights_sitenote_category":0},"product_brand":[],"product_cat":[419],"product_tag":[343,341,339,346,347,350,348,179,344,349,340,351,345,352,342],"class_list":{"0":"post-5176","1":"product","2":"type-product","3":"status-publish","4":"has-post-thumbnail","6":"product_cat-placas-y-accesorios-sbe-tech","7":"product_tag-antiincendio","8":"product_tag-cable-anti-incendio","9":"product_tag-cables-estructurado","10":"product_tag-canaletas","11":"product_tag-charolas","12":"product_tag-conectores","13":"product_tag-fibra-optica","14":"product_tag-gabinetes","15":"product_tag-hdmi","16":"product_tag-jacks","17":"product_tag-patch-cord","18":"product_tag-racks","19":"product_tag-siameses","20":"product_tag-tierra-fisica","21":"product_tag-utp","23":"first","24":"instock","25":"sale","26":"taxable","27":"shipping-taxable","28":"purchasable","29":"product-type-simple"},"aioseo_notices":[],"_links":{"self":[{"href":"https:\/\/tecsecmty.com\/index.php\/wp-json\/wp\/v2\/product\/5176","targetHints":{"allow":["GET"]}}],"collection":[{"href":"https:\/\/tecsecmty.com\/index.php\/wp-json\/wp\/v2\/product"}],"about":[{"href":"https:\/\/tecsecmty.com\/index.php\/wp-json\/wp\/v2\/types\/product"}],"replies":[{"embeddable":true,"href":"https:\/\/tecsecmty.com\/index.php\/wp-json\/wp\/v2\/comments?post=5176"}],"version-history":[{"count":0,"href":"https:\/\/tecsecmty.com\/index.php\/wp-json\/wp\/v2\/product\/5176\/revisions"}],"wp:featuredmedia":[{"embeddable":true,"href":"https:\/\/tecsecmty.com\/index.php\/wp-json\/wp\/v2\/media\/5175"}],"wp:attachment":[{"href":"https:\/\/tecsecmty.com\/index.php\/wp-json\/wp\/v2\/media?parent=5176"}],"wp:term":[{"taxonomy":"product_brand","embeddable":true,"href":"https:\/\/tecsecmty.com\/index.php\/wp-json\/wp\/v2\/product_brand?post=5176"},{"taxonomy":"product_cat","embeddable":true,"href":"https:\/\/tecsecmty.com\/index.php\/wp-json\/wp\/v2\/product_cat?post=5176"},{"taxonomy":"product_tag","embeddable":true,"href":"https:\/\/tecsecmty.com\/index.php\/wp-json\/wp\/v2\/product_tag?post=5176"}],"curies":[{"name":"wp","href":"https:\/\/api.w.org\/{rel}","templated":true}]}}