{"id":5186,"date":"2023-02-23T01:46:11","date_gmt":"2023-02-23T07:46:11","guid":{"rendered":"https:\/\/tecsecmty.com\/index.php\/producto\/intellinet-711081-tornillos-m6-tuerca-enjaulada-paquete-con-50-juegos\/"},"modified":"2023-03-22T23:23:35","modified_gmt":"2023-03-23T05:23:35","slug":"intellinet-711081-tornillos-m6-tuerca-enjaulada-paquete-con-50-juegos","status":"publish","type":"product","link":"https:\/\/tecsecmty.com\/index.php\/producto\/intellinet-711081-tornillos-m6-tuerca-enjaulada-paquete-con-50-juegos\/","title":{"rendered":"INTELLINET 711081 Tornillos M6 Tuerca enjaulada \/ Paquete con 50 juegos"},"content":{"rendered":"<h5 class=\"card-title text-center\">Caracter\u00edsticas Principales<\/h5>\n<p>Juego de tornillos, tuercas enjauladas y arandelas pl\u00e1sticas (juego de 50)<\/p>\n<p>5 a\u00f1os de garant\u00eda Especificaciones:<\/p>\n<p>\u2022 50 tuercas enjauladas M6<\/p>\n<p>\u2022 50 tornillos M6<\/p>\n<p>\u2022 50 arandelas pl\u00e1sticas<\/p>\n<p><img decoding=\"async\" class=\"overview-center-img-web\" src=\"https:\/\/tvc.mx\/media\/442283\/INTELLINET-711081-TORNILLOS-M6-TUERCA-ENJAULADA-PAQUETE-CON-50-JUEGOS.png\" alt=\"\" \/><\/p>\n","protected":false},"excerpt":{"rendered":"<p>Caracter\u00edsticas Principales Juego de tornillos, tuercas enjauladas y arandelas pl\u00e1sticas (juego de 50) 5 a\u00f1os de garant\u00eda Especificaciones: \u2022 50 tuercas enjauladas M6 \u2022 50 tornillos M6 \u2022 50 arandelas pl\u00e1sticas<\/p>\n","protected":false},"featured_media":5185,"comment_status":"open","ping_status":"closed","template":"","meta":{"om_disable_all_campaigns":false,"_monsterinsights_skip_tracking":false,"_monsterinsights_sitenote_active":false,"_monsterinsights_sitenote_note":"","_monsterinsights_sitenote_category":0},"product_brand":[],"product_cat":[420],"product_tag":[343,341,339,346,347,350,348,179,344,349,340,351,345,352,342],"class_list":{"0":"post-5186","1":"product","2":"type-product","3":"status-publish","4":"has-post-thumbnail","6":"product_cat-racks","7":"product_tag-antiincendio","8":"product_tag-cable-anti-incendio","9":"product_tag-cables-estructurado","10":"product_tag-canaletas","11":"product_tag-charolas","12":"product_tag-conectores","13":"product_tag-fibra-optica","14":"product_tag-gabinetes","15":"product_tag-hdmi","16":"product_tag-jacks","17":"product_tag-patch-cord","18":"product_tag-racks","19":"product_tag-siameses","20":"product_tag-tierra-fisica","21":"product_tag-utp","23":"first","24":"instock","25":"sale","26":"taxable","27":"shipping-taxable","28":"purchasable","29":"product-type-simple"},"aioseo_notices":[],"_links":{"self":[{"href":"https:\/\/tecsecmty.com\/index.php\/wp-json\/wp\/v2\/product\/5186","targetHints":{"allow":["GET"]}}],"collection":[{"href":"https:\/\/tecsecmty.com\/index.php\/wp-json\/wp\/v2\/product"}],"about":[{"href":"https:\/\/tecsecmty.com\/index.php\/wp-json\/wp\/v2\/types\/product"}],"replies":[{"embeddable":true,"href":"https:\/\/tecsecmty.com\/index.php\/wp-json\/wp\/v2\/comments?post=5186"}],"version-history":[{"count":0,"href":"https:\/\/tecsecmty.com\/index.php\/wp-json\/wp\/v2\/product\/5186\/revisions"}],"wp:featuredmedia":[{"embeddable":true,"href":"https:\/\/tecsecmty.com\/index.php\/wp-json\/wp\/v2\/media\/5185"}],"wp:attachment":[{"href":"https:\/\/tecsecmty.com\/index.php\/wp-json\/wp\/v2\/media?parent=5186"}],"wp:term":[{"taxonomy":"product_brand","embeddable":true,"href":"https:\/\/tecsecmty.com\/index.php\/wp-json\/wp\/v2\/product_brand?post=5186"},{"taxonomy":"product_cat","embeddable":true,"href":"https:\/\/tecsecmty.com\/index.php\/wp-json\/wp\/v2\/product_cat?post=5186"},{"taxonomy":"product_tag","embeddable":true,"href":"https:\/\/tecsecmty.com\/index.php\/wp-json\/wp\/v2\/product_tag?post=5186"}],"curies":[{"name":"wp","href":"https:\/\/api.w.org\/{rel}","templated":true}]}}