{"id":5220,"date":"2023-02-23T01:46:42","date_gmt":"2023-02-23T07:46:42","guid":{"rendered":"https:\/\/tecsecmty.com\/index.php\/producto\/parres-ep-rh-pg-electrodo-de-puesta-a-tierra-tipo-rehilete-ideal-para-brindar-una-mayor-area-de-contacto-a-tu-tierra-fisica\/"},"modified":"2024-01-16T01:51:24","modified_gmt":"2024-01-16T07:51:24","slug":"parres-ep-rh-pg-electrodo-de-puesta-a-tierra-tipo-rehilete-ideal-para-brindar-una-mayor-area-de-contacto-a-tu-tierra-fisica","status":"publish","type":"product","link":"https:\/\/tecsecmty.com\/index.php\/producto\/parres-ep-rh-pg-electrodo-de-puesta-a-tierra-tipo-rehilete-ideal-para-brindar-una-mayor-area-de-contacto-a-tu-tierra-fisica\/","title":{"rendered":"PARRES EP-RH PG Electrodo de puesta a tierra tipo Rehilete, ideal para brindar una mayor \u00e1rea de contacto a tu tierra f\u00edsica."},"content":{"rendered":"<div id=\"product-details-container\" class=\"container-fluid mb-1\">\n<div class=\"tab-content\">\n<div id=\"overviews\" class=\"tab-pane fade show active\" role=\"tabpanel\">\n<div class=\"container-fluid padding-bottom-2x mb-2\">\n<div class=\"row aling-items-center padding-bottom-2x\">\n<div class=\"col-lg-12\">\n<h5 class=\"card-title text-center\">Electrodo laminar de tipo rehilete<\/h5>\n<p>&nbsp;<\/p>\n<p>Lo podemos utilizar para la protecci\u00f3n de nuestros hog<\/p>\n<h5 class=\"card-title text-center\">Electrodo laminar de tipo rehilete<\/h5>\n<p>&nbsp;<\/p>\n<p>Lo podemos utilizar para la protecci\u00f3n de nuestros hogares o para proteger nuestros sites de telecomunicaciones desviando as\u00ed la corriente parasita o sobrevoltaje de alimentaci\u00f3n brindando de esta manera una capa de protecci\u00f3n extra en nuestras integraciones de seguridad.<\/p>\n<p>El electrodo de puesta a tierra tipo rehilete EP-RH funciona bajo el principio de aumentar la superficie de contacto del cobre y el terreno, debido a su dise\u00f1o conformado por cuatro aletas en forma de rehilete.<\/p>\n<p>Este tipo de electrodo es utilizado en terrenos de poca resistividad \u00f3hmica.<\/p>\n<p>ares o para proteger nuestros sites de telecomunicaciones ndo as\u00ed la corriente parasita o sobrevoltaje de alimentaci\u00f3n brindando de esta manera una capa de protecci\u00f3n extra en nuestras integraciones de seguridad.<\/p>\n<p>El electrodo de puesta a tierra tipo rehilete EP-RH funciona bajo el principio de aumentar la superficie de contacto del cobre y el terreno, debido a su dise\u00f1o conformado por cuatro aletas en forma de rehilete.<\/p>\n<p>Este tipo de electrodo es utilizado en terrenos de poca resistividad \u00f3hmica.<\/p>\n<h2><strong>Requiere del intensificador IONNER para su correcto funcionamiento.<\/strong><\/h2>\n<h2>Clave TVC: PAR323<\/h2>\n<\/div>\n<\/div>\n<\/div>\n<\/div>\n<\/div>\n<\/div>\n","protected":false},"excerpt":{"rendered":"<h5 class=\"card-title text-center\">Electrodo laminar de tipo rehilete<\/h5>\n<p>&nbsp;<\/p>\n<p>Lo podemos utilizar para la protecci\u00f3n de nuestros hogares o para proteger nuestros sites de telecomunicaciones desviando as\u00ed la corriente parasita o sobrevoltaje de alimentaci\u00f3n brindando de esta manera una capa de protecci\u00f3n extra en nuestras integraciones de seguridad.<\/p>\n<p>El electrodo de puesta a tierra tipo rehilete EP-RH funciona bajo el principio de aumentar la superficie de contacto del cobre y el terreno, debido a su dise\u00f1o conformado por cuatro aletas en forma de rehilete.<\/p>\n<p>Este tipo de electrodo es utilizado en terrenos de poca resistividad \u00f3hmica.<\/p>\n<h2><strong>Requiere del intensificador IONNER para su correcto funcionamiento.<\/strong><\/h2>\n<h2>Clave TVC: PAR3230015<\/h2>\n<p><img decoding=\"async\" class=\"overview-center-img-web\" src=\"https:\/\/tvc.mx\/media\/559327\/PARRES-EP-RH-PG-PAR3230012-Electrodo-de-puesta-a-tierra-tipo-rehilete-ideal-para-brindar-una-mayor-area-de-contacto-a-tu-tierra-f%C3%ADsica-.png\" alt=\"\" \/><\/p>\n","protected":false},"featured_media":5219,"comment_status":"open","ping_status":"closed","template":"","meta":{"om_disable_all_campaigns":false,"_monsterinsights_skip_tracking":false,"_monsterinsights_sitenote_active":false,"_monsterinsights_sitenote_note":"","_monsterinsights_sitenote_category":0},"product_brand":[],"product_cat":[425],"product_tag":[343,341,339,346,347,350,348,179,344,349,340,351,345,352,342],"class_list":{"0":"post-5220","1":"product","2":"type-product","3":"status-publish","4":"has-post-thumbnail","6":"product_cat-tierras-fisicas-y-pararrayos","7":"product_tag-antiincendio","8":"product_tag-cable-anti-incendio","9":"product_tag-cables-estructurado","10":"product_tag-canaletas","11":"product_tag-charolas","12":"product_tag-conectores","13":"product_tag-fibra-optica","14":"product_tag-gabinetes","15":"product_tag-hdmi","16":"product_tag-jacks","17":"product_tag-patch-cord","18":"product_tag-racks","19":"product_tag-siameses","20":"product_tag-tierra-fisica","21":"product_tag-utp","23":"first","24":"instock","25":"sale","26":"taxable","27":"shipping-taxable","28":"purchasable","29":"product-type-simple"},"aioseo_notices":[],"_links":{"self":[{"href":"https:\/\/tecsecmty.com\/index.php\/wp-json\/wp\/v2\/product\/5220","targetHints":{"allow":["GET"]}}],"collection":[{"href":"https:\/\/tecsecmty.com\/index.php\/wp-json\/wp\/v2\/product"}],"about":[{"href":"https:\/\/tecsecmty.com\/index.php\/wp-json\/wp\/v2\/types\/product"}],"replies":[{"embeddable":true,"href":"https:\/\/tecsecmty.com\/index.php\/wp-json\/wp\/v2\/comments?post=5220"}],"version-history":[{"count":0,"href":"https:\/\/tecsecmty.com\/index.php\/wp-json\/wp\/v2\/product\/5220\/revisions"}],"wp:featuredmedia":[{"embeddable":true,"href":"https:\/\/tecsecmty.com\/index.php\/wp-json\/wp\/v2\/media\/5219"}],"wp:attachment":[{"href":"https:\/\/tecsecmty.com\/index.php\/wp-json\/wp\/v2\/media?parent=5220"}],"wp:term":[{"taxonomy":"product_brand","embeddable":true,"href":"https:\/\/tecsecmty.com\/index.php\/wp-json\/wp\/v2\/product_brand?post=5220"},{"taxonomy":"product_cat","embeddable":true,"href":"https:\/\/tecsecmty.com\/index.php\/wp-json\/wp\/v2\/product_cat?post=5220"},{"taxonomy":"product_tag","embeddable":true,"href":"https:\/\/tecsecmty.com\/index.php\/wp-json\/wp\/v2\/product_tag?post=5220"}],"curies":[{"name":"wp","href":"https:\/\/api.w.org\/{rel}","templated":true}]}}