{"id":5222,"date":"2023-02-23T01:46:43","date_gmt":"2023-02-23T07:46:43","guid":{"rendered":"https:\/\/tecsecmty.com\/index.php\/producto\/parres-pbg-45-kit-de-tierra-fisica-para-site-de-telecom-el-electrodo-ept-45-en-conjunto-con-el-compuesto-quimico-y-demas-elementos-disminuyen-la-resistencia-electrica-facilitando-asi-el-paso-de-la-c\/"},"modified":"2023-03-22T23:23:46","modified_gmt":"2023-03-23T05:23:46","slug":"parres-pbg-45-kit-de-tierra-fisica-para-site-de-telecom-el-electrodo-ept-45-en-conjunto-con-el-compuesto-quimico-y-demas-elementos-disminuyen-la-resistencia-electrica-facilitando-asi-el-paso-de-la-c","status":"publish","type":"product","link":"https:\/\/tecsecmty.com\/index.php\/producto\/parres-pbg-45-kit-de-tierra-fisica-para-site-de-telecom-el-electrodo-ept-45-en-conjunto-con-el-compuesto-quimico-y-demas-elementos-disminuyen-la-resistencia-electrica-facilitando-asi-el-paso-de-la-c\/","title":{"rendered":"PARRES PBG-45 Kit de tierra f\u00edsica para SITE de Telecom. El electrodo EPT-45 en conjunto con el compuesto qu\u00edmico y dem\u00e1s elementos disminuyen la resistencia el\u00e9ctrica, facilitando as\u00ed el paso de la corriente #parejaideal"},"content":{"rendered":"<div id=\"product-details-container\" class=\"container-fluid mb-1\">\n<div class=\"tab-content\">\n<div id=\"overviews\" class=\"tab-pane fade show active\" role=\"tabpanel\">\n<div class=\"container-fluid padding-bottom-2x mb-2\">\n<div class=\"row aling-items-center padding-bottom-2x\">\n<div class=\"col-lg-12\">\n<h5 class=\"card-title text-center\">PARRES PBG-45 KIT BUS GROUND 45<\/h5>\n<p>INCL1 ELECTRODO DE PUESTA A TIERRA PO<\/p>\n<h5 class=\"card-title text-center\">PARRES PBG-45 KIT BUS GROUND 45<\/h5>\n<h5 class=\"card-title text-center\">PARRES PBG-45 KIT BUS GROUND 45<\/h5>\n<p>INCLUYE:<\/p>\n<p>1 ELECTRODO DE PUESTA A TIERRA POWER GROUND 45<\/p>\n<p>1 IONNER CHEMICAL<\/p>\n<p>1 BARRA DE TIERRA DE CU 1\/4&#8243;X2&#8243;X20<\/p>\n<p>1 REGISTRO POLIMERICO 30X30X30<\/p>\n<p>1 SPRAY RUST PROTEC<\/p>\n<p>2 ABRAZADERAS<\/p>\n<p><img decoding=\"async\" class=\"overview-center-img-web\" src=\"https:\/\/tvc.mx\/media\/491866\/PAR3230007-PARRES-PBG-45-KIT-BUS-GROUND-45.png\" alt=\"\" \/>INCLUYE:<\/p>\n<p>1 ELECTRODO DE PUESTA A TIERRA POWER GROUND 45<\/p>\n<p>1 IONNER CHEMICAL<\/p>\n<p>1 BARRA DE TIERRA DE CU 1\/4&#8243;X2&#8243;X20<\/p>\n<p>1 REGISTRO POLIMERICO 30X30X30<\/p>\n<p>1 SPRAY RUST PROTEC<\/p>\n<p>2 ABRAZADERAS<\/p>\n<p><img decoding=\"async\" class=\"overview-center-img-web\" src=\"https:\/\/tvc.mx\/media\/491866\/PAR3230007-PARRES-PBG-45-KIT-BUS-GROUND-45.png\" alt=\"\" \/>WER GROUND 45<\/p>\n<p>1 IONNER CHEMICAL<\/p>\n<p>1 BARRA DE TIERRA DE CU 1\/4&#8243;X2&#8243;X20<\/p>\n<p>1 REGISTRO POLIMERICO 30X30X30<\/p>\n<p>1 SPRAY RUST PROTEC<\/p>\n<p>2 ABRAZADERAS<\/p>\n<p><img decoding=\"async\" class=\"overview-center-img-web\" src=\"https:\/\/tvc.mx\/media\/491866\/PAR3230007-PARRES-PBG-45-KIT-BUS-GROUND-45.png\" alt=\"\" \/><\/div>\n<\/div>\n<div class=\"row aling-items-center padding-bottom-2x\">\n<div class=\"col-lg-12\">\n<h5 class=\"card-title text-center\">ELECTRODO DE PUESTA A TIERRA POWER GROUND 45<\/h5>\n<p>Caracter\u00edsticas:<\/p>\n<p>Electrodo prefabricado con filtro RLC capacidad de filtrado desde 100KJz hasta GHz<\/p>\n<p>Dimensiones: 4\u201d x 50 cm (grafito)<\/p>\n<p>Altura Total 68 cm Peso: 6.217 kg.<\/p>\n<p>Material:<\/p>\n<p>-Estructura met\u00e1lica<\/p>\n<p>-Cobre electrol\u00edtico<\/p>\n<p>-Pasta conductora<\/p>\n<p>-Base Grafito<\/p>\n<p>Cumple con la NOM-001 -SEDE-2012<\/p>\n<p>NMX-J-549-ANCE<\/p>\n<p><img decoding=\"async\" class=\"overview-center-img-web\" src=\"https:\/\/tvc.mx\/media\/491870\/ELECTRODO-DE-PUESTA-A-TIERRA-POWER-GROUND-45.png\" alt=\"\" \/><\/div>\n<\/div>\n<div class=\"row aling-items-center padding-bottom-2x\">\n<div class=\"col-lg-12\">\n<h5 class=\"card-title text-center\">SPRAY RUST PROTEC<\/h5>\n<p>Recubrimiento transitorio, dise\u00f1ado para la protecci\u00f3n de uniones exot\u00e9rmicas y mec\u00e1nicas contra la oxidaci\u00f3n y\/o sulfataci\u00f3n.<\/p>\n<p>Facilita las tareas de mantenimiento, ayuda a prevenir atascamientos y da\u00f1os a conexiones roscadas, ya que permite el ensamblado y desarmado de piezas que as\u00ed lo requieran.<\/p>\n<p>Rust Protect es adecuado para usarse sobre cualquier tipo de metal y sobre cualquier tipo de aislamiento en cables como los de caucho o polietileno para 600 V CA<\/p>\n<p><img decoding=\"async\" class=\"overview-center-img-web\" src=\"https:\/\/tvc.mx\/media\/491876\/RUST-PROTECT.png\" alt=\"\" \/><\/div>\n<\/div>\n<div class=\"row aling-items-center padding-bottom-2x\">\n<div class=\"col-lg-12\">\n<h5 class=\"card-title text-center\">ABRAZADERAS PARA UNI\u00d3N EQUIPOTENCIAL<\/h5>\n<p>Abrazadera de bronce para conectar las admitancias (masas met\u00e1licas) al sistema<\/p>\n<p>de puesta a tierra, tuber\u00edas hasta 3\/4 y cables de 2\/0 a 4\/0 AWG.<\/p>\n<p>Caracter\u00edsticas:<\/p>\n<p>Esp\u00e1rrago 3\/8\u201d -unc(1)<\/p>\n<p>Mordaza inferior (2)<\/p>\n<p>Tuerca 3\/8\u201d -unc (2)<\/p>\n<p>Rondana de seguridad (2)<\/p>\n<p><img decoding=\"async\" class=\"overview-center-img-web\" src=\"https:\/\/tvc.mx\/media\/491878\/Abrazadera-para-uni%C3%B3n-equipotencial.png\" alt=\"\" \/><\/div>\n<\/div>\n<div class=\"row aling-items-center padding-bottom-2x\">\n<div class=\"col-lg-12\">\n<h5 class=\"card-title text-center\">IONNER CHEMICAL<\/h5>\n<p>El IONNER es un material que esta dise\u00f1ado para ser utilizado como relleno en las perforaciones de los electrodos prefabricados, donde la tierra circundante no es propicia para este uso.<\/p>\n<p>Para su composici\u00f3n, mejora la resistencia propia del electrodo, formando un medio continuo y homog\u00e9neo, con gran capacidad para conducci\u00f3n el\u00e9ctrica.<\/p>\n<p>Al ser mezclado con agua en un 50% de humedad se evita que tengan espacios de aire, mismo que eleva la resistencia.<\/p>\n<p>El IONNER entra por gravedad en todas las cavidades logrando tener un mejor control de material y sus resultados, a diferencia de terrenos donde la tierra propia de la excavaci\u00f3n contiene residuos con alto contenido de carbono que puede acelerar la corrosi\u00f3n del electrodo.<\/p>\n<p>Las relaciones de cubetas de IONNER por electrodo esta en funciones de las dimensiones de la perforaci\u00f3n y al tipo de terreno.<\/p>\n<p>Caracter\u00edsticas<\/p>\n<p>Color: Rosa P\u00e1lido<\/p>\n<p>Densidad Aparente &gt;0.98 g\/cc<\/p>\n<p>Resistividad al 70% de agua: 0.133<\/p>\n<p>pH: 5.8<\/p>\n<p>Presentaci\u00f3n Cubeta: 14<\/p>\n<p>Ventajas:<\/p>\n<p>No afecta al medio ambient<\/p>\n<p>100% Org\u00e1nico<\/p>\n<p>Es de f\u00e1cil aplicaci\u00f3n<\/p>\n<p>Hace mas eficiente los sistemas de tierra<\/p>\n<p>Alarga el tiempo de vida de los electrodos.<\/p>\n<p><img decoding=\"async\" class=\"overview-center-img-web\" src=\"https:\/\/tvc.mx\/media\/497768\/PAR3230015-PARRES--RELLENO-QU%C3%8DMICO-PIONEER-PARA-ELECTRODO-14-KG.png\" alt=\"\" \/><\/div>\n<\/div>\n<div class=\"row aling-items-center padding-bottom-2x\">\n<div class=\"col-lg-12\">\n<h5 class=\"card-title text-center\">REGISTRO POLIMERICO 30X30X30<\/h5>\n<p>Registro de sistema de tierras dise\u00f1ado para acceder al electrodo de puesta a tierra y realizar mediciones, revisiones y mantenimiento. Tapa fabricada en concreto polim\u00e9rico que brinda una alta durabilidad y resistencia. Cuenta con orificios para cap de agua de lluvia para mantener el electrodo hidratado.<\/p>\n<p>Caracter\u00edsti<\/p>\n<p>Peso: 6.14 kg<\/p>\n<p>Material tapa: Concreto polim\u00e9rico<\/p>\n<p>Dimensiones de tapa: 28 cm de largo x 28 cm de anchCuerpo de PV28 cm x 2<\/p>\n<\/div>\n<\/div>\n<\/div>\n<\/div>\n<\/div>\n<\/div>\n","protected":false},"excerpt":{"rendered":"<h5 class=\"card-title text-center\">PARRES PBG-45 KIT BUS GROUND 45<\/h5>\n<p>INCLUYE:<\/p>\n<p>1 ELECTRODO DE PUESTA A TIERRA POWER GROUND 45<\/p>\n<p>1 IONNER CHEMICAL<\/p>\n<p>1 BARRA DE TIERRA DE CU 1\/4&#8243;X2&#8243;X20<\/p>\n<p>1 REGISTRO POLIMERICO 30X30X30<\/p>\n<p>1 SPRAY RUST PROTEC<\/p>\n<p>2 ABRAZADERAS<\/p>\n<p><img decoding=\"async\" class=\"overview-center-img-web\" src=\"https:\/\/tvc.mx\/media\/491866\/PAR3230007-PARRES-PBG-45-KIT-BUS-GROUND-45.png\" alt=\"\" \/><\/p>\n<h5 class=\"card-title text-center\">ELECTRODO DE PUESTA A TIERRA POWER GROUND 45<\/h5>\n<p>Caracter\u00edsticas:<\/p>\n<p>Electrodo prefabricado con filtro RLC capacidad de filtrado desde 100KJz hasta GHz<\/p>\n<p>Dimensiones: 4\u201d x 50 cm (grafito)<\/p>\n<p>Altura Total 68 cm Peso: 6.217 kg.<\/p>\n<p>Material:<\/p>\n<p>-Estructura met\u00e1lica<\/p>\n<p>-Cobre electrol\u00edtico<\/p>\n<p>-Pasta conductora<\/p>\n<p>-Base Grafito<\/p>\n<p>Cumple con la NOM-001 -SEDE-2012<\/p>\n<p>NMX-J-549-ANCE<\/p>\n<p><img decoding=\"async\" class=\"overview-center-img-web\" src=\"https:\/\/tvc.mx\/media\/491870\/ELECTRODO-DE-PUESTA-A-TIERRA-POWER-GROUND-45.png\" alt=\"\" \/><\/p>\n<h5 class=\"card-title text-center\">SPRAY RUST PROTEC<\/h5>\n<p>Recubrimiento transitorio, dise\u00f1ado para la protecci\u00f3n de uniones exot\u00e9rmicas y mec\u00e1nicas contra la oxidaci\u00f3n y\/o sulfataci\u00f3n.<\/p>\n<p>Facilita las tareas de mantenimiento, ayuda a prevenir atascamientos y da\u00f1os a conexiones roscadas, ya que permite el ensamblado y desarmado de piezas que as\u00ed lo requieran.<\/p>\n<p>Rust Protect es adecuado para usarse sobre cualquier tipo de metal y sobre cualquier tipo de aislamiento en cables como los de caucho o polietileno para 600 V CA<\/p>\n<p><img decoding=\"async\" class=\"overview-center-img-web\" src=\"https:\/\/tvc.mx\/media\/491876\/RUST-PROTECT.png\" alt=\"\" \/><\/p>\n<h5 class=\"card-title text-center\">ABRAZADERAS PARA UNI\u00d3N EQUIPOTENCIAL<\/h5>\n<p>Abrazadera de bronce para conectar las admitancias (masas met\u00e1licas) al sistema<\/p>\n<p>de puesta a tierra, tuber\u00edas hasta 3\/4 y cables de 2\/0 a 4\/0 AWG.<\/p>\n<p>Caracter\u00edsticas:<\/p>\n<p>Esp\u00e1rrago 3\/8\u201d -unc(1)<\/p>\n<p>Mordaza inferior (2)<\/p>\n<p>Tuerca 3\/8\u201d -unc (2)<\/p>\n<p>Rondana de seguridad (2)<\/p>\n<p><img decoding=\"async\" class=\"overview-center-img-web\" src=\"https:\/\/tvc.mx\/media\/491878\/Abrazadera-para-uni%C3%B3n-equipotencial.png\" alt=\"\" \/><\/p>\n<h5 class=\"card-title text-center\">IONNER CHEMICAL<\/h5>\n<p>El IONNER es un material que esta dise\u00f1ado para ser utilizado como relleno en las perforaciones de los electrodos prefabricados, donde la tierra circundante no es propicia para este uso.<\/p>\n<p>Para su composici\u00f3n, mejora la resistencia propia del electrodo, formando un medio continuo y homog\u00e9neo, con gran capacidad para conducci\u00f3n el\u00e9ctrica.<\/p>\n<p>Al ser mezclado con agua en un 50% de humedad se evita que tengan espacios de aire, mismo que eleva la resistencia.<\/p>\n<p>El IONNER entra por gravedad en todas las cavidades logrando tener un mejor control de material y sus resultados, a diferencia de terrenos donde la tierra propia de la excavaci\u00f3n contiene residuos con alto contenido de carbono que puede acelerar la corrosi\u00f3n del electrodo.<\/p>\n<p>Las relaciones de cubetas de IONNER por electrodo esta en funciones de las dimensiones de la perforaci\u00f3n y al tipo de terreno.<\/p>\n<p>Caracter\u00edsticas<\/p>\n<p>Color: Rosa P\u00e1lido<\/p>\n<p>Densidad Aparente &gt;0.98 g\/cc<\/p>\n<p>Resistividad al 70% de agua: 0.133\u2126m<\/p>\n<p>pH: 5.8<\/p>\n<p>Presentaci\u00f3n Cubeta: 14 kg<\/p>\n<p>Ventajas:<\/p>\n<p>No afecta al medio ambiente.<\/p>\n<p>100% Org\u00e1nico<\/p>\n<p>Es de f\u00e1cil aplicaci\u00f3n<\/p>\n<p>Hace mas eficiente los sistemas de tierra<\/p>\n<p>Alarga el tiempo de vida de los electrodos.<\/p>\n<p><img decoding=\"async\" class=\"overview-center-img-web\" src=\"https:\/\/tvc.mx\/media\/497768\/PAR3230015-PARRES--RELLENO-QU%C3%8DMICO-PIONEER-PARA-ELECTRODO-14-KG.png\" alt=\"\" \/><\/p>\n<h5 class=\"card-title text-center\">REGISTRO POLIMERICO 30X30X30<\/h5>\n<p>Registro de sistema de tierras dise\u00f1ado para acceder al electrodo de puesta a tierra y realizar mediciones, revisiones y mantenimiento. Tapa fabricada en concreto polim\u00e9rico que brinda una alta durabilidad y resistencia. Cuenta con orificios para captaci\u00f3n de agua de lluvia para mantener el electrodo hidratado.<\/p>\n<p>Caracter\u00edsticas:<\/p>\n<p>Peso: 6.14 kg<\/p>\n<p>Material tapa: Concreto polim\u00e9rico<\/p>\n<p>Dimensiones de tapa: 28 cm de largo x 28 cm de ancho<\/p>\n<p>Cuerpo de PVC:<\/p>\n<p>28 cm x 28 cm.<\/p>\n<p><img decoding=\"async\" class=\"overview-center-img-web\" src=\"https:\/\/tvc.mx\/media\/497770\/PAR3230017-PARRES-REGISTRO-POLIMERICO-SERIE-POWER-GROUND-30X30X30.png\" alt=\"\" \/><\/p>\n","protected":false},"featured_media":5221,"comment_status":"open","ping_status":"closed","template":"","meta":{"om_disable_all_campaigns":false,"_monsterinsights_skip_tracking":false,"_monsterinsights_sitenote_active":false,"_monsterinsights_sitenote_note":"","_monsterinsights_sitenote_category":0},"product_brand":[],"product_cat":[425],"product_tag":[343,341,339,346,347,350,348,179,344,349,340,351,345,352,342],"class_list":{"0":"post-5222","1":"product","2":"type-product","3":"status-publish","4":"has-post-thumbnail","6":"product_cat-tierras-fisicas-y-pararrayos","7":"product_tag-antiincendio","8":"product_tag-cable-anti-incendio","9":"product_tag-cables-estructurado","10":"product_tag-canaletas","11":"product_tag-charolas","12":"product_tag-conectores","13":"product_tag-fibra-optica","14":"product_tag-gabinetes","15":"product_tag-hdmi","16":"product_tag-jacks","17":"product_tag-patch-cord","18":"product_tag-racks","19":"product_tag-siameses","20":"product_tag-tierra-fisica","21":"product_tag-utp","23":"first","24":"instock","25":"sale","26":"taxable","27":"shipping-taxable","28":"purchasable","29":"product-type-simple"},"aioseo_notices":[],"_links":{"self":[{"href":"https:\/\/tecsecmty.com\/index.php\/wp-json\/wp\/v2\/product\/5222","targetHints":{"allow":["GET"]}}],"collection":[{"href":"https:\/\/tecsecmty.com\/index.php\/wp-json\/wp\/v2\/product"}],"about":[{"href":"https:\/\/tecsecmty.com\/index.php\/wp-json\/wp\/v2\/types\/product"}],"replies":[{"embeddable":true,"href":"https:\/\/tecsecmty.com\/index.php\/wp-json\/wp\/v2\/comments?post=5222"}],"version-history":[{"count":0,"href":"https:\/\/tecsecmty.com\/index.php\/wp-json\/wp\/v2\/product\/5222\/revisions"}],"wp:featuredmedia":[{"embeddable":true,"href":"https:\/\/tecsecmty.com\/index.php\/wp-json\/wp\/v2\/media\/5221"}],"wp:attachment":[{"href":"https:\/\/tecsecmty.com\/index.php\/wp-json\/wp\/v2\/media?parent=5222"}],"wp:term":[{"taxonomy":"product_brand","embeddable":true,"href":"https:\/\/tecsecmty.com\/index.php\/wp-json\/wp\/v2\/product_brand?post=5222"},{"taxonomy":"product_cat","embeddable":true,"href":"https:\/\/tecsecmty.com\/index.php\/wp-json\/wp\/v2\/product_cat?post=5222"},{"taxonomy":"product_tag","embeddable":true,"href":"https:\/\/tecsecmty.com\/index.php\/wp-json\/wp\/v2\/product_tag?post=5222"}],"curies":[{"name":"wp","href":"https:\/\/api.w.org\/{rel}","templated":true}]}}