{"id":5238,"date":"2023-02-23T11:00:02","date_gmt":"2023-02-23T17:00:02","guid":{"rendered":"https:\/\/tecsecmty.com\/index.php\/producto\/ubiquiti-rocketdish-rd-5g34-antena-direccional-para-radio-conectorizado-5-8ghz-ganancia-34-dbi-mimo\/"},"modified":"2023-03-22T23:24:33","modified_gmt":"2023-03-23T05:24:33","slug":"ubiquiti-rocketdish-rd-5g34-antena-direccional-para-radio-conectorizado-5-8ghz-ganancia-34-dbi-mimo","status":"publish","type":"product","link":"https:\/\/tecsecmty.com\/index.php\/producto\/ubiquiti-rocketdish-rd-5g34-antena-direccional-para-radio-conectorizado-5-8ghz-ganancia-34-dbi-mimo\/","title":{"rendered":"UBIQUITI ROCKETDISH RD-5G34 &#8211; Antena Direccional para Radio Conectorizado \/ 5.8GHz \/ Ganancia 34 dBi \/ MIMO"},"content":{"rendered":"<p><img decoding=\"async\" src=\"https:\/\/tvc.mx\/media\/504768\/RD-5G-34_copy_grande.png\" alt=\" \" \/><\/p>\n<h2>RD-5G34<\/h2>\n<p class=\"text-muted\">\n<p class=\"ql-align-justify\">La serie de equipos RocketDish\u00ae es una l\u00ednea con un rendimiento\/precio progresivo para la tecnolog\u00eda de antenas backhaul.<\/p>\n<hr class=\"padding-bottom-2x\" \/>\n<div class=\"row align-items-center padding-bottom-2x\">\n<div class=\"col-md-5\"><img decoding=\"async\" class=\"d-block m-auto img-thumbnail\" src=\"https:\/\/tvc.mx\/media\/5447\/IndustrialStrengthConstruction.png\" alt=\" \" \/><\/div>\n<div class=\"col-md-7 text-md-left text-center\">\n<h2>Dise\u00f1o industrial de innovaci\u00f3n<\/h2>\n<p class=\"text-muted\">\n<p class=\"ql-align-justify\">La antena RocketDish\u00ae est\u00e1 dise\u00f1ado de manera robusta y con un dise\u00f1o mec\u00e1nico para su uso\/aplicaci\u00f3n en exteriores.<\/p>\n<p>&nbsp;<\/p>\n<\/div>\n<\/div>\n<hr class=\"padding-bottom-2x\" \/>\n<div class=\"row align-items-center padding-bottom-2x\">\n<div class=\"col-md-5 order-md-2\"><img decoding=\"async\" class=\"d-block m-auto img-thumbnail\" src=\"https:\/\/tvc.mx\/media\/5448\/FeatureTopology.png\" alt=\" \" \/><\/div>\n<div class=\"col-md-7 order-md-1 text-md-left text-center\">\n<h2>Dise\u00f1o y rendimiento de innovaci\u00f3n<\/h2>\n<p class=\"text-muted\">\n<p class=\"ql-align-justify\">Las antenas RocketDish cuentan con una gran capacidad ya que tienen incorporado una doble polaridad (2&#215;2) para un mejor rendimiento.<\/p>\n<div class=\"row align-items-center padding-bottom-2x\">\n<div class=\"col-md-5\"><img decoding=\"async\" class=\"d-block m-auto img-thumbnail\" src=\"https:\/\/tvc.mx\/media\/504770\/Captura-de-pantalla-2022-09-08-100818.png\" alt=\" \" \/><\/div>\n<div class=\"col-md-7 text-md-left text-center\">\n<h2>Incluye<\/h2>\n<p class=\"text-muted\">\n<ul>\n<li>Reflector parab\u00f3lico<\/li>\n<li>Bocina de alimentaci\u00f3n<\/li>\n<li>Soporte de montaje<\/li>\n<li>Cubierta protectora<\/li>\n<li>Abrazaderas de pie (cant.: 2)<\/li>\n<li>Soportes del estabilizador (cant.: 2)<\/li>\n<\/ul>\n<p>&nbsp;<\/p>\n<\/div>\n<\/div>\n<hr class=\"padding-bottom-2x\" \/>\n<div class=\"row align-items-center padding-bottom-2x\">\n<div class=\"col-md-5\"><img decoding=\"async\" class=\"d-block m-auto img-thumbnail\" src=\"https:\/\/tvc.mx\/media\/504772\/Captura-de-pantalla-2022-09-08-100838.png\" alt=\" \" \/><\/div>\n<div class=\"col-md-7 text-md-left text-center\">\n<h2>Incluye<\/h2>\n<p class=\"text-muted\">\n<ul>\n<li>Cables RF (cant.: 2)<\/li>\n<li>Barra de elevaci\u00f3n<\/li>\n<li>Tornillos de cabeza redonda M12x180 (cant.: 4)<\/li>\n<li>Tornillos M10x100 (cant.: 2)<\/li>\n<li>Tornillos de cabeza redonda M10x25 (cant.: 3)<\/li>\n<li>Tornillos M4 (cant.: 6)<\/li>\n<\/ul>\n<\/div>\n<\/div>\n<\/div>\n<\/div>\n","protected":false},"excerpt":{"rendered":"<p>RD-5G34 La serie de equipos RocketDish\u00ae es una l\u00ednea con un rendimiento\/precio progresivo para la tecnolog\u00eda de antenas backhaul. Dise\u00f1o industrial de innovaci\u00f3n La antena RocketDish\u00ae est\u00e1 dise\u00f1ado de manera robusta y con un dise\u00f1o mec\u00e1nico para su uso\/aplicaci\u00f3n en exteriores. &nbsp; Dise\u00f1o y rendimiento&hellip;<\/p>\n","protected":false},"featured_media":5237,"comment_status":"open","ping_status":"closed","template":"","meta":{"om_disable_all_campaigns":false,"_monsterinsights_skip_tracking":false,"_monsterinsights_sitenote_active":false,"_monsterinsights_sitenote_note":"","_monsterinsights_sitenote_category":0},"product_brand":[],"product_cat":[429],"product_tag":[438,437,431,436,434,439,432,433,435,185,430],"class_list":{"0":"post-5238","1":"product","2":"type-product","3":"status-publish","4":"has-post-thumbnail","6":"product_cat-direccionales","7":"product_tag-controladores","8":"product_tag-fibra","9":"product_tag-networkin","10":"product_tag-poe","11":"product_tag-ptp-y-ptmp","12":"product_tag-punto-de-acceso","13":"product_tag-redes","14":"product_tag-sectoriales","15":"product_tag-switches-poe","16":"product_tag-tranceptores","17":"product_tag-ubiquiti","19":"first","20":"instock","21":"sale","22":"taxable","23":"shipping-taxable","24":"purchasable","25":"product-type-simple"},"aioseo_notices":[],"_links":{"self":[{"href":"https:\/\/tecsecmty.com\/index.php\/wp-json\/wp\/v2\/product\/5238","targetHints":{"allow":["GET"]}}],"collection":[{"href":"https:\/\/tecsecmty.com\/index.php\/wp-json\/wp\/v2\/product"}],"about":[{"href":"https:\/\/tecsecmty.com\/index.php\/wp-json\/wp\/v2\/types\/product"}],"replies":[{"embeddable":true,"href":"https:\/\/tecsecmty.com\/index.php\/wp-json\/wp\/v2\/comments?post=5238"}],"version-history":[{"count":0,"href":"https:\/\/tecsecmty.com\/index.php\/wp-json\/wp\/v2\/product\/5238\/revisions"}],"wp:featuredmedia":[{"embeddable":true,"href":"https:\/\/tecsecmty.com\/index.php\/wp-json\/wp\/v2\/media\/5237"}],"wp:attachment":[{"href":"https:\/\/tecsecmty.com\/index.php\/wp-json\/wp\/v2\/media?parent=5238"}],"wp:term":[{"taxonomy":"product_brand","embeddable":true,"href":"https:\/\/tecsecmty.com\/index.php\/wp-json\/wp\/v2\/product_brand?post=5238"},{"taxonomy":"product_cat","embeddable":true,"href":"https:\/\/tecsecmty.com\/index.php\/wp-json\/wp\/v2\/product_cat?post=5238"},{"taxonomy":"product_tag","embeddable":true,"href":"https:\/\/tecsecmty.com\/index.php\/wp-json\/wp\/v2\/product_tag?post=5238"}],"curies":[{"name":"wp","href":"https:\/\/api.w.org\/{rel}","templated":true}]}}