{"id":5242,"date":"2023-02-23T11:00:06","date_gmt":"2023-02-23T17:00:06","guid":{"rendered":"https:\/\/tecsecmty.com\/index.php\/producto\/ubiquiti-amo-2g10-antena-omnidireccional-para-access-point-2-4ghz-ganancia-10-dbi-2-conectores-sma-hembra-inverso\/"},"modified":"2023-03-22T23:24:29","modified_gmt":"2023-03-23T05:24:29","slug":"ubiquiti-amo-2g10-antena-omnidireccional-para-access-point-2-4ghz-ganancia-10-dbi-2-conectores-sma-hembra-inverso","status":"publish","type":"product","link":"https:\/\/tecsecmty.com\/index.php\/producto\/ubiquiti-amo-2g10-antena-omnidireccional-para-access-point-2-4ghz-ganancia-10-dbi-2-conectores-sma-hembra-inverso\/","title":{"rendered":"UBIQUITI AMO-2G10 &#8211; Antena Omnidireccional para access point \/ 2.4GHz \/ Ganancia 10 dBi \/ 2 Conectores SMA hembra inverso"},"content":{"rendered":"<p class=\"ql-align-justify\">La serie de antenas\u00a0airMAX\u00a0Omni pueden ser utilizadas\u00a0con un equipo Rocket BaseStation para as\u00ed poder tener una cobertura de 360\u00b0 para sus enlaces de punto a punto (PtP) y multipunto (PtMP).<\/p>\n<p><img decoding=\"async\" class=\"overview-center-img-\" src=\"https:\/\/tvc.mx\/media\/5544\/AMO2G10Conexion.png\" alt=\"\" \/><\/p>\n<h5 class=\"card-title text-center\">Cobertura omnidireccional de gran alcance.<\/h5>\n<p class=\"ql-align-justify\">Las antenas Omnidireccionales airMAX, proveen una cobertura de 360\u00b0, con un rendimiento 2&#215;2 MIMO en l\u00ednea de vista o con aplicaciones sin l\u00ednea de vista.<\/p>\n<p><img decoding=\"async\" class=\"overview-center-img-\" src=\"https:\/\/tvc.mx\/media\/5545\/FeatureCoverage.png\" alt=\"\" \/><\/p>\n<h5 class=\"card-title text-center\">Construcci\u00f3n de fuerza industrial.<\/h5>\n<p class=\"ql-align-justify\">Las antenas airMAX est\u00e1n dise\u00f1adas con componentes mec\u00e1nicos robustos para su funcionamiento en exteriores.<\/p>\n<p><img decoding=\"async\" class=\"overview-center-img-\" src=\"https:\/\/tvc.mx\/media\/5546\/IndustrialStrengthConstruction.png\" alt=\"\" \/><\/p>\n<h5 class=\"card-title text-center\">Integraci\u00f3n plug and play.<\/h5>\n<p class=\"ql-align-justify\">Cada equipo airMax tiene integrado el montaje Rocket, por tal motivo no se requieren herramientas para la instalaci\u00f3n de los equipos Rocket BaseStation.<\/p>\n<p><img decoding=\"async\" class=\"overview-center-img-\" src=\"https:\/\/tvc.mx\/media\/5547\/PlugAndPlay.png\" alt=\"\" \/><\/p>\n<h5 class=\"card-title text-center\">Especificaciones t\u00e9cnicas<\/h5>\n<ul>\n<li>Puertos de conexi\u00f3n: 2 Conectores SMA hembra Inverso (Incluye Jumpers de Conexi\u00f3n para radios Rocket).<\/li>\n<li>Rango de Frecuencia: 2.35 \u2013 2.55Ghz.<\/li>\n<li>Ganancia: 10 dBi.<\/li>\n<li>Apertura Azimut: 360\u00ba.<\/li>\n<li>Elevaci\u00f3n: 12\u00ba.<\/li>\n<li>Polarizaci\u00f3n: Lineal doble.<\/li>\n<\/ul>\n<p><img decoding=\"async\" class=\"overview-center-img-\" src=\"https:\/\/tvc.mx\/media\/5549\/Especificaciones.png\" alt=\"\" \/><\/p>\n","protected":false},"excerpt":{"rendered":"<p>La serie de antenas\u00a0airMAX\u00a0Omni pueden ser utilizadas\u00a0con un equipo Rocket BaseStation para as\u00ed poder tener una cobertura de 360\u00b0 para sus enlaces de punto a punto (PtP) y multipunto (PtMP). Cobertura omnidireccional de gran alcance. Las antenas Omnidireccionales airMAX, proveen una cobertura de 360\u00b0, con&hellip;<\/p>\n","protected":false},"featured_media":5241,"comment_status":"open","ping_status":"closed","template":"","meta":{"om_disable_all_campaigns":false,"_monsterinsights_skip_tracking":false,"_monsterinsights_sitenote_active":false,"_monsterinsights_sitenote_note":"","_monsterinsights_sitenote_category":0},"product_brand":[],"product_cat":[440],"product_tag":[438,437,431,436,434,439,432,433,435,185,430],"class_list":{"0":"post-5242","1":"product","2":"type-product","3":"status-publish","4":"has-post-thumbnail","6":"product_cat-omnidireccionales","7":"product_tag-controladores","8":"product_tag-fibra","9":"product_tag-networkin","10":"product_tag-poe","11":"product_tag-ptp-y-ptmp","12":"product_tag-punto-de-acceso","13":"product_tag-redes","14":"product_tag-sectoriales","15":"product_tag-switches-poe","16":"product_tag-tranceptores","17":"product_tag-ubiquiti","19":"first","20":"instock","21":"sale","22":"taxable","23":"shipping-taxable","24":"purchasable","25":"product-type-simple"},"aioseo_notices":[],"_links":{"self":[{"href":"https:\/\/tecsecmty.com\/index.php\/wp-json\/wp\/v2\/product\/5242","targetHints":{"allow":["GET"]}}],"collection":[{"href":"https:\/\/tecsecmty.com\/index.php\/wp-json\/wp\/v2\/product"}],"about":[{"href":"https:\/\/tecsecmty.com\/index.php\/wp-json\/wp\/v2\/types\/product"}],"replies":[{"embeddable":true,"href":"https:\/\/tecsecmty.com\/index.php\/wp-json\/wp\/v2\/comments?post=5242"}],"version-history":[{"count":0,"href":"https:\/\/tecsecmty.com\/index.php\/wp-json\/wp\/v2\/product\/5242\/revisions"}],"wp:featuredmedia":[{"embeddable":true,"href":"https:\/\/tecsecmty.com\/index.php\/wp-json\/wp\/v2\/media\/5241"}],"wp:attachment":[{"href":"https:\/\/tecsecmty.com\/index.php\/wp-json\/wp\/v2\/media?parent=5242"}],"wp:term":[{"taxonomy":"product_brand","embeddable":true,"href":"https:\/\/tecsecmty.com\/index.php\/wp-json\/wp\/v2\/product_brand?post=5242"},{"taxonomy":"product_cat","embeddable":true,"href":"https:\/\/tecsecmty.com\/index.php\/wp-json\/wp\/v2\/product_cat?post=5242"},{"taxonomy":"product_tag","embeddable":true,"href":"https:\/\/tecsecmty.com\/index.php\/wp-json\/wp\/v2\/product_tag?post=5242"}],"curies":[{"name":"wp","href":"https:\/\/api.w.org\/{rel}","templated":true}]}}