{"id":5260,"date":"2023-02-23T11:00:22","date_gmt":"2023-02-23T17:00:22","guid":{"rendered":"https:\/\/tecsecmty.com\/index.php\/producto\/ubiquiti-uma-d-antena-sectorial-de-doble-banda-compatible-con-uapacm-antena-de-90-grados-a-10dbi-en-2-4ghz-antena-de-45-grados-a-15dbi-en-5ghz-ofertasubiquiti-ofertasredes-sucursales\/"},"modified":"2023-03-22T23:24:35","modified_gmt":"2023-03-23T05:24:35","slug":"ubiquiti-uma-d-antena-sectorial-de-doble-banda-compatible-con-uapacm-antena-de-90-grados-a-10dbi-en-2-4ghz-antena-de-45-grados-a-15dbi-en-5ghz-ofertasubiquiti-ofertasredes-sucursales","status":"publish","type":"product","link":"https:\/\/tecsecmty.com\/index.php\/producto\/ubiquiti-uma-d-antena-sectorial-de-doble-banda-compatible-con-uapacm-antena-de-90-grados-a-10dbi-en-2-4ghz-antena-de-45-grados-a-15dbi-en-5ghz-ofertasubiquiti-ofertasredes-sucursales\/","title":{"rendered":"UBIQUITI UMA-D- Antena Sectorial de Doble Banda\/ Compatible con UAPACM\/ Antena de 90 Grados a 10dBi en 2.4GHz\/ Antena de 45 Grados a 15dBi en 5GHz #OfertasUbiquiti #OfertasRedes #SUCURSALES"},"content":{"rendered":"<h2><img decoding=\"async\" src=\"https:\/\/tvc.mx\/media\/377075\/erffregr.png\" alt=\" \" \/><\/h2>\n<h2>UMA-D<\/h2>\n<p class=\"text-muted\">\n<p><strong>La antena UniFi, modelo UMA-D, es una antena de malla opcional dise\u00f1ada para funcionar con Access Point Mesh y el modelo UAP-AC-M.<\/strong><\/p>\n<ul>\n<li>Con soporte de doble banda, el UMA-D ampl\u00eda la cobertura de rango y proporciona una configuraci\u00f3n de patr\u00f3n personalizada.<\/li>\n<\/ul>\n<hr class=\"padding-bottom-2x\" \/>\n<div class=\"row align-items-center padding-bottom-2x\">\n<div class=\"col-md-5\"><img decoding=\"async\" class=\"d-block m-auto img-thumbnail\" src=\"https:\/\/tvc.mx\/media\/404851\/Captura-de-pantalla-2022-04-08-134714.png\" alt=\" \" \/><\/div>\n<div class=\"col-md-7 text-md-left text-center\">\n<h2>Principales Caracter\u00edsticas<\/h2>\n<p class=\"text-muted\">\n<p><strong>Caracter\u00edsticas:<\/strong><\/p>\n<ul>\n<li class=\"ql-indent-1\">Recinto exterior resistente a la intemperie<\/li>\n<li class=\"ql-indent-1\">Patr\u00f3n de radiaci\u00f3n direccional de alta eficiencia<\/li>\n<li class=\"ql-indent-1\">Banda dual, polaridad dual optimizada para 802.11ac<\/li>\n<li class=\"ql-indent-1\">Montaje de 3 ejes de r\u00f3tula para apuntar con precisi\u00f3n<\/li>\n<li class=\"ql-indent-1\">Soporte de pared\/encuesta incluido para una instalaci\u00f3n vers\u00e1til<\/li>\n<li class=\"ql-indent-1\">Incluye: Tornillos, tiras de metal, anillo de bloqueo, cables RF y gu\u00eda r\u00e1pida de usuario<\/li>\n<\/ul>\n<p>&nbsp;<\/p>\n<\/div>\n<\/div>\n<hr class=\"padding-bottom-2x\" \/>\n<div class=\"row align-items-center padding-bottom-2x\">\n<div class=\"col-md-5 order-md-2\"><img decoding=\"async\" class=\"d-block m-auto img-thumbnail\" src=\"https:\/\/tvc.mx\/media\/404855\/Captura-de-pantalla-2022-04-08-134359.png\" alt=\" \" \/><\/div>\n<div class=\"col-md-7 order-md-1 text-md-left text-center\">\n<h2>Incluye<\/h2>\n<p class=\"text-muted\">\n<ul>\n<li>Antena UMA-D<\/li>\n<li>Montaje de r\u00f3tula<\/li>\n<li>Anillo de cierre<\/li>\n<li>Tornillos Cant: 4<\/li>\n<li>Anclajes de tornillo Cant: 4<\/li>\n<li>Tornillo Hexagonal<\/li>\n<li>Montaje en pared plato<\/li>\n<li>Correa met\u00e1lica<\/li>\n<li>Cables RF Cant: 2<\/li>\n<li>Gu\u00eda de inicio r\u00e1pido<\/li>\n<\/ul>\n<\/div>\n<\/div>\n","protected":false},"excerpt":{"rendered":"<p>UMA-D La antena UniFi, modelo UMA-D, es una antena de malla opcional dise\u00f1ada para funcionar con Access Point Mesh y el modelo UAP-AC-M. Con soporte de doble banda, el UMA-D ampl\u00eda la cobertura de rango y proporciona una configuraci\u00f3n de patr\u00f3n personalizada. Principales Caracter\u00edsticas Caracter\u00edsticas:&hellip;<\/p>\n","protected":false},"featured_media":5259,"comment_status":"open","ping_status":"closed","template":"","meta":{"om_disable_all_campaigns":false,"_monsterinsights_skip_tracking":false,"_monsterinsights_sitenote_active":false,"_monsterinsights_sitenote_note":"","_monsterinsights_sitenote_category":0},"product_brand":[],"product_cat":[441],"product_tag":[438,437,431,436,434,439,432,433,435,185,430],"class_list":{"0":"post-5260","1":"product","2":"type-product","3":"status-publish","4":"has-post-thumbnail","6":"product_cat-sectoriales","7":"product_tag-controladores","8":"product_tag-fibra","9":"product_tag-networkin","10":"product_tag-poe","11":"product_tag-ptp-y-ptmp","12":"product_tag-punto-de-acceso","13":"product_tag-redes","14":"product_tag-sectoriales","15":"product_tag-switches-poe","16":"product_tag-tranceptores","17":"product_tag-ubiquiti","19":"first","20":"instock","21":"sale","22":"taxable","23":"shipping-taxable","24":"purchasable","25":"product-type-simple"},"aioseo_notices":[],"_links":{"self":[{"href":"https:\/\/tecsecmty.com\/index.php\/wp-json\/wp\/v2\/product\/5260","targetHints":{"allow":["GET"]}}],"collection":[{"href":"https:\/\/tecsecmty.com\/index.php\/wp-json\/wp\/v2\/product"}],"about":[{"href":"https:\/\/tecsecmty.com\/index.php\/wp-json\/wp\/v2\/types\/product"}],"replies":[{"embeddable":true,"href":"https:\/\/tecsecmty.com\/index.php\/wp-json\/wp\/v2\/comments?post=5260"}],"version-history":[{"count":0,"href":"https:\/\/tecsecmty.com\/index.php\/wp-json\/wp\/v2\/product\/5260\/revisions"}],"wp:featuredmedia":[{"embeddable":true,"href":"https:\/\/tecsecmty.com\/index.php\/wp-json\/wp\/v2\/media\/5259"}],"wp:attachment":[{"href":"https:\/\/tecsecmty.com\/index.php\/wp-json\/wp\/v2\/media?parent=5260"}],"wp:term":[{"taxonomy":"product_brand","embeddable":true,"href":"https:\/\/tecsecmty.com\/index.php\/wp-json\/wp\/v2\/product_brand?post=5260"},{"taxonomy":"product_cat","embeddable":true,"href":"https:\/\/tecsecmty.com\/index.php\/wp-json\/wp\/v2\/product_cat?post=5260"},{"taxonomy":"product_tag","embeddable":true,"href":"https:\/\/tecsecmty.com\/index.php\/wp-json\/wp\/v2\/product_tag?post=5260"}],"curies":[{"name":"wp","href":"https:\/\/api.w.org\/{rel}","templated":true}]}}