{"id":5264,"date":"2023-02-23T11:00:28","date_gmt":"2023-02-23T17:00:28","guid":{"rendered":"https:\/\/tecsecmty.com\/index.php\/producto\/ubiquiti-airfiber-af-5xhd-radio-conectorizado-airfiber-x-clase-carrier-4-8ghz-a-6-2ghz-exterior-hasta-1-gbps-26-dbm-tecnologia-ltu-ip67\/"},"modified":"2023-03-22T23:24:29","modified_gmt":"2023-03-23T05:24:29","slug":"ubiquiti-airfiber-af-5xhd-radio-conectorizado-airfiber-x-clase-carrier-4-8ghz-a-6-2ghz-exterior-hasta-1-gbps-26-dbm-tecnologia-ltu-ip67","status":"publish","type":"product","link":"https:\/\/tecsecmty.com\/index.php\/producto\/ubiquiti-airfiber-af-5xhd-radio-conectorizado-airfiber-x-clase-carrier-4-8ghz-a-6-2ghz-exterior-hasta-1-gbps-26-dbm-tecnologia-ltu-ip67\/","title":{"rendered":"UBIQUITI AIRFIBER AF-5XHD &#8211; Radio Conectorizado AirFiber X \/ Clase Carrier \/ 4.8GHz a 6.2GHz \/ Exterior \/ Hasta 1 Gbps \/ 26 dBm \/ Tecnolog\u00eda LTU \/ IP67"},"content":{"rendered":"<p><img decoding=\"async\" src=\"https:\/\/tvc.mx\/media\/70497\/airfiber5XHD400x3001.png\" alt=\" \" \/><\/p>\n<h2>Descripci\u00f3n General Airfiber AF5XHD<\/h2>\n<p class=\"text-muted\">\n<h3 class=\"ql-align-justify\">Un nuevo est\u00e1ndar en enlaces Backhaul para WISP (por sus siglas en ingles de Proveedor de servicios de internet) todo esto es gracias a que los equipos Ubiquiti AF5XHD cuentan con una eficiencia espectral verdadero de hasta 1Gbps, tecnolog\u00eda para enlaces PtP resistentes al ruido del entorno y espec\u00edficamente dise\u00f1ado para servicios WISP.<\/h3>\n<h5><\/h5>\n<h5 class=\"card-title text-center\">Principales Caracter\u00edsticas<\/h5>\n<h4 class=\"ql-align-justify\">-Fuente de alimentaci\u00f3n de 24V, 1A. Adaptador PoE incluido.<\/h4>\n<h4 class=\"ql-align-justify\">-Frecuencia de operaci\u00f3n: 4800 &#8211; 6200MHz.<\/h4>\n<h4>-Ancho de canales disponibles: 10\/20\/30\/40\/50\/60\/80\/100MHz.<\/h4>\n<h4>-Potencia de Salida: 29 dBm<\/h4>\n<h4 class=\"ql-align-justify\">-Rendimiento m\u00e1ximo: 1Gbps.<\/h4>\n<h4 class=\"ql-align-justify\">-M\u00e1ximo consumo de corriente: 12W.<\/h4>\n<h4 class=\"ql-align-justify\">-Montaje: Montaje para equipos airFiber.<\/h4>\n<h4 class=\"ql-align-justify\">-Interfaz de red: puerto Ethernet 10\/100\/1000Mbps.<\/h4>\n<h4 class=\"ql-align-justify\">-Temperatura de operaci\u00f3n: -40\u00b0C ~ 55\u00b0C.<\/h4>\n<p>&nbsp;<\/p>\n<div class=\"row align-items-center padding-bottom-2x\">\n<div class=\"col-md-5\"><img decoding=\"async\" class=\"d-block m-auto img-thumbnail\" src=\"https:\/\/tvc.mx\/media\/70500\/airfiber5XHD400x3002.png\" alt=\" \" \/><\/div>\n<div class=\"col-md-7 text-md-left text-center\">\n<h2>Hardware personalizado para servicios WISP.<\/h2>\n<p class=\"text-muted\">\n<h3 class=\"ql-align-justify\">El n\u00facleo de procesamiento en comunicaciones de los equipos AF5XHD con el cual fue desarrollado supera ampliamente las limitaciones de los chips gen\u00e9ricos de Wi-Fi.<\/h3>\n<p>&nbsp;<\/p>\n<\/div>\n<\/div>\n<hr class=\"padding-bottom-2x\" \/>\n<div class=\"row align-items-center padding-bottom-2x\">\n<div class=\"col-md-5 order-md-2\"><img decoding=\"async\" class=\"d-block m-auto img-thumbnail\" src=\"https:\/\/tvc.mx\/media\/70503\/airfiber5XHD400x3003.png\" alt=\" \" \/><\/div>\n<div class=\"col-md-7 order-md-1 text-md-left text-center\">\n<h2>Tecnolog\u00eda LTU.<\/h2>\n<p class=\"text-muted\">\n<h3 class=\"ql-align-justify\">En la imagen que se muestra en la parte inferior se puede observar una comparativa en eficiencia espectral entre tecnolog\u00edas\u00a0<strong>801.11n, 802.11ac AirFiber original y LTU\u00a0<\/strong>esto es por a\u00f1o.<\/h3>\n<div class=\"row align-items-center padding-bottom-2x\">\n<div class=\"col-md-5\"><img decoding=\"async\" class=\"d-block m-auto img-thumbnail\" src=\"https:\/\/tvc.mx\/media\/70509\/airfiber5XHD400x3004.png\" alt=\" \" \/><\/div>\n<div class=\"col-md-7 text-md-left text-center\">\n<h2>Software industrial completo.<\/h2>\n<p class=\"text-muted\">\n<h3 class=\"ql-align-justify\">Gracias a los software que maneja Ubiquiti (airLink, airOS,NMS,CRM) puede administrar sus equipos sin ning\u00fan problema y con una interfaz gr\u00e1fica amigable para el cliente\/administrador.<\/h3>\n<p>&nbsp;<\/p>\n<\/div>\n<\/div>\n<hr class=\"padding-bottom-2x\" \/>\n<div class=\"row aling-items-center padding-bottom-2x\">\n<div class=\"col-lg-12\">\n<h5 class=\"card-title text-center\">Dise\u00f1o a prueba de agua.<\/h5>\n<h3 class=\"ql-align-justify\">El equipo airFiber AF5XHD cuenta con un \u00edndice de protecci\u00f3n IP-67 lo cual le permite tener una alta durabilidad y contar con la caracter\u00edstica de ser a prueba de agua en cualquier tipo de ambiente que sea instalado.<\/h3>\n<p><img decoding=\"async\" src=\"https:\/\/tvc.mx\/media\/7840\/FeatureInwater.png\" \/><\/p>\n<\/div>\n<\/div>\n<\/div>\n<\/div>\n","protected":false},"excerpt":{"rendered":"<p>Descripci\u00f3n General Airfiber AF5XHD Un nuevo est\u00e1ndar en enlaces Backhaul para WISP (por sus siglas en ingles de Proveedor de servicios de internet) todo esto es gracias a que los equipos Ubiquiti AF5XHD cuentan con una eficiencia espectral verdadero de hasta 1Gbps, tecnolog\u00eda para enlaces&hellip;<\/p>\n","protected":false},"featured_media":5263,"comment_status":"open","ping_status":"closed","template":"","meta":{"om_disable_all_campaigns":false,"_monsterinsights_skip_tracking":false,"_monsterinsights_sitenote_active":false,"_monsterinsights_sitenote_note":"","_monsterinsights_sitenote_category":0},"product_brand":[],"product_cat":[443],"product_tag":[438,437,431,436,434,439,432,433,435,185,430],"class_list":{"0":"post-5264","1":"product","2":"type-product","3":"status-publish","4":"has-post-thumbnail","6":"product_cat-banda-5-8-ghz","7":"product_tag-controladores","8":"product_tag-fibra","9":"product_tag-networkin","10":"product_tag-poe","11":"product_tag-ptp-y-ptmp","12":"product_tag-punto-de-acceso","13":"product_tag-redes","14":"product_tag-sectoriales","15":"product_tag-switches-poe","16":"product_tag-tranceptores","17":"product_tag-ubiquiti","19":"first","20":"instock","21":"sale","22":"taxable","23":"shipping-taxable","24":"purchasable","25":"product-type-simple"},"aioseo_notices":[],"_links":{"self":[{"href":"https:\/\/tecsecmty.com\/index.php\/wp-json\/wp\/v2\/product\/5264","targetHints":{"allow":["GET"]}}],"collection":[{"href":"https:\/\/tecsecmty.com\/index.php\/wp-json\/wp\/v2\/product"}],"about":[{"href":"https:\/\/tecsecmty.com\/index.php\/wp-json\/wp\/v2\/types\/product"}],"replies":[{"embeddable":true,"href":"https:\/\/tecsecmty.com\/index.php\/wp-json\/wp\/v2\/comments?post=5264"}],"version-history":[{"count":0,"href":"https:\/\/tecsecmty.com\/index.php\/wp-json\/wp\/v2\/product\/5264\/revisions"}],"wp:featuredmedia":[{"embeddable":true,"href":"https:\/\/tecsecmty.com\/index.php\/wp-json\/wp\/v2\/media\/5263"}],"wp:attachment":[{"href":"https:\/\/tecsecmty.com\/index.php\/wp-json\/wp\/v2\/media?parent=5264"}],"wp:term":[{"taxonomy":"product_brand","embeddable":true,"href":"https:\/\/tecsecmty.com\/index.php\/wp-json\/wp\/v2\/product_brand?post=5264"},{"taxonomy":"product_cat","embeddable":true,"href":"https:\/\/tecsecmty.com\/index.php\/wp-json\/wp\/v2\/product_cat?post=5264"},{"taxonomy":"product_tag","embeddable":true,"href":"https:\/\/tecsecmty.com\/index.php\/wp-json\/wp\/v2\/product_tag?post=5264"}],"curies":[{"name":"wp","href":"https:\/\/api.w.org\/{rel}","templated":true}]}}