{"id":5292,"date":"2023-02-23T11:00:57","date_gmt":"2023-02-23T17:00:57","guid":{"rendered":"https:\/\/tecsecmty.com\/index.php\/producto\/ubiquiti-lap-gps-radio-con-antena-integrada-airmax-ac-5-8ghz-exterior-antena-sectorial-17-dbi-90-grados-apertura-25-dbm-rendimiento-hasta-450-mbps-sincronizacion-gps\/"},"modified":"2023-03-22T23:24:31","modified_gmt":"2023-03-23T05:24:31","slug":"ubiquiti-lap-gps-radio-con-antena-integrada-airmax-ac-5-8ghz-exterior-antena-sectorial-17-dbi-90-grados-apertura-25-dbm-rendimiento-hasta-450-mbps-sincronizacion-gps","status":"publish","type":"product","link":"https:\/\/tecsecmty.com\/index.php\/producto\/ubiquiti-lap-gps-radio-con-antena-integrada-airmax-ac-5-8ghz-exterior-antena-sectorial-17-dbi-90-grados-apertura-25-dbm-rendimiento-hasta-450-mbps-sincronizacion-gps\/","title":{"rendered":"UBIQUITI LAP-GPS &#8211; Radio con antena integrada Airmax AC 5.8GHz \/ Exterior \/ Antena Sectorial 17 dBi \/ 90 Grados apertura \/ 25 dBm \/ Rendimiento hasta 450 Mbps \/ Sincronizacion GPS"},"content":{"rendered":"<div class=\"row align-items-center padding-bottom-2x\">\n<div class=\"col-md-7 order-md-1 text-md-left text-center\">\n<h2>Descripci\u00f3n General<\/h2>\n<p class=\"text-muted\">\n<p>LiteAP ac cuenta con una antena MIMO 2&#215;2 y se comunica con m\u00faltiples CPEs airMAX ac dentro de un \u00e1rea de cobertura de 120 \u00b0.<\/p>\n<p>&nbsp;<\/p>\n<\/div>\n<\/div>\n<hr class=\"padding-bottom-2x\" \/>\n<div class=\"row align-items-center padding-bottom-2x\">\n<div class=\"col-md-5\"><img decoding=\"async\" class=\"d-block m-auto img-thumbnail\" src=\"https:\/\/tvc.mx\/media\/77145\/LAPGPSBan2.png\" alt=\" \" \/><\/div>\n<div class=\"col-md-7 text-md-left text-center\">\n<h2>Cobertura del sector airMAX ac<\/h2>\n<p class=\"text-muted\">\n<p>LiteAP ac cuenta con una antena MIMO 2&#215;2 y se comunica con m\u00faltiples CPEs airMAX ac dentro de un \u00e1rea de cobertura de 120 \u00b0.<\/p>\n<\/div>\n<\/div>\n<div class=\"row align-items-center padding-bottom-2x\">\n<div class=\"col-md-7 order-md-1 text-md-left text-center\">\n<h2>Sincronizaci\u00f3n GPS<\/h2>\n<p class=\"text-muted\">\n<p>LiteAP\u00a0TM\u00a0GPS es compatible con GPS Sync para redes m\u00e1s r\u00e1pidas, m\u00e1s escalables y de clase portadora, con un 90% m\u00e1s de rendimiento que las soluciones de la competencia.<\/p>\n<p>&nbsp;<\/p>\n<\/div>\n<\/div>\n<hr class=\"padding-bottom-2x\" \/>\n<div class=\"row align-items-center padding-bottom-2x\">\n<div class=\"col-md-5\"><img decoding=\"async\" class=\"d-block m-auto img-thumbnail\" src=\"https:\/\/tvc.mx\/media\/77151\/LAPGPSBan4.png\" alt=\" \" \/><\/div>\n<div class=\"col-md-7 text-md-left text-center\">\n<h2>Ahora con airOS \u00ae 8<\/h2>\n<p class=\"text-muted\">\n<p>AIROS\u00a0\u00ae\u00a08 proporciona caracter\u00edsticas de gran alcance, incluyendo Airmax\u00a0\u00ae\u00a0compatibilidad con el protocolo de CA, RF an\u00e1lisis en tiempo real, y un dise\u00f1o totalmente nuevo para mayor facilidad de uso.<\/p>\n<\/div>\n<\/div>\n<p>&nbsp;<\/p>\n<h2>Dise\u00f1o ligero y elegante.<\/h2>\n<p class=\"text-muted\">\n<p>LiteAP ac cuenta con una antena liviana con una radio integrada en un dise\u00f1o elegante y altamente eficiente.<\/p>\n<p>&nbsp;<\/p>\n<hr class=\"padding-bottom-2x\" \/>\n<div class=\"row align-items-center padding-bottom-2x\">\n<div class=\"col-md-5\"><img decoding=\"async\" class=\"d-block m-auto img-thumbnail\" src=\"https:\/\/tvc.mx\/media\/77157\/LAPGPSBan6.png\" alt=\" \" \/><\/div>\n<div class=\"col-md-7 text-md-left text-center\">\n<h2>Instalaci\u00f3n Flexibilidad<\/h2>\n<p class=\"text-muted\">\n<p>Con la libertad de alineaci\u00f3n de tres ejes, LiteAP ac se ensambla completamente en segundos, sin necesidad de herramientas.\u00a0Solo se necesita una llave inglesa para el montaje en poste.<\/p>\n<\/div>\n<\/div>\n<p>&nbsp;<\/p>\n<div class=\"row align-items-center padding-bottom-2x\">\n<div class=\"col-md-7 order-md-1 text-md-left text-center\">\n<h2>Principales Caracter\u00edsticas<\/h2>\n<p class=\"text-muted\">\n<ul>\n<li>1 puerto de datos\u00a010\/100\/1000 Mbps.<\/li>\n<li>Modos de Operaci\u00f3n:Access Point\u00a0(Recomendable hasta 25 Clientes).<\/li>\n<li>Anchos de canal ajustable 20,40,50,60,80 MHz<\/li>\n<li>Rango de operaci\u00f3n (5150 &#8211; 5875 MHz)<\/li>\n<li>Seguridad WPA2 AES.<\/li>\n<li>Ultra ligero.<\/li>\n<li>GPS Sync.<\/li>\n<li>Alimentaci\u00f3n: 24 V, 0.3 A. Adaptador PoE Incluido<\/li>\n<li>Dimensiones: 360.98 x 124.57 x 71.28 mm.<\/li>\n<li>Peso: 752 g.<\/li>\n<li>Temperatura de Operaci\u00f3n: -40 a 70\u00b0 C.<\/li>\n<\/ul>\n<p>&nbsp;<\/p>\n<\/div>\n<\/div>\n<hr class=\"padding-bottom-2x\" \/>\n<div class=\"row align-items-center padding-bottom-2x\">\n<div class=\"col-md-5\"><img decoding=\"async\" class=\"d-block m-auto img-thumbnail\" src=\"https:\/\/tvc.mx\/media\/405655\/Captura-de-pantalla-2022-04-11-100817.png\" alt=\" \" \/><\/div>\n<div class=\"col-md-7 text-md-left text-center\">\n<h2>Incluye<\/h2>\n<p class=\"text-muted\">\n<ul>\n<li>LiteAP GPS<\/li>\n<li>Montaje de r\u00f3tula<\/li>\n<li>Tira de metal<\/li>\n<li>Gigabit PoE (24 V, 0,3 A) con soporte de montaje<\/li>\n<li>Cable de alimentaci\u00f3n<\/li>\n<\/ul>\n<\/div>\n<\/div>\n<p>&nbsp;<\/p>\n<div id=\"product-details-container\" class=\"container-fluid mb-1\">\n<div class=\"tab-content\">\n<div id=\"overviews\" class=\"tab-pane fade show active\" role=\"tabpanel\">\n<div class=\"container-fluid padding-bottom-2x mb-2\">\n<div class=\"row align-items-center padding-bottom-2x\">\n<div class=\"col-md-7 order-md-1 text-md-left text-center\">\n<h2>Dise\u00f1o ligero y elegante.<\/h2>\n<p class=\"text-muted\">\n<p>LiteAP ac cuenta con una antena liviana con una radio integrada en un dise\u00f1o elegante y altamente eficiente.<\/p>\n<p>&nbsp;<\/p>\n<\/div>\n<\/div>\n<hr class=\"padding-bottom-2x\" \/>\n<div class=\"row align-items-center padding-bottom-2x\">\n<div class=\"col-md-5\"><img decoding=\"async\" class=\"d-block m-auto img-thumbnail\" src=\"https:\/\/tvc.mx\/media\/77157\/LAPGPSBan6.png\" alt=\" \" \/><\/div>\n<div class=\"col-md-7 text-md-left text-center\">\n<h2>Instalaci\u00f3n Flexibilidad<\/h2>\n<p class=\"text-muted\">\n<p>Con la libertad de alineaci\u00f3n de tres ejes, LiteAP ac se ensambla completamente en segundos, sin necesidad de herramientas.\u00a0Solo se necesita una llave inglesa para el montaje en poste.<\/p>\n<p>&nbsp;<\/p>\n<\/div>\n<\/div>\n<hr class=\"padding-bottom-2x\" \/>\n<div class=\"row align-items-center padding-bottom-2x\">\n<div class=\"col-md-5 order-md-2\"><img decoding=\"async\" class=\"d-block m-auto img-thumbnail\" src=\"https:\/\/tvc.mx\/media\/405663\/LAPGPSGallery7.png\" alt=\" \" \/><\/div>\n<div class=\"col-md-7 order-md-1 text-md-left text-center\">\n<h2>Principales Caracter\u00edsticas<\/h2>\n<p class=\"text-muted\">\n<ul>\n<li>1 puerto de datos\u00a010\/100\/1000 Mbps.<\/li>\n<li>Modos de Operaci\u00f3n:Access Point\u00a0(Recomendable hasta 25 Clientes).<\/li>\n<li>Anchos de canal ajustable 20,40,50,60,80 MHz<\/li>\n<li>Rango de operaci\u00f3n (5150 &#8211; 5875 MHz)<\/li>\n<li>Seguridad WPA2 AES.<\/li>\n<li>Ultra ligero.<\/li>\n<li>GPS Sync.<\/li>\n<li>Alimentaci\u00f3n: 24 V, 0.3 A. Adaptador PoE Incluido<\/li>\n<li>Dimensiones: 360.98 x 124.57 x 71.28 mm.<\/li>\n<li>Peso: 752 g.<\/li>\n<li>Temperatura de Operaci\u00f3n: -40 a 70\u00b0 C.<\/li>\n<\/ul>\n<p>&nbsp;<\/p>\n<\/div>\n<\/div>\n<hr class=\"padding-bottom-2x\" \/>\n<div class=\"row align-items-center padding-bottom-2x\">\n<div class=\"col-md-5\">&lt;img class=&quot;d-block m-auto img-thumbnail&quot; src=&quot;data:;base64,\u00bb alt=\u00bb \u00bb width=\u00bb1&#8243; height=\u00bb1&#8243; \/&gt;<\/div>\n<div class=\"col-md-7 text-md-left text-center\">\n<h2>Incluye<\/h2>\n<p class=\"text-muted\">\n<ul>\n<li>LiteAP GPS<\/li>\n<li>Montaje de r\u00f3tula<\/li>\n<li>Tira de metal<\/li>\n<li>Gigabit PoE (24 V, 0,3 A) con soporte de montaje<\/li>\n<li>Cable de alimentaci\u00f3n<\/li>\n<\/ul>\n<p>&nbsp;<\/p>\n<\/div>\n<\/div>\n<\/div>\n<\/div>\n<\/div>\n<\/div>\n<div class=\"container padding-bottom-3x mb-1\">\n<h3 class=\"text-center padding-top-2x mt-2 padding-bottom-1x\">Productos Relacionados<\/h3>\n<div class=\"owl-carousel owl-loaded owl-drag\" data-owl-carousel=\"{\n      &quot;nav&quot;: true,\n      &quot;dots&quot;: true,\n      &quot;margin&quot;: 40,\n      &quot;responsive&quot;: {&quot;0&quot;:{&quot;items&quot;:1},&quot;576&quot;:{&quot;items&quot;:2},&quot;768&quot;:{&quot;items&quot;:2},&quot;991&quot;:{&quot;items&quot;:3},&quot;1200&quot;:{&quot;items&quot;:3}}\n}\"><\/p>\n<div class=\"owl-stage-outer\">\n<div class=\"owl-stage\">\n<div class=\"owl-item active\">\n<div>\n<div class=\"product-card product-card-fixed-width mr-auto ml-auto mb-4\">\n<div class=\"product-badge bg-success\">De L\u00ednea<\/div>\n<div class=\"promo-badges-container\">\n<div class=\"d-flex flex-column\"><\/div>\n<\/div>\n<p><a class=\"product-thumb\" href=\"https:\/\/tvc.mx\/products\/10569\/nanobeam-ac-nbe5acgen2-ubiquiti-networks-tvcenlinea?categoryId=358&amp;brandId=1418\">&lt;img class=&quot;&quot; src=&quot;data:;base64,\u00bb alt=\u00bbUBIQUITI NANOBEAM AC NBE5ACGEN2&#8243; width=\u00bb1&#8243; height=\u00bb1&#8243; \/&gt;<\/a><\/p>\n<div class=\"product-card-body\">\n<h3 class=\"product-title mb-0 line-clamp line-clamp-x5\"><a href=\"https:\/\/tvc.mx\/products\/10569\/nanobeam-ac-nbe5acgen2-ubiquiti-networks-tvcenlinea?categoryId=358&amp;brandId=1418\">UBIQUITI NANOBEAM AC NBE-5AC-GEN2 &#8211; Radio con antena integrada Airmax AC GEN2 5.8GHz \/ Exterior \/ MIMO \/ Antena 19 dBi \/ 26 dBm \/ Rendimiento hasta 450 Mbps<\/a><\/h3>\n<div class=\"product-description text-truncate mb-1\">UBIQUITI \/ UBI016042 \/ NBE-5AC-GEN2<\/div>\n<\/div>\n<\/div>\n<\/div>\n<\/div>\n<div class=\"owl-item active\">\n<div>\n<div class=\"product-card product-card-fixed-width mr-auto ml-auto mb-4\">\n<div class=\"product-badge bg-success\">De L\u00ednea<\/div>\n<div class=\"promo-badges-container\">\n<div class=\"d-flex flex-column\"><\/div>\n<\/div>\n<p><a class=\"product-thumb\" href=\"https:\/\/tvc.mx\/products\/10716\/estacion-base-isostation-is5ac-ubiquiti-networks?categoryId=358&amp;brandId=1418\">&lt;img class=&quot;&quot; src=&quot;data:;base64,\u00bb alt=\u00bbESTACION BASE ISOSTATION IS5AC\u00bb width=\u00bb1&#8243; height=\u00bb1&#8243; \/&gt;<\/a><\/p>\n<div class=\"product-card-body\">\n<h3 class=\"product-title mb-0 line-clamp line-clamp-x5\"><a href=\"https:\/\/tvc.mx\/products\/10716\/estacion-base-isostation-is5ac-ubiquiti-networks?categoryId=358&amp;brandId=1418\">UBIQUITI ISOSTATION IS-5AC &#8211; Radio con antena integrada Airmax AC 5.8GHz \/ Exterior \/ Antena Sectorial 14 dBi \/ 45 Grados apertura \/ 25 dBm \/ Rendimiento hasta 450 Mbps #OfertasUbiquiti #OfertasRedes #SUCURSALES<\/a><\/h3>\n<div class=\"product-description text-truncate mb-1\">UBIQUITI \/ UBI016046 \/ IS-5AC<\/div>\n<\/div>\n<\/div>\n<\/div>\n<\/div>\n<div class=\"owl-item active\">\n<div>\n<div class=\"product-card product-card-fixed-width mr-auto ml-auto mb-4\">\n<div class=\"product-badge bg-success\">De L\u00ednea<\/div>\n<div class=\"promo-badges-container\">\n<div class=\"d-flex flex-column\"><\/div>\n<\/div>\n<p><a class=\"product-thumb\" href=\"https:\/\/tvc.mx\/products\/9323\/ubiquiti-lap120-radio-con-antena-integrada-airmax-ac-58ghz?categoryId=358&amp;brandId=1418\">&lt;img class=&quot;&quot; src=&quot;data:;base64,\u00bb alt=\u00bbUBIQUITI LAP120-Radio con antena integrada Airmax AC 5.8GHz \u00bb width=\u00bb1&#8243; height=\u00bb1&#8243; \/&gt;<\/a><\/p>\n<div class=\"product-card-body\">\n<h3 class=\"product-title mb-0 line-clamp line-clamp-x5\"><a href=\"https:\/\/tvc.mx\/products\/9323\/ubiquiti-lap120-radio-con-antena-integrada-airmax-ac-58ghz?categoryId=358&amp;brandId=1418\">UBIQUITI LITEBEAM AC LAP-120 &#8211; Radio con antena integrada Airmax AC 5.8GHz \/ Exterior \/ Antena Sectorial 16 dBi \/ 120 Grados apertura \/ 25 dBm \/ Rendimiento hasta 450 Mbps<\/a><\/h3>\n<div class=\"product-description text-truncate mb-1\">UBIQUITI \/ UBI016037 \/ LAP-120<\/div>\n<\/div>\n<\/div>\n<\/div>\n<\/div>\n<\/div>\n<\/div>\n<\/div>\n<\/div>\n<footer class=\"site-footer pt-0\">\n<div class=\"container-fluid\">\n<section class=\"p-0 pt-4\">\n<div class=\"row\">\n<div class=\"col-lg-4\">\n<section class=\"widget widget-light-skin\">\n<h3 class=\"widget-title\">Descarga nuestra App<\/h3>\n<p><a class=\"market-button apple-button mb-light-skin\" href=\"https:\/\/apps.apple.com\/us\/app\/tvc-mx\/id845536140\"><span class=\"mb-subtitle\">Desc\u00e1rgala en<\/span><span class=\"mb-title\">App Store<\/span><\/a>\u00a0<a class=\"market-button google-button mb-light-skin\" href=\"https:\/\/play.google.com\/store\/apps\/details?id=com.tvc.tvcmovil\"><span class=\"mb-subtitle\">Desc\u00e1rgala en<\/span><span class=\"mb-title\">Google Play<\/span><\/a><\/section>\n<\/div>\n<div class=\"col-lg-4 col-md-12\">\n<div class=\"text-center\"><i class=\"fa fa-facebook-f fa-2x\"><\/i>\u00a0<i class=\"fa fa-linkedin fa-2x\"><\/i>\u00a0<i class=\"fa fa-youtube-play fa-2x\"><\/i><\/div>\n<\/div>\n<div class=\"col-lg-4\">\n<section class=\"widget widget-light-skin\">\n<h3 class=\"widget-title\">\u00danete a nuestro newsletter<\/h3>\n<div class=\"col-sm-9\">\n<div class=\"input-group input-light\"><i class=\"icon-mail\"><\/i><\/div>\n<div aria-hidden=\"true\"><\/div>\n<\/div>\n<div class=\"col-sm-3\"><\/div>\n<\/section>\n<\/div>\n<\/div>\n<\/section>\n<div class=\"row\">\n<div class=\"col-xs-6 col-md-12\">\n<section class=\"widget widget-links no-chevrone widget-light-skin\">\n<h3 class=\"widget-title\"><\/h3>\n<div class=\"row\">\n<div class=\"col-lg-3 col-xs-6\">\n<ul>\n<li><label class=\"title-items-footer\">Nosotros<\/label><\/li>\n<li><a href=\"https:\/\/tvc.mx\/quienes-somos\">Qui\u00e9nes somos<\/a><\/li>\n<li><a href=\"https:\/\/tvc.mx\/terminos-y-condiciones\">T\u00e9rminos y condiciones<\/a><\/li>\n<li><a href=\"https:\/\/tvc.mx\/aviso-de-privacidad\">Aviso de privacidad<\/a><\/li>\n<li><a href=\"https:\/\/tvc.mx\/garantia\">Garant\u00eda DOA<\/a><\/li>\n<li><a href=\"https:\/\/tvc.mx\/sucursales\">Sucursales<\/a><\/li>\n<li><a href=\"https:\/\/tvc.mx\/contacto\">Contacto<\/a><\/li>\n<\/ul>\n<\/div>\n<div class=\"col-lg-3 col-xs-6\">\n<ul>\n<li><label class=\"title-items-footer\">Con\u00f3cenos<\/label><\/li>\n<li><a href=\"https:\/\/tvc.mx\/directorio\">Marcas<\/a><\/li>\n<li><a href=\"https:\/\/tvc.mx\/beneficios\">Beneficios de distribuidor<\/a><\/li>\n<li><a href=\"https:\/\/worldvisionmexico.org.mx\/\">Empresa socialmente responsable<\/a><\/li>\n<\/ul>\n<\/div>\n<div class=\"col-lg-3 col-xs-6\">\n<ul>\n<li><label class=\"title-items-footer\">Comunidad<\/label><\/li>\n<li><a href=\"https:\/\/foro.tvc.mx\/\">Foro<\/a><\/li>\n<li><a href=\"https:\/\/tvc.mx\/contacto\">Registro de proyectos<\/a><\/li>\n<li><a class=\"disabled\">Bolsa de trabajo<\/a><\/li>\n<\/ul>\n<\/div>\n<div class=\"col-lg-3 col-xs-6\">\n<ul>\n<li><label class=\"title-items-footer\">Novedades<\/label><\/li>\n<li><a href=\"https:\/\/tvc.mx\/catalogo\" target=\"_blank\" rel=\"noopener\">Descargar Cat\u00e1logo<\/a><\/li>\n<li><a href=\"https:\/\/www.tvc.mx\/prensa\/\">Prensa<\/a><\/li>\n<\/ul>\n<\/div>\n<\/div>\n<\/section>\n<\/div>\n<\/div>\n<div class=\"row\">\n<div class=\"col-lg-12 col-md-6\">\n<p class=\"text-center\">\u00a9 Copyrights @2000 &#8211; 2023 TVC.mx Todos los Derechos Reservados<\/p>\n<\/div>\n<\/div>\n<\/div>\n<\/footer>\n<div class=\"whatsapp-widget\"><\/div>\n","protected":false},"excerpt":{"rendered":"<p>Descripci\u00f3n General LiteAP ac cuenta con una antena MIMO 2&#215;2 y se comunica con m\u00faltiples CPEs airMAX ac dentro de un \u00e1rea de cobertura de 120 \u00b0. &nbsp; Cobertura del sector airMAX ac LiteAP ac cuenta con una antena MIMO 2&#215;2 y se comunica con&hellip;<\/p>\n","protected":false},"featured_media":5291,"comment_status":"open","ping_status":"closed","template":"","meta":{"om_disable_all_campaigns":false,"_monsterinsights_skip_tracking":false,"_monsterinsights_sitenote_active":false,"_monsterinsights_sitenote_note":"","_monsterinsights_sitenote_category":0},"product_brand":[],"product_cat":[451],"product_tag":[438,437,431,436,434,439,432,433,435,185,430],"class_list":{"0":"post-5292","1":"product","2":"type-product","3":"status-publish","4":"has-post-thumbnail","6":"product_cat-banda-5-8-ghz-enlaces-ptp-y-ptmp","7":"product_tag-controladores","8":"product_tag-fibra","9":"product_tag-networkin","10":"product_tag-poe","11":"product_tag-ptp-y-ptmp","12":"product_tag-punto-de-acceso","13":"product_tag-redes","14":"product_tag-sectoriales","15":"product_tag-switches-poe","16":"product_tag-tranceptores","17":"product_tag-ubiquiti","19":"first","20":"instock","21":"sale","22":"taxable","23":"shipping-taxable","24":"purchasable","25":"product-type-simple"},"aioseo_notices":[],"_links":{"self":[{"href":"https:\/\/tecsecmty.com\/index.php\/wp-json\/wp\/v2\/product\/5292","targetHints":{"allow":["GET"]}}],"collection":[{"href":"https:\/\/tecsecmty.com\/index.php\/wp-json\/wp\/v2\/product"}],"about":[{"href":"https:\/\/tecsecmty.com\/index.php\/wp-json\/wp\/v2\/types\/product"}],"replies":[{"embeddable":true,"href":"https:\/\/tecsecmty.com\/index.php\/wp-json\/wp\/v2\/comments?post=5292"}],"version-history":[{"count":0,"href":"https:\/\/tecsecmty.com\/index.php\/wp-json\/wp\/v2\/product\/5292\/revisions"}],"wp:featuredmedia":[{"embeddable":true,"href":"https:\/\/tecsecmty.com\/index.php\/wp-json\/wp\/v2\/media\/5291"}],"wp:attachment":[{"href":"https:\/\/tecsecmty.com\/index.php\/wp-json\/wp\/v2\/media?parent=5292"}],"wp:term":[{"taxonomy":"product_brand","embeddable":true,"href":"https:\/\/tecsecmty.com\/index.php\/wp-json\/wp\/v2\/product_brand?post=5292"},{"taxonomy":"product_cat","embeddable":true,"href":"https:\/\/tecsecmty.com\/index.php\/wp-json\/wp\/v2\/product_cat?post=5292"},{"taxonomy":"product_tag","embeddable":true,"href":"https:\/\/tecsecmty.com\/index.php\/wp-json\/wp\/v2\/product_tag?post=5292"}],"curies":[{"name":"wp","href":"https:\/\/api.w.org\/{rel}","templated":true}]}}