{"id":5300,"date":"2023-02-23T11:01:07","date_gmt":"2023-02-23T17:01:07","guid":{"rendered":"https:\/\/tecsecmty.com\/index.php\/producto\/ubiquiti-ltu-lite-cliente-ptmp-ltulite-5ghz-ideal-para-sistemas-cctv-exterior-22-dbm-antena-integrada-de-13-dbi-cctv-ofertasubiquiti-ofertasredes-sucursales\/"},"modified":"2023-03-22T23:24:31","modified_gmt":"2023-03-23T05:24:31","slug":"ubiquiti-ltu-lite-cliente-ptmp-ltulite-5ghz-ideal-para-sistemas-cctv-exterior-22-dbm-antena-integrada-de-13-dbi-cctv-ofertasubiquiti-ofertasredes-sucursales","status":"publish","type":"product","link":"https:\/\/tecsecmty.com\/index.php\/producto\/ubiquiti-ltu-lite-cliente-ptmp-ltulite-5ghz-ideal-para-sistemas-cctv-exterior-22-dbm-antena-integrada-de-13-dbi-cctv-ofertasubiquiti-ofertasredes-sucursales\/","title":{"rendered":"UBIQUITI LTU-LITE &#8211; Cliente PtMP LTULite 5GHz Ideal para Sistemas CCTV \/ Exterior \/ 22 dBm \/ Antena integrada de 13 dBi\/ #CCTV #OfertasUbiquiti #OfertasRedes #SUCURSALES"},"content":{"rendered":"<p><img decoding=\"async\" src=\"https:\/\/tvc.mx\/media\/190486\/Ubiquiti-LTU-Lite-Antena-Principal1.png\" alt=\" \" \/><\/p>\n<h2>Tecnolog\u00eda LTU propietaria<\/h2>\n<p class=\"text-muted\">\n<p class=\"ql-align-justify\">Basado en la tecnolog\u00eda LTU de Ubiquiti, el equipo no se encuentra limitado a la tecnolog\u00eda WiFi del est\u00e1ndar 802.11. La antena cuenta con un radio de arquitectura LTU silic\u00f3n lo cual provee hasta 600Mbps<strong>*<\/strong>\u00a0de rendimiento real TCP\/IP y modulaciones de hasta 4096QAM.<\/p>\n<p class=\"ql-align-justify\">El equipo LTU-LITE cuenta con una antena integrada de 13dBi, la cual es una estaci\u00f3n suscriptora que funciona como un CPE (Costumer Premises Equipment por sus siglas en ingles) para enlaces Punto a Multipunto para la integraci\u00f3n con equipos LTU Rocket en estaciones base.<\/p>\n<p class=\"ql-align-justify\">Se alimenta con Gigabit PoE 24 Vcc, 0,5 A (Incluido)*<\/p>\n<p>&nbsp;<\/p>\n<hr class=\"padding-bottom-2x\" \/>\n<div class=\"row align-items-center padding-bottom-2x\">\n<div class=\"col-md-5\"><img decoding=\"async\" class=\"d-block m-auto img-thumbnail\" src=\"https:\/\/tvc.mx\/media\/190490\/Ubiquiti-LTU-Lite-Antena-Principal2.png\" alt=\" \" \/><\/div>\n<div class=\"col-md-7 text-md-left text-center\">\n<h2>Flexibilidad de anchos de canal<\/h2>\n<p class=\"text-muted\">\n<p class=\"ql-align-justify\">Con la capacidad de modificar el ancho de canal permite tener una transmisi\u00f3n\/recepci\u00f3n independientes, la configuraci\u00f3n de frecuencias de canal en cualquier lugar dentro de la banda de radio para evitar una interferencia local.<\/p>\n<p>&nbsp;<\/p>\n<\/div>\n<\/div>\n<hr class=\"padding-bottom-2x\" \/>\n<div class=\"row align-items-center padding-bottom-2x\">\n<div class=\"col-md-5 order-md-2\"><img decoding=\"async\" class=\"d-block m-auto img-thumbnail\" src=\"https:\/\/tvc.mx\/media\/190494\/Ubiquiti-LTU-Lite-Antena-Principal3.png\" alt=\" \" \/><\/div>\n<div class=\"col-md-7 order-md-1 text-md-left text-center\">\n<h2>Diversidad de configuraciones<\/h2>\n<p class=\"text-muted\">\n<p class=\"ql-align-justify\">Dentro de la interfaz de configuraci\u00f3n LTU del equipo pueden configurar de forma manual el LTU-LITE o administrarlo desde el lado del punto de acceso utilizando la caracter\u00edstica de Find My AP. El equipo LTU-LITE autom\u00e1ticamente realizara un escaneo de los puntos de acceso que est\u00e9n utilizando el mismo ancho de canal. Seleccione el punto de acceso apropiado y posteriormente utilice para la configuraci\u00f3n de su equipo PRO.<\/p>\n<\/div>\n<\/div>\n<p>&nbsp;<\/p>\n<hr class=\"padding-bottom-2x\" \/>\n<div class=\"row align-items-center padding-bottom-2x\">\n<div class=\"col-md-5\"><img decoding=\"async\" class=\"d-block m-auto img-thumbnail\" src=\"https:\/\/tvc.mx\/media\/190502\/Ubiquiti-LTU-Lite-Antena-Principal4.png\" alt=\" \" \/><\/div>\n<div class=\"col-md-7 text-md-left text-center\">\n<h2>Dashboard para enlace Punto &#8211; Multipunto<\/h2>\n<p class=\"text-muted\">\n<p class=\"ql-align-justify\">El dashboard (tablero) ofrece vistas del mapa y zona de Fresnelpara que pueda visualizar la red. El vista del mapa muestra sus enlaces PtMP sobre puestos en una zona geogr\u00e1fica, mientras la vista de la zona Fresnel muestra el enlace calculado de su CPE seleccionado, incluyendo la l\u00ednea de vista y el 60% de la zona libre.<\/p>\n<p>&nbsp;<\/p>\n<\/div>\n<\/div>\n<hr class=\"padding-bottom-2x\" \/>\n<div class=\"row align-items-center padding-bottom-2x\">\n<div class=\"col-md-5 order-md-2\"><img decoding=\"async\" class=\"d-block m-auto img-thumbnail aligncenter\" src=\"https:\/\/tvc.mx\/media\/405779\/Captura-de-pantalla-2022-04-11-105215.png\" alt=\" \" \/><\/div>\n<div class=\"col-md-7 order-md-1 text-md-left text-center\">\n<h2>Incluye<\/h2>\n<p class=\"text-muted\">\n<ul>\n<li class=\"ql-align-justify\">LTU-LITE<\/li>\n<li class=\"ql-align-justify\">Soporte de montaje en pared<\/li>\n<li class=\"ql-align-justify\">Tornillos (cant.: 2)<\/li>\n<li class=\"ql-align-justify\">Tacos para tornillos (cant.: 2)<\/li>\n<li class=\"ql-align-justify\">Brida<\/li>\n<li class=\"ql-align-justify\">Gigabit PoE (24 Vcc, 0,5 A) con soporte de montaje<\/li>\n<li class=\"ql-align-justify\">Cable de alimentaci\u00f3n<\/li>\n<\/ul>\n<\/div>\n<\/div>\n<div class=\"row align-items-center padding-bottom-2x\">\n<p>&nbsp;<\/p>\n<\/div>\n","protected":false},"excerpt":{"rendered":"<p>Tecnolog\u00eda LTU propietaria Basado en la tecnolog\u00eda LTU de Ubiquiti, el equipo no se encuentra limitado a la tecnolog\u00eda WiFi del est\u00e1ndar 802.11. La antena cuenta con un radio de arquitectura LTU silic\u00f3n lo cual provee hasta 600Mbps*\u00a0de rendimiento real TCP\/IP y modulaciones de hasta&hellip;<\/p>\n","protected":false},"featured_media":5299,"comment_status":"open","ping_status":"closed","template":"","meta":{"om_disable_all_campaigns":false,"_monsterinsights_skip_tracking":false,"_monsterinsights_sitenote_active":false,"_monsterinsights_sitenote_note":"","_monsterinsights_sitenote_category":0},"product_brand":[],"product_cat":[451],"product_tag":[438,437,431,436,434,439,432,433,435,185,430],"class_list":{"0":"post-5300","1":"product","2":"type-product","3":"status-publish","4":"has-post-thumbnail","6":"product_cat-banda-5-8-ghz-enlaces-ptp-y-ptmp","7":"product_tag-controladores","8":"product_tag-fibra","9":"product_tag-networkin","10":"product_tag-poe","11":"product_tag-ptp-y-ptmp","12":"product_tag-punto-de-acceso","13":"product_tag-redes","14":"product_tag-sectoriales","15":"product_tag-switches-poe","16":"product_tag-tranceptores","17":"product_tag-ubiquiti","19":"first","20":"instock","21":"sale","22":"taxable","23":"shipping-taxable","24":"purchasable","25":"product-type-simple"},"aioseo_notices":[],"_links":{"self":[{"href":"https:\/\/tecsecmty.com\/index.php\/wp-json\/wp\/v2\/product\/5300","targetHints":{"allow":["GET"]}}],"collection":[{"href":"https:\/\/tecsecmty.com\/index.php\/wp-json\/wp\/v2\/product"}],"about":[{"href":"https:\/\/tecsecmty.com\/index.php\/wp-json\/wp\/v2\/types\/product"}],"replies":[{"embeddable":true,"href":"https:\/\/tecsecmty.com\/index.php\/wp-json\/wp\/v2\/comments?post=5300"}],"version-history":[{"count":0,"href":"https:\/\/tecsecmty.com\/index.php\/wp-json\/wp\/v2\/product\/5300\/revisions"}],"wp:featuredmedia":[{"embeddable":true,"href":"https:\/\/tecsecmty.com\/index.php\/wp-json\/wp\/v2\/media\/5299"}],"wp:attachment":[{"href":"https:\/\/tecsecmty.com\/index.php\/wp-json\/wp\/v2\/media?parent=5300"}],"wp:term":[{"taxonomy":"product_brand","embeddable":true,"href":"https:\/\/tecsecmty.com\/index.php\/wp-json\/wp\/v2\/product_brand?post=5300"},{"taxonomy":"product_cat","embeddable":true,"href":"https:\/\/tecsecmty.com\/index.php\/wp-json\/wp\/v2\/product_cat?post=5300"},{"taxonomy":"product_tag","embeddable":true,"href":"https:\/\/tecsecmty.com\/index.php\/wp-json\/wp\/v2\/product_tag?post=5300"}],"curies":[{"name":"wp","href":"https:\/\/api.w.org\/{rel}","templated":true}]}}