{"id":5302,"date":"2023-02-23T11:01:10","date_gmt":"2023-02-23T17:01:10","guid":{"rendered":"https:\/\/tecsecmty.com\/index.php\/producto\/ubiquiti-ltu-lr-cliente-ptmp-ltu-lr-5ghz-ideal-para-sistemas-cctv-exterior-22-dbm-antena-integrada-de-26-dbi-cctv\/"},"modified":"2023-03-22T23:24:31","modified_gmt":"2023-03-23T05:24:31","slug":"ubiquiti-ltu-lr-cliente-ptmp-ltu-lr-5ghz-ideal-para-sistemas-cctv-exterior-22-dbm-antena-integrada-de-26-dbi-cctv","status":"publish","type":"product","link":"https:\/\/tecsecmty.com\/index.php\/producto\/ubiquiti-ltu-lr-cliente-ptmp-ltu-lr-5ghz-ideal-para-sistemas-cctv-exterior-22-dbm-antena-integrada-de-26-dbi-cctv\/","title":{"rendered":"UBIQUITI LTU-LR &#8211; Cliente PtMP LTU-LR 5GHz Ideal para Sistemas CCTV \/ Exterior \/ 22 dBm \/ Antena integrada de 26 dBi\/ #CCTV"},"content":{"rendered":"<p><img decoding=\"async\" class=\"aligncenter\" src=\"https:\/\/tvc.mx\/media\/316187\/1.png\" alt=\" \" \/><\/p>\n<h2>UBIQUITI LTU-LR<\/h2>\n<p class=\"text-muted\">\n<p>Al incorporar un dise\u00f1o industrial innovador con tecnolog\u00eda avanzada, el LTU LR es un radio 5 GHz con una antena integrada dise\u00f1ada para usarse como un CPE.<\/p>\n<p>Tecnolog\u00eda LTU que rompe las limitaciones de la tecnolog\u00eda Wi-Fi 802.11 y admite 1024QAM para un alto rendimiento y ancho de banda flexible (10\/20\/30\/40\/50 MHz).<\/p>\n<p>Basado en la tecnolog\u00eda LTU de Ubiquiti, el LTU Lite no est\u00e1 impedido por las limitaciones de la tecnolog\u00eda Wi-Fi est\u00e1ndar 802.11. La arquitectura de radio y silicio LTU proporciona hasta 600 Mbps de rendimiento TCP\/IP y tasas de modulaci\u00f3n de hasta 4096 QAM2.<\/p>\n<p>&nbsp;<\/p>\n<div class=\"row align-items-center padding-bottom-2x\">\n<div class=\"col-md-5\"><img decoding=\"async\" class=\"d-block m-auto img-thumbnail aligncenter\" src=\"https:\/\/tvc.mx\/media\/508340\/LTU-LR_Back_Angle_7fdaf09c-03e1-42a9-a1d9-ba97230537dc_grande.png\" alt=\" \" \/><\/div>\n<div class=\"col-md-7 text-md-left text-center\">\n<h2>Principales Caracter\u00edsticas<\/h2>\n<p class=\"text-muted\">\n<ul>\n<li>PtMP CPE<\/li>\n<li>Ganancia 26DBi<\/li>\n<li>Potencia 22dBm<\/li>\n<li>1024 QAM<\/li>\n<li>Ancho de banda de canal de 10\/20\/30\/40\/50 MHz<\/li>\n<li>Divisi\u00f3n de frecuencia<\/li>\n<li>Ajustes autom\u00e1ticos de potencia<\/li>\n<li>Soporte de modo de enrutador<\/li>\n<li>Alcance hasta 30 km<\/li>\n<li>Funciona en un entorno PtMP con LTU-Rocket como estaci\u00f3n base<\/li>\n<li>Se alimenta con Gigabit PoE 24 V, 0,5 A (Incluido)<\/li>\n<\/ul>\n<p>&nbsp;<\/p>\n<\/div>\n<\/div>\n<hr class=\"padding-bottom-2x\" \/>\n<div class=\"row align-items-center padding-bottom-2x\">\n<div class=\"col-md-5 order-md-2\"><img decoding=\"async\" class=\"d-block m-auto img-thumbnail aligncenter\" src=\"https:\/\/tvc.mx\/media\/508342\/LTU-LR_Port_1abcbfc6-1dce-4ce4-b90c-8ab133953fe8_grande.png\" alt=\" \" \/><\/div>\n<div class=\"col-md-7 order-md-1 text-md-left text-center\">\n<h2>Incluye<\/h2>\n<p class=\"text-muted\">\n<ul>\n<li>Bocina de alimentaci\u00f3n<\/li>\n<li>Panel reflector central<\/li>\n<li>Paneles reflectores laterales (cant.: 2)<\/li>\n<li>Soporte de montaje<\/li>\n<li>Carcasa trasera<\/li>\n<li>Paneles de giro (cant.: 2)<\/li>\n<li>Tornillos M4 SEM (cant.: 8)<\/li>\n<li>Tornillos M8 SEM (cant.: 4)<\/li>\n<li>Tiras de metal (cant.: 3)<\/li>\n<li>Gigabit PoE (24\u00a0Vcc, 0.5\u00a0A) con soporte de montaje<\/li>\n<li>Cable de alimentaci\u00f3n<\/li>\n<\/ul>\n<\/div>\n<\/div>\n","protected":false},"excerpt":{"rendered":"<p>UBIQUITI LTU-LR Al incorporar un dise\u00f1o industrial innovador con tecnolog\u00eda avanzada, el LTU LR es un radio 5 GHz con una antena integrada dise\u00f1ada para usarse como un CPE. Tecnolog\u00eda LTU que rompe las limitaciones de la tecnolog\u00eda Wi-Fi 802.11 y admite 1024QAM para un&hellip;<\/p>\n","protected":false},"featured_media":5301,"comment_status":"open","ping_status":"closed","template":"","meta":{"om_disable_all_campaigns":false,"_monsterinsights_skip_tracking":false,"_monsterinsights_sitenote_active":false,"_monsterinsights_sitenote_note":"","_monsterinsights_sitenote_category":0},"product_brand":[],"product_cat":[451],"product_tag":[438,437,431,436,434,439,432,433,435,185,430],"class_list":{"0":"post-5302","1":"product","2":"type-product","3":"status-publish","4":"has-post-thumbnail","6":"product_cat-banda-5-8-ghz-enlaces-ptp-y-ptmp","7":"product_tag-controladores","8":"product_tag-fibra","9":"product_tag-networkin","10":"product_tag-poe","11":"product_tag-ptp-y-ptmp","12":"product_tag-punto-de-acceso","13":"product_tag-redes","14":"product_tag-sectoriales","15":"product_tag-switches-poe","16":"product_tag-tranceptores","17":"product_tag-ubiquiti","19":"first","20":"instock","21":"sale","22":"taxable","23":"shipping-taxable","24":"purchasable","25":"product-type-simple"},"aioseo_notices":[],"_links":{"self":[{"href":"https:\/\/tecsecmty.com\/index.php\/wp-json\/wp\/v2\/product\/5302","targetHints":{"allow":["GET"]}}],"collection":[{"href":"https:\/\/tecsecmty.com\/index.php\/wp-json\/wp\/v2\/product"}],"about":[{"href":"https:\/\/tecsecmty.com\/index.php\/wp-json\/wp\/v2\/types\/product"}],"replies":[{"embeddable":true,"href":"https:\/\/tecsecmty.com\/index.php\/wp-json\/wp\/v2\/comments?post=5302"}],"version-history":[{"count":0,"href":"https:\/\/tecsecmty.com\/index.php\/wp-json\/wp\/v2\/product\/5302\/revisions"}],"wp:featuredmedia":[{"embeddable":true,"href":"https:\/\/tecsecmty.com\/index.php\/wp-json\/wp\/v2\/media\/5301"}],"wp:attachment":[{"href":"https:\/\/tecsecmty.com\/index.php\/wp-json\/wp\/v2\/media?parent=5302"}],"wp:term":[{"taxonomy":"product_brand","embeddable":true,"href":"https:\/\/tecsecmty.com\/index.php\/wp-json\/wp\/v2\/product_brand?post=5302"},{"taxonomy":"product_cat","embeddable":true,"href":"https:\/\/tecsecmty.com\/index.php\/wp-json\/wp\/v2\/product_cat?post=5302"},{"taxonomy":"product_tag","embeddable":true,"href":"https:\/\/tecsecmty.com\/index.php\/wp-json\/wp\/v2\/product_tag?post=5302"}],"curies":[{"name":"wp","href":"https:\/\/api.w.org\/{rel}","templated":true}]}}